{"id":4033409,"date":"2026-04-27T01:20:09","date_gmt":"2026-04-26T23:20:09","guid":{"rendered":"https:\/\/streetmarkets.fr\/app\/produit\/mini-pince-a-cheveux-campanule\/"},"modified":"2026-05-11T01:19:01","modified_gmt":"2026-05-10T23:19:01","slug":"mini-pince-a-cheveux-campanule","status":"publish","type":"product","link":"https:\/\/streetmarkets.fr\/app\/produit\/mini-pince-a-cheveux-campanule\/","title":{"rendered":"Mini-pince \u00e0 cheveux Campanule"},"content":{"rendered":"<div id=\"product-description-short-41\" class=\"rte-content\">\n <a href=\"\/collections\/coucou-suzette\" title=\"Collection Coucou Suzette\"><strong>Collection Coucou Suzette<\/strong><\/a>\n<\/div>\n<div class=\"rte-content\">\n<strong><\/strong>\n<\/div>\n<div class=\"rte-content\">\n<div id=\"product-description-short-123\" class=\"rte-content\">\n<p><span>La fleur qu\u2019on adore croiser dans nos balades \u00e0 travers champs : la campanule pardi ! Cette petite rend les paysages instantan\u00e9ment bucoliques, et elle fait le m\u00eame effet agripp\u00e9e dans nos cheveux. Hop, nous voil\u00e0 transform\u00e9.e.s en f\u00e9e des bois !<\/span><\/p>\n<div class=\"rte-content\">\n<div class=\"rte-content\" id=\"product-description-short-123\">\n<p>Cette\u00a0pince\u00a0est faite \u00e0 partir d&#8217;Acetate de Cellulose recycl\u00e9e &amp; biod\u00e9gradable (Eco-Friendly).<\/p>\n<ul>\n<li><em><span>Composition : ac\u00e9tate de cellulose<\/span><\/em><\/li>\n<li><em>Chaque cr\u00e9ation est unique, la couleur peut varier l\u00e9g\u00e8rement selon le morceau d&#8217;ac\u00e9tate utilis\u00e9<\/em><\/li>\n<li><em>Type d\u2019attache :<span>\u00a0<\/span>dents en ac\u00e9tate<\/em><\/li>\n<li><em><span>Fabriqu\u00e9e en Chine dans une usine audit\u00e9e<\/span><\/em><\/li>\n<li><em>Conseils d\u2019utilisation : \u00e9viter le contact avec l\u2019eau<\/em><\/li>\n<\/ul>\n<p>Dimensions : environ 4,2 cm x 3,3 cm<\/p>\n<\/div>\n<\/div>\n<\/div>\n<\/div>\n","protected":false},"excerpt":{"rendered":"<p>Collection Coucou Suzette La fleur qu\u2019on adore croiser dans nos balades \u00e0 travers champs : la campanule pardi ! Cette petite rend les paysages instantan\u00e9ment bucoliques, et elle fait le m\u00eame effet agripp\u00e9e dans nos cheveux. Hop, nous voil\u00e0 transform\u00e9.e.s en f\u00e9e des bois ! Cette\u00a0pince\u00a0est faite \u00e0 partir d&#8217;Acetate de Cellulose recycl\u00e9e &amp; biod\u00e9gradable [&hellip;]<\/p>\n","protected":false},"featured_media":4033410,"comment_status":"open","ping_status":"closed","template":"","meta":[],"product_brand":[],"product_cat":[],"product_tag":[],"acf":[],"_links":{"self":[{"href":"https:\/\/streetmarkets.fr\/app\/wp-json\/wp\/v2\/product\/4033409"}],"collection":[{"href":"https:\/\/streetmarkets.fr\/app\/wp-json\/wp\/v2\/product"}],"about":[{"href":"https:\/\/streetmarkets.fr\/app\/wp-json\/wp\/v2\/types\/product"}],"replies":[{"embeddable":true,"href":"https:\/\/streetmarkets.fr\/app\/wp-json\/wp\/v2\/comments?post=4033409"}],"wp:featuredmedia":[{"embeddable":true,"href":"https:\/\/streetmarkets.fr\/app\/wp-json\/wp\/v2\/media\/4033410"}],"wp:attachment":[{"href":"https:\/\/streetmarkets.fr\/app\/wp-json\/wp\/v2\/media?parent=4033409"}],"wp:term":[{"taxonomy":"product_brand","embeddable":true,"href":"https:\/\/streetmarkets.fr\/app\/wp-json\/wp\/v2\/product_brand?post=4033409"},{"taxonomy":"product_cat","embeddable":true,"href":"https:\/\/streetmarkets.fr\/app\/wp-json\/wp\/v2\/product_cat?post=4033409"},{"taxonomy":"product_tag","embeddable":true,"href":"https:\/\/streetmarkets.fr\/app\/wp-json\/wp\/v2\/product_tag?post=4033409"}],"curies":[{"name":"wp","href":"https:\/\/api.w.org\/{rel}","templated":true}]}}