{"id":4033368,"date":"2026-04-27T01:20:08","date_gmt":"2026-04-26T23:20:08","guid":{"rendered":"https:\/\/streetmarkets.fr\/app\/produit\/pareo-bouquet-pop-pink\/"},"modified":"2026-05-16T01:19:11","modified_gmt":"2026-05-15T23:19:11","slug":"pareo-bouquet-pop-pink","status":"publish","type":"product","link":"https:\/\/streetmarkets.fr\/app\/produit\/pareo-bouquet-pop-pink\/","title":{"rendered":"Par\u00e9o Bouquet Pop Pink"},"content":{"rendered":"<p><a href=\"\/collections\/moismont\" title=\"Collection Moismont\"><strong>Collection Moismont<\/strong><\/a><\/p>\n<p><span>Le par\u00e9o Bouquet est une pi\u00e8ce a\u00e9rienne qui incarne la douceur estivale. Confectionn\u00e9 en voile de coton l\u00e9ger, il s\u00e9duit par son imprim\u00e9 fleuri tricolore, d\u00e9licat et expressif. Ses bords frang\u00e9s apportent une touche d\u00e9contract\u00e9e, soulignant son esprit naturel. Avec son format de 100 \u00d7 200 cm, il se noue en par\u00e9o, se porte en \u00e9tole ou accompagne vos silhouettes estivales.<\/span><\/p>\n<ul>\n<li><span>Dimensions : 100 x 200 cm, format g\u00e9n\u00e9reux<\/span><\/li>\n<li>\n<span>Composition : 100% voile de coton, l\u00e9ger et doux<\/span>\n<\/li>\n<li>Imprim\u00e9 fleuri tricolore, d\u00e9licat et lumineux<\/li>\n<li>Bords frang\u00e9s, finition d\u00e9contract\u00e9e<\/li>\n<li><span>Dessin\u00e9 en France<br \/><\/span><\/li>\n<li>\n<span>Fabriqu\u00e9 de mani\u00e8re artisanale en Inde<\/span><span><br \/><\/span>\n<\/li>\n<li><span>Le par\u00e9o peut comporter quelques irr\u00e9gularit\u00e9s qui font tout le charme de sa conception artisanale.<\/span><\/li>\n<\/ul>\n<p><span><em>Le coton est une fibre naturelle qui n\u00e9cessite un entretien simple. Pour pr\u00e9server votre foulard, lavez-le \u00e0 30\u00b0C maximum avec des couleurs similaires. Blanchiment d\u00e9conseill\u00e9. S\u00e9chage \u00e0 l\u2019air libre et repassage doux max 110\u00b0.<\/em><\/span><\/p>\n","protected":false},"excerpt":{"rendered":"<p>Collection Moismont Le par\u00e9o Bouquet est une pi\u00e8ce a\u00e9rienne qui incarne la douceur estivale. Confectionn\u00e9 en voile de coton l\u00e9ger, il s\u00e9duit par son imprim\u00e9 fleuri tricolore, d\u00e9licat et expressif. Ses bords frang\u00e9s apportent une touche d\u00e9contract\u00e9e, soulignant son esprit naturel. Avec son format de 100 \u00d7 200 cm, il se noue en par\u00e9o, se [&hellip;]<\/p>\n","protected":false},"featured_media":4033369,"comment_status":"open","ping_status":"closed","template":"","meta":[],"product_brand":[],"product_cat":[],"product_tag":[],"acf":[],"_links":{"self":[{"href":"https:\/\/streetmarkets.fr\/app\/wp-json\/wp\/v2\/product\/4033368"}],"collection":[{"href":"https:\/\/streetmarkets.fr\/app\/wp-json\/wp\/v2\/product"}],"about":[{"href":"https:\/\/streetmarkets.fr\/app\/wp-json\/wp\/v2\/types\/product"}],"replies":[{"embeddable":true,"href":"https:\/\/streetmarkets.fr\/app\/wp-json\/wp\/v2\/comments?post=4033368"}],"wp:featuredmedia":[{"embeddable":true,"href":"https:\/\/streetmarkets.fr\/app\/wp-json\/wp\/v2\/media\/4033369"}],"wp:attachment":[{"href":"https:\/\/streetmarkets.fr\/app\/wp-json\/wp\/v2\/media?parent=4033368"}],"wp:term":[{"taxonomy":"product_brand","embeddable":true,"href":"https:\/\/streetmarkets.fr\/app\/wp-json\/wp\/v2\/product_brand?post=4033368"},{"taxonomy":"product_cat","embeddable":true,"href":"https:\/\/streetmarkets.fr\/app\/wp-json\/wp\/v2\/product_cat?post=4033368"},{"taxonomy":"product_tag","embeddable":true,"href":"https:\/\/streetmarkets.fr\/app\/wp-json\/wp\/v2\/product_tag?post=4033368"}],"curies":[{"name":"wp","href":"https:\/\/api.w.org\/{rel}","templated":true}]}}