{"id":4033288,"date":"2026-04-27T01:20:01","date_gmt":"2026-04-26T23:20:01","guid":{"rendered":"https:\/\/streetmarkets.fr\/app\/produit\/creoles-claudia-fuchsia\/"},"modified":"2026-05-02T01:20:47","modified_gmt":"2026-05-01T23:20:47","slug":"creoles-claudia-fuchsia","status":"publish","type":"product","link":"https:\/\/streetmarkets.fr\/app\/produit\/creoles-claudia-fuchsia\/","title":{"rendered":"Cr\u00e9oles Claudia Fuchsia"},"content":{"rendered":"<h4><a title=\"Collection Waekura\" href=\"https:\/\/frenchtouche.com\/collections\/waekura\">Collection Waekura<\/a><\/h4>\n<p><span>Mini cr\u00e9oles en plaqu\u00e9 or serties de zircons.<\/span><\/p>\n<ul>\n<li><span>En plaqu\u00e9 or 3 microns et zircons de couleur<\/span><\/li>\n<li><span data-mce-fragment=\"1\">Diam\u00e8tre : 15 mm<\/span><\/li>\n<li>Livr\u00e9es dans un pochon en coton<\/li>\n<\/ul>\n<p class=\"p1\"><em>Tous les bijoux Waekura r\u00e9sistent \u00e0 l&#8217;eau, au temps, et ne noircissent pas. Ils sont hypoallerg\u00e9niques et garantis 1 an.<\/em><\/p>\n<p class=\"p1\"><em> <span>Pour garder vos bijoux le plus longtemps possible, \u00e9vitez de les mettre en contact de produits chimiques, cosm\u00e9tiques, ou parfums.<\/span><br \/><span>Ne les portez pas pendant vos bains de mer ou pendant votre s\u00e9ance de sport, et rangez-les dans dans leur petit pochon en coton.<\/span><br \/><span>Pour nettoyer un bijou, un simple chiffon doux et sec permettra de raviver son \u00e9clat.<\/span><\/em><\/p>\n","protected":false},"excerpt":{"rendered":"<p>Collection Waekura Mini cr\u00e9oles en plaqu\u00e9 or serties de zircons. En plaqu\u00e9 or 3 microns et zircons de couleur Diam\u00e8tre : 15 mm Livr\u00e9es dans un pochon en coton Tous les bijoux Waekura r\u00e9sistent \u00e0 l&#8217;eau, au temps, et ne noircissent pas. Ils sont hypoallerg\u00e9niques et garantis 1 an. Pour garder vos bijoux le plus [&hellip;]<\/p>\n","protected":false},"featured_media":4033289,"comment_status":"open","ping_status":"closed","template":"","meta":[],"product_brand":[],"product_cat":[],"product_tag":[],"acf":[],"_links":{"self":[{"href":"https:\/\/streetmarkets.fr\/app\/wp-json\/wp\/v2\/product\/4033288"}],"collection":[{"href":"https:\/\/streetmarkets.fr\/app\/wp-json\/wp\/v2\/product"}],"about":[{"href":"https:\/\/streetmarkets.fr\/app\/wp-json\/wp\/v2\/types\/product"}],"replies":[{"embeddable":true,"href":"https:\/\/streetmarkets.fr\/app\/wp-json\/wp\/v2\/comments?post=4033288"}],"wp:featuredmedia":[{"embeddable":true,"href":"https:\/\/streetmarkets.fr\/app\/wp-json\/wp\/v2\/media\/4033289"}],"wp:attachment":[{"href":"https:\/\/streetmarkets.fr\/app\/wp-json\/wp\/v2\/media?parent=4033288"}],"wp:term":[{"taxonomy":"product_brand","embeddable":true,"href":"https:\/\/streetmarkets.fr\/app\/wp-json\/wp\/v2\/product_brand?post=4033288"},{"taxonomy":"product_cat","embeddable":true,"href":"https:\/\/streetmarkets.fr\/app\/wp-json\/wp\/v2\/product_cat?post=4033288"},{"taxonomy":"product_tag","embeddable":true,"href":"https:\/\/streetmarkets.fr\/app\/wp-json\/wp\/v2\/product_tag?post=4033288"}],"curies":[{"name":"wp","href":"https:\/\/api.w.org\/{rel}","templated":true}]}}