{"id":4033280,"date":"2026-04-27T01:19:24","date_gmt":"2026-04-26T23:19:24","guid":{"rendered":"https:\/\/streetmarkets.fr\/app\/produit\/tote-bag-pisa-indigo\/"},"modified":"2026-05-04T01:28:26","modified_gmt":"2026-05-03T23:28:26","slug":"tote-bag-pisa-indigo","status":"publish","type":"product","link":"https:\/\/streetmarkets.fr\/app\/produit\/tote-bag-pisa-indigo\/","title":{"rendered":"Tote-Bag Pisa Indigo"},"content":{"rendered":"<p><a title=\"Collection Moismont\" href=\"\/collections\/moismont\"><strong>Collection Moismont<\/strong><\/a><\/p>\n<p><span>Le sac cabas en coton est parfait pour votre quotidien. Pratique et versatile, il vous suit partout et permet d&#8217;organiser vos affaires entre sa grande poche interne lat\u00e9rale et sa poche portable ou cl\u00e9s<\/span><span>. Sa double anse vous permet de l&#8217;enfiler sur l&#8217;\u00e9paule, ou de le porter en sac \u00e0 main.\u00a0<\/span><\/p>\n<ul>\n<li>Dimensions : environ 20 x 46 x 32 cm<\/li>\n<li>\n  <span>Doubles anses<\/span>\n<\/li>\n<li><span>Grande poche int\u00e9rieure<\/span><\/li>\n<li><span>Poche t\u00e9l\u00e9phone\/cl\u00e9s<\/span><\/li>\n<li>\n<span>Composition :\u00a0<\/span>100 % coton\n<\/li>\n<\/ul>\n<p><span>Dessin\u00e9 in France<br \/>Fabriqu\u00e9 artisanalement en Inde<\/span><\/p>\n<p><span>Le cabas n\u00b046 peut comporter quelques irr\u00e9gularit\u00e9s qui font tout le charme de sa conception artisanale.<\/span><\/p>\n<p><span>Pour pr\u00e9server votre cabas, nous vous conseillons de le laver \u00e0 la main d\u00e9licatement.<\/span><br \/><span>&#8211; Blanchiment interdit<\/span><br \/><span>&#8211; Repassage interdit<\/span><br \/><span>&#8211; S\u00e9chage tambour interdit<\/span><br \/><span>&#8211; Nettoyage \u00e0 sec recommand\u00e9<\/span><\/p>\n","protected":false},"excerpt":{"rendered":"<p>Collection Moismont Le sac cabas en coton est parfait pour votre quotidien. Pratique et versatile, il vous suit partout et permet d&#8217;organiser vos affaires entre sa grande poche interne lat\u00e9rale et sa poche portable ou cl\u00e9s. Sa double anse vous permet de l&#8217;enfiler sur l&#8217;\u00e9paule, ou de le porter en sac \u00e0 main.\u00a0 Dimensions : [&hellip;]<\/p>\n","protected":false},"featured_media":4033281,"comment_status":"open","ping_status":"closed","template":"","meta":[],"product_brand":[],"product_cat":[],"product_tag":[],"acf":[],"_links":{"self":[{"href":"https:\/\/streetmarkets.fr\/app\/wp-json\/wp\/v2\/product\/4033280"}],"collection":[{"href":"https:\/\/streetmarkets.fr\/app\/wp-json\/wp\/v2\/product"}],"about":[{"href":"https:\/\/streetmarkets.fr\/app\/wp-json\/wp\/v2\/types\/product"}],"replies":[{"embeddable":true,"href":"https:\/\/streetmarkets.fr\/app\/wp-json\/wp\/v2\/comments?post=4033280"}],"wp:featuredmedia":[{"embeddable":true,"href":"https:\/\/streetmarkets.fr\/app\/wp-json\/wp\/v2\/media\/4033281"}],"wp:attachment":[{"href":"https:\/\/streetmarkets.fr\/app\/wp-json\/wp\/v2\/media?parent=4033280"}],"wp:term":[{"taxonomy":"product_brand","embeddable":true,"href":"https:\/\/streetmarkets.fr\/app\/wp-json\/wp\/v2\/product_brand?post=4033280"},{"taxonomy":"product_cat","embeddable":true,"href":"https:\/\/streetmarkets.fr\/app\/wp-json\/wp\/v2\/product_cat?post=4033280"},{"taxonomy":"product_tag","embeddable":true,"href":"https:\/\/streetmarkets.fr\/app\/wp-json\/wp\/v2\/product_tag?post=4033280"}],"curies":[{"name":"wp","href":"https:\/\/api.w.org\/{rel}","templated":true}]}}