{"id":4033248,"date":"2026-04-27T01:14:03","date_gmt":"2026-04-26T23:14:03","guid":{"rendered":"https:\/\/streetmarkets.fr\/app\/produit\/mini-creoles-torsade\/"},"modified":"2026-05-02T01:15:24","modified_gmt":"2026-05-01T23:15:24","slug":"mini-creoles-torsade","status":"publish","type":"product","link":"https:\/\/streetmarkets.fr\/app\/produit\/mini-creoles-torsade\/","title":{"rendered":"Mini Cr\u00e9oles Torsade"},"content":{"rendered":"<h4><a title=\"Collection Waekura\" href=\"https:\/\/frenchtouche.com\/collections\/waekura\">Collection Waekura<\/a><\/h4>\n<p data-mce-fragment=\"1\">Mini cr\u00e9oles torsad\u00e9es en plaqu\u00e9 or, un classique \u00e0 avoir !<\/p>\n<p data-mce-fragment=\"1\"><span>En plaqu\u00e9 or 3 microns.<\/span><\/p>\n<p data-mce-fragment=\"1\"><span>\u00c9paisseur : 2 mm.<\/span><br \/><span>Diam\u00e8tre int\u00e9rieur : 8 mm.<\/span><br \/><span>Diam\u00e8tre ext\u00e9rieur : 12 mm.<\/span><\/p>\n<p class=\"p1\">Livr\u00e9es dans un pochon en coton.<\/p>\n<p class=\"p1\"><em>Tous les bijoux Waekura r\u00e9sistent \u00e0 l&#8217;eau, au temps, et ne noircissent pas. Ils sont hypoallerg\u00e9niques et garantis 1 an.<\/em><\/p>\n<p class=\"p1\"><em> <span>Pour garder vos bijoux le plus longtemps possible, \u00e9vitez de les mettre en contact de produits chimiques, cosm\u00e9tiques, ou parfums.<\/span><br \/><span>Ne les portez pas pendant vos bains de mer ou pendant votre s\u00e9ance de sport, et rangez-les dans dans leur petit pochon en coton.<\/span><br \/><span>Pour nettoyer un bijou, un simple chiffon doux et sec permettra de raviver son \u00e9clat.<\/span><\/em><\/p>\n","protected":false},"excerpt":{"rendered":"<p>Collection Waekura Mini cr\u00e9oles torsad\u00e9es en plaqu\u00e9 or, un classique \u00e0 avoir ! En plaqu\u00e9 or 3 microns. \u00c9paisseur : 2 mm.Diam\u00e8tre int\u00e9rieur : 8 mm.Diam\u00e8tre ext\u00e9rieur : 12 mm. Livr\u00e9es dans un pochon en coton. Tous les bijoux Waekura r\u00e9sistent \u00e0 l&#8217;eau, au temps, et ne noircissent pas. Ils sont hypoallerg\u00e9niques et garantis 1 [&hellip;]<\/p>\n","protected":false},"featured_media":4033249,"comment_status":"open","ping_status":"closed","template":"","meta":[],"product_brand":[],"product_cat":[],"product_tag":[],"acf":[],"_links":{"self":[{"href":"https:\/\/streetmarkets.fr\/app\/wp-json\/wp\/v2\/product\/4033248"}],"collection":[{"href":"https:\/\/streetmarkets.fr\/app\/wp-json\/wp\/v2\/product"}],"about":[{"href":"https:\/\/streetmarkets.fr\/app\/wp-json\/wp\/v2\/types\/product"}],"replies":[{"embeddable":true,"href":"https:\/\/streetmarkets.fr\/app\/wp-json\/wp\/v2\/comments?post=4033248"}],"wp:featuredmedia":[{"embeddable":true,"href":"https:\/\/streetmarkets.fr\/app\/wp-json\/wp\/v2\/media\/4033249"}],"wp:attachment":[{"href":"https:\/\/streetmarkets.fr\/app\/wp-json\/wp\/v2\/media?parent=4033248"}],"wp:term":[{"taxonomy":"product_brand","embeddable":true,"href":"https:\/\/streetmarkets.fr\/app\/wp-json\/wp\/v2\/product_brand?post=4033248"},{"taxonomy":"product_cat","embeddable":true,"href":"https:\/\/streetmarkets.fr\/app\/wp-json\/wp\/v2\/product_cat?post=4033248"},{"taxonomy":"product_tag","embeddable":true,"href":"https:\/\/streetmarkets.fr\/app\/wp-json\/wp\/v2\/product_tag?post=4033248"}],"curies":[{"name":"wp","href":"https:\/\/api.w.org\/{rel}","templated":true}]}}