{"id":4033242,"date":"2026-04-27T01:14:03","date_gmt":"2026-04-26T23:14:03","guid":{"rendered":"https:\/\/streetmarkets.fr\/app\/produit\/mini-creoles-lavande\/"},"modified":"2026-05-06T01:14:04","modified_gmt":"2026-05-05T23:14:04","slug":"mini-creoles-lavande","status":"publish","type":"product","link":"https:\/\/streetmarkets.fr\/app\/produit\/mini-creoles-lavande\/","title":{"rendered":"Mini Cr\u00e9oles Lavande"},"content":{"rendered":"<h4><a href=\"https:\/\/frenchtouche.com\/collections\/waekura\" title=\"Collection Waekura\">Collection Waekura<\/a><\/h4>\n<p><span>Mini cr\u00e9oles en plaqu\u00e9 or serties de zircons. <\/span><span>\u00c0 porter sur n&#8217;importe quel endroit de l&#8217;oreille !<\/span><\/p>\n<ul>\n<li><span>En plaqu\u00e9 or 3 microns et zircons de couleur<\/span><\/li>\n<li><span data-mce-fragment=\"1\">Diam\u00e8tre int\u00e9rieur : 8 mm<\/span><\/li>\n<li><span data-mce-fragment=\"1\">Diam\u00e8tre cr\u00e9ole : 11 mm<\/span><\/li>\n<li class=\"p1\">Livr\u00e9es dans un pochon en coton<\/li>\n<\/ul>\n<p class=\"p1\"><em>Tous les bijoux Waekura r\u00e9sistent \u00e0 l&#8217;eau, au temps, et ne noircissent pas. Ils sont hypoallerg\u00e9niques et garantis 1 an.<\/em><\/p>\n<p class=\"p1\"><em> <span>Pour garder vos bijoux le plus longtemps possible, \u00e9vitez de les mettre en contact de produits chimiques, cosm\u00e9tiques, ou parfums.<\/span><br \/><span>Ne les portez pas pendant vos bains de mer ou pendant votre s\u00e9ance de sport, et rangez-les dans dans leur petit pochon en coton.<\/span><br \/><span>Pour nettoyer un bijou, un simple chiffon doux et sec permettra de raviver son \u00e9clat.<\/span><\/em><\/p>\n","protected":false},"excerpt":{"rendered":"<p>Collection Waekura Mini cr\u00e9oles en plaqu\u00e9 or serties de zircons. \u00c0 porter sur n&#8217;importe quel endroit de l&#8217;oreille ! En plaqu\u00e9 or 3 microns et zircons de couleur Diam\u00e8tre int\u00e9rieur : 8 mm Diam\u00e8tre cr\u00e9ole : 11 mm Livr\u00e9es dans un pochon en coton Tous les bijoux Waekura r\u00e9sistent \u00e0 l&#8217;eau, au temps, et ne [&hellip;]<\/p>\n","protected":false},"featured_media":4033243,"comment_status":"open","ping_status":"closed","template":"","meta":[],"product_brand":[],"product_cat":[],"product_tag":[],"acf":[],"_links":{"self":[{"href":"https:\/\/streetmarkets.fr\/app\/wp-json\/wp\/v2\/product\/4033242"}],"collection":[{"href":"https:\/\/streetmarkets.fr\/app\/wp-json\/wp\/v2\/product"}],"about":[{"href":"https:\/\/streetmarkets.fr\/app\/wp-json\/wp\/v2\/types\/product"}],"replies":[{"embeddable":true,"href":"https:\/\/streetmarkets.fr\/app\/wp-json\/wp\/v2\/comments?post=4033242"}],"wp:featuredmedia":[{"embeddable":true,"href":"https:\/\/streetmarkets.fr\/app\/wp-json\/wp\/v2\/media\/4033243"}],"wp:attachment":[{"href":"https:\/\/streetmarkets.fr\/app\/wp-json\/wp\/v2\/media?parent=4033242"}],"wp:term":[{"taxonomy":"product_brand","embeddable":true,"href":"https:\/\/streetmarkets.fr\/app\/wp-json\/wp\/v2\/product_brand?post=4033242"},{"taxonomy":"product_cat","embeddable":true,"href":"https:\/\/streetmarkets.fr\/app\/wp-json\/wp\/v2\/product_cat?post=4033242"},{"taxonomy":"product_tag","embeddable":true,"href":"https:\/\/streetmarkets.fr\/app\/wp-json\/wp\/v2\/product_tag?post=4033242"}],"curies":[{"name":"wp","href":"https:\/\/api.w.org\/{rel}","templated":true}]}}