{"id":4033217,"date":"2026-04-26T08:41:10","date_gmt":"2026-04-26T06:41:10","guid":{"rendered":"https:\/\/streetmarkets.fr\/app\/produit\/sac-santa-maria-dark-brown-dragon-diffusion\/"},"modified":"2026-05-05T08:40:52","modified_gmt":"2026-05-05T06:40:52","slug":"sac-santa-maria-dark-brown-dragon-diffusion","status":"publish","type":"product","link":"https:\/\/streetmarkets.fr\/app\/produit\/sac-santa-maria-dark-brown-dragon-diffusion\/","title":{"rendered":"Sac santa maria dark brown- Dragon Diffusion"},"content":{"rendered":"<p>Nouveau mod\u00e8le chez Dragon diffusion !<\/p>\n<p>Sac tress\u00e9 avec rabat et fermeture aimant\u00e9e, une anse unique pour un port\u00e9 \u00e9paule ou main.\u00a0\u00a0<\/p>\n<p>Taille &amp; Coupe :\u00a0Largeur : 38 cm.<br \/>Hauteur : 24 cm.<\/p>\n","protected":false},"excerpt":{"rendered":"<p>Nouveau mod\u00e8le chez Dragon diffusion ! Sac tress\u00e9 avec rabat et fermeture aimant\u00e9e, une anse unique pour un port\u00e9 \u00e9paule ou main.\u00a0\u00a0 Taille &amp; Coupe :\u00a0Largeur : 38 cm.Hauteur : 24 cm.<\/p>\n","protected":false},"featured_media":4033218,"comment_status":"open","ping_status":"closed","template":"","meta":[],"product_brand":[],"product_cat":[],"product_tag":[],"acf":[],"_links":{"self":[{"href":"https:\/\/streetmarkets.fr\/app\/wp-json\/wp\/v2\/product\/4033217"}],"collection":[{"href":"https:\/\/streetmarkets.fr\/app\/wp-json\/wp\/v2\/product"}],"about":[{"href":"https:\/\/streetmarkets.fr\/app\/wp-json\/wp\/v2\/types\/product"}],"replies":[{"embeddable":true,"href":"https:\/\/streetmarkets.fr\/app\/wp-json\/wp\/v2\/comments?post=4033217"}],"wp:featuredmedia":[{"embeddable":true,"href":"https:\/\/streetmarkets.fr\/app\/wp-json\/wp\/v2\/media\/4033218"}],"wp:attachment":[{"href":"https:\/\/streetmarkets.fr\/app\/wp-json\/wp\/v2\/media?parent=4033217"}],"wp:term":[{"taxonomy":"product_brand","embeddable":true,"href":"https:\/\/streetmarkets.fr\/app\/wp-json\/wp\/v2\/product_brand?post=4033217"},{"taxonomy":"product_cat","embeddable":true,"href":"https:\/\/streetmarkets.fr\/app\/wp-json\/wp\/v2\/product_cat?post=4033217"},{"taxonomy":"product_tag","embeddable":true,"href":"https:\/\/streetmarkets.fr\/app\/wp-json\/wp\/v2\/product_tag?post=4033217"}],"curies":[{"name":"wp","href":"https:\/\/api.w.org\/{rel}","templated":true}]}}