{"id":4015712,"date":"2026-04-24T08:41:02","date_gmt":"2026-04-24T06:41:02","guid":{"rendered":"https:\/\/streetmarkets.fr\/app\/produit\/mocassins-damas-slipper-tan-dragon-diffusion\/"},"modified":"2026-05-12T08:40:42","modified_gmt":"2026-05-12T06:40:42","slug":"mocassins-damas-slipper-tan-dragon-diffusion","status":"publish","type":"product","link":"https:\/\/streetmarkets.fr\/app\/produit\/mocassins-damas-slipper-tan-dragon-diffusion\/","title":{"rendered":"Mocassins Damas slipper tan &#8211; Dragon Diffusion"},"content":{"rendered":"<ul>\n<li>Mocassins tress\u00e9s avec talon plat et bouts arrondis<\/li>\n<li>Fabriqu\u00e9 de fa\u00e7on artisanale \u00e0 la main<\/li>\n<\/ul>\n<p><strong>Conseil taille : prenez votre taille habituelle, si vous \u00eates entre\u00a0 2 tailles, prenez la taille en dessous<\/strong><\/p>\n","protected":false},"excerpt":{"rendered":"<p>Mocassins tress\u00e9s avec talon plat et bouts arrondis Fabriqu\u00e9 de fa\u00e7on artisanale \u00e0 la main Conseil taille : prenez votre taille habituelle, si vous \u00eates entre\u00a0 2 tailles, prenez la taille en dessous<\/p>\n","protected":false},"featured_media":4015713,"comment_status":"open","ping_status":"closed","template":"","meta":[],"product_brand":[],"product_cat":[],"product_tag":[],"acf":[],"_links":{"self":[{"href":"https:\/\/streetmarkets.fr\/app\/wp-json\/wp\/v2\/product\/4015712"}],"collection":[{"href":"https:\/\/streetmarkets.fr\/app\/wp-json\/wp\/v2\/product"}],"about":[{"href":"https:\/\/streetmarkets.fr\/app\/wp-json\/wp\/v2\/types\/product"}],"replies":[{"embeddable":true,"href":"https:\/\/streetmarkets.fr\/app\/wp-json\/wp\/v2\/comments?post=4015712"}],"wp:featuredmedia":[{"embeddable":true,"href":"https:\/\/streetmarkets.fr\/app\/wp-json\/wp\/v2\/media\/4015713"}],"wp:attachment":[{"href":"https:\/\/streetmarkets.fr\/app\/wp-json\/wp\/v2\/media?parent=4015712"}],"wp:term":[{"taxonomy":"product_brand","embeddable":true,"href":"https:\/\/streetmarkets.fr\/app\/wp-json\/wp\/v2\/product_brand?post=4015712"},{"taxonomy":"product_cat","embeddable":true,"href":"https:\/\/streetmarkets.fr\/app\/wp-json\/wp\/v2\/product_cat?post=4015712"},{"taxonomy":"product_tag","embeddable":true,"href":"https:\/\/streetmarkets.fr\/app\/wp-json\/wp\/v2\/product_tag?post=4015712"}],"curies":[{"name":"wp","href":"https:\/\/api.w.org\/{rel}","templated":true}]}}