{"id":4015693,"date":"2026-04-24T08:40:59","date_gmt":"2026-04-24T06:40:59","guid":{"rendered":"https:\/\/streetmarkets.fr\/app\/produit\/collier-cravate-1j006-marie-laure-chamorel\/"},"modified":"2026-05-05T08:40:52","modified_gmt":"2026-05-05T06:40:52","slug":"collier-cravate-1j006-marie-laure-chamorel","status":"publish","type":"product","link":"https:\/\/streetmarkets.fr\/app\/produit\/collier-cravate-1j006-marie-laure-chamorel\/","title":{"rendered":"Collier cravate 1J006 &#8211; Marie Laure Chamorel"},"content":{"rendered":"<p>Long collier \u00e0 nouer avec mix de chaines dor\u00e9 et argent vieilli et strass<\/p>\n<p>Pi\u00e8ce d&#8217;exception de la collection Marie Laure Chamorel, elle apportera \u00e9l\u00e9gance, finesse et originalit\u00e9 \u00e0 votre tenue.\u00a0<\/p>\n<p>Retrouvez sur notre eshop une s\u00e9lection des plus belles cr\u00e9ations bijoux de la nouvelle collection de <a href=\"https:\/\/www.joee.fr\/concept-store-chamorel-paris\" target=\"_blank\" rel=\"noopener\">Marie Laure Charmorel.<\/a><\/p>\n","protected":false},"excerpt":{"rendered":"<p>Long collier \u00e0 nouer avec mix de chaines dor\u00e9 et argent vieilli et strass Pi\u00e8ce d&#8217;exception de la collection Marie Laure Chamorel, elle apportera \u00e9l\u00e9gance, finesse et originalit\u00e9 \u00e0 votre tenue.\u00a0 Retrouvez sur notre eshop une s\u00e9lection des plus belles cr\u00e9ations bijoux de la nouvelle collection de Marie Laure Charmorel.<\/p>\n","protected":false},"featured_media":4015694,"comment_status":"open","ping_status":"closed","template":"","meta":[],"product_brand":[],"product_cat":[],"product_tag":[],"acf":[],"_links":{"self":[{"href":"https:\/\/streetmarkets.fr\/app\/wp-json\/wp\/v2\/product\/4015693"}],"collection":[{"href":"https:\/\/streetmarkets.fr\/app\/wp-json\/wp\/v2\/product"}],"about":[{"href":"https:\/\/streetmarkets.fr\/app\/wp-json\/wp\/v2\/types\/product"}],"replies":[{"embeddable":true,"href":"https:\/\/streetmarkets.fr\/app\/wp-json\/wp\/v2\/comments?post=4015693"}],"wp:featuredmedia":[{"embeddable":true,"href":"https:\/\/streetmarkets.fr\/app\/wp-json\/wp\/v2\/media\/4015694"}],"wp:attachment":[{"href":"https:\/\/streetmarkets.fr\/app\/wp-json\/wp\/v2\/media?parent=4015693"}],"wp:term":[{"taxonomy":"product_brand","embeddable":true,"href":"https:\/\/streetmarkets.fr\/app\/wp-json\/wp\/v2\/product_brand?post=4015693"},{"taxonomy":"product_cat","embeddable":true,"href":"https:\/\/streetmarkets.fr\/app\/wp-json\/wp\/v2\/product_cat?post=4015693"},{"taxonomy":"product_tag","embeddable":true,"href":"https:\/\/streetmarkets.fr\/app\/wp-json\/wp\/v2\/product_tag?post=4015693"}],"curies":[{"name":"wp","href":"https:\/\/api.w.org\/{rel}","templated":true}]}}