{"id":4008236,"date":"2026-04-24T01:01:10","date_gmt":"2026-04-23T23:01:10","guid":{"rendered":"https:\/\/streetmarkets.fr\/app\/produit\/foulard-tableaux\/"},"modified":"2026-05-12T01:00:49","modified_gmt":"2026-05-11T23:00:49","slug":"foulard-tableaux","status":"publish","type":"product","link":"https:\/\/streetmarkets.fr\/app\/produit\/foulard-tableaux\/","title":{"rendered":"Foulard Tableaux"},"content":{"rendered":"<p>Foulard Tableaux en coton : Le carr\u00e9 qui assemble mille sc\u00e8nes en une !\u00a0<br \/>Comme une composition de petits tableaux, il m\u00eale fruits, fleurs, d\u00e9s, th\u00e9i\u00e8re et objets du quotidien dans un jeu de couleurs frais et rythm\u00e9.\u00a0On laenoue autour du cou ou on le porte dans les cheveux pour laisser appara\u00eetre ses diff\u00e9rents cadres.<\/p>\n<p>Ce qui nous pla\u00eet :<\/p>\n<ul data-start=\"345\" data-end=\"587\">\n<li data-section-id=\"dkvuju\" data-start=\"345\" data-end=\"410\">Son motif en plusieurs sc\u00e8nes, comme une mosa\u00efque \u00e0 explorer.<\/li>\n<li data-section-id=\"ho796l\" data-start=\"411\" data-end=\"473\">Son cadre damier vert et blanc soulign\u00e9 d\u2019un liser\u00e9 rouge.<\/li>\n<li data-section-id=\"33lb82\" data-start=\"474\" data-end=\"535\">Ses broderies r\u00e9alis\u00e9es \u00e0 la main qui ajoutent du relief.<\/li>\n<li data-section-id=\"1hhjwu5\" data-start=\"536\" data-end=\"587\">Son format carr\u00e9 100 x 100 cm, facile \u00e0 styliser.<\/li>\n<\/ul>\n<p>C\u00f4t\u00e9 mati\u00e8re \/ fabrication :<br data-start=\"621\" data-end=\"624\">100 % coton, l\u00e9ger et respirant. Con\u00e7u \u00e0 Los Angeles et fabriqu\u00e9 en Inde.<\/p>\n<p>Le bonus : ce m\u00e9lange de tableaux encadr\u00e9s qui donne l\u2019impression de porter une composition vivante, diff\u00e9rente selon la fa\u00e7on de nouer le foulard.<\/p>\n","protected":false},"excerpt":{"rendered":"<p>Foulard Tableaux en coton : Le carr\u00e9 qui assemble mille sc\u00e8nes en une !\u00a0Comme une composition de petits tableaux, il m\u00eale fruits, fleurs, d\u00e9s, th\u00e9i\u00e8re et objets du quotidien dans un jeu de couleurs frais et rythm\u00e9.\u00a0On laenoue autour du cou ou on le porte dans les cheveux pour laisser appara\u00eetre ses diff\u00e9rents cadres. Ce [&hellip;]<\/p>\n","protected":false},"featured_media":4008237,"comment_status":"open","ping_status":"closed","template":"","meta":[],"product_brand":[],"product_cat":[],"product_tag":[],"acf":[],"_links":{"self":[{"href":"https:\/\/streetmarkets.fr\/app\/wp-json\/wp\/v2\/product\/4008236"}],"collection":[{"href":"https:\/\/streetmarkets.fr\/app\/wp-json\/wp\/v2\/product"}],"about":[{"href":"https:\/\/streetmarkets.fr\/app\/wp-json\/wp\/v2\/types\/product"}],"replies":[{"embeddable":true,"href":"https:\/\/streetmarkets.fr\/app\/wp-json\/wp\/v2\/comments?post=4008236"}],"wp:featuredmedia":[{"embeddable":true,"href":"https:\/\/streetmarkets.fr\/app\/wp-json\/wp\/v2\/media\/4008237"}],"wp:attachment":[{"href":"https:\/\/streetmarkets.fr\/app\/wp-json\/wp\/v2\/media?parent=4008236"}],"wp:term":[{"taxonomy":"product_brand","embeddable":true,"href":"https:\/\/streetmarkets.fr\/app\/wp-json\/wp\/v2\/product_brand?post=4008236"},{"taxonomy":"product_cat","embeddable":true,"href":"https:\/\/streetmarkets.fr\/app\/wp-json\/wp\/v2\/product_cat?post=4008236"},{"taxonomy":"product_tag","embeddable":true,"href":"https:\/\/streetmarkets.fr\/app\/wp-json\/wp\/v2\/product_tag?post=4008236"}],"curies":[{"name":"wp","href":"https:\/\/api.w.org\/{rel}","templated":true}]}}