{"id":4008164,"date":"2026-04-24T01:00:56","date_gmt":"2026-04-23T23:00:56","guid":{"rendered":"https:\/\/streetmarkets.fr\/app\/produit\/echarpe-vague-orange\/"},"modified":"2026-05-05T01:00:49","modified_gmt":"2026-05-04T23:00:49","slug":"echarpe-vague-orange","status":"publish","type":"product","link":"https:\/\/streetmarkets.fr\/app\/produit\/echarpe-vague-orange\/","title":{"rendered":"Echarpe Vague Orange"},"content":{"rendered":"<p>\u00c9charpe Vague Orange : L\u2019\u00e9charpe qui sent l\u2019air marin !\u00a0<br \/>Un fond orange pop et des motifs marins illustr\u00e9s comme une gravure, pour cette \u00e9charpe Vague. Le dessin m\u00e9lange plusieurs \u00e9l\u00e9ments : un grand poisson, un poisson-lion spectaculaire, une vague stylis\u00e9e et m\u00eame une \u00e9toile de mer, le tout travaill\u00e9 avec des traits fins \u00e9crus et bordeaux qui donnent beaucoup de relief au motif.<\/p>\n<p>L\u2019ensemble est encadr\u00e9 par une bordure \u00e9crue aux micro-rayures bordeaux et orang\u00e9es, qui structure le dessin tout en rappelant les couleurs principales de l\u2019\u00e9charpe.<br \/>Sa mati\u00e8re en coton et tencel lui donne un tomb\u00e9 souple et fluide. Le tissu est doux, l\u00e9ger et met particuli\u00e8rement bien en valeur l\u2019intensit\u00e9 des couleurs. Avec son grand format, elle se porte facilement autour du cou, sur les \u00e9paules ou m\u00eame comme par\u00e9o.<\/p>\n<p>Pourquoi on l\u2019adopte :<\/p>\n<ul data-start=\"1140\" data-end=\"1435\">\n<li data-section-id=\"pk5u05\" data-start=\"1140\" data-end=\"1174\">son fond orange chaleureux<\/li>\n<li data-section-id=\"og275n\" data-start=\"1175\" data-end=\"1222\">les illustrations marines fa\u00e7on gravure<\/li>\n<li data-section-id=\"11pd379\" data-start=\"1223\" data-end=\"1284\">le poisson-lion et les d\u00e9tails fins \u00e9crus et bordeaux\n<\/li>\n<li data-section-id=\"n88629\" data-start=\"1339\" data-end=\"1399\">sa mati\u00e8re douce et fluide\n<\/li>\n<\/ul>\n<p>Fabriqu\u00e9e en Inde dans un atelier sp\u00e9cialis\u00e9 dans le tissage traditionnel, cette \u00e9charpe est imprim\u00e9e \u00e0 la main, ce qui donne au motif toute sa richesse et ses nuances.<\/p>\n<p><\/p>\n","protected":false},"excerpt":{"rendered":"<p>\u00c9charpe Vague Orange : L\u2019\u00e9charpe qui sent l\u2019air marin !\u00a0Un fond orange pop et des motifs marins illustr\u00e9s comme une gravure, pour cette \u00e9charpe Vague. Le dessin m\u00e9lange plusieurs \u00e9l\u00e9ments : un grand poisson, un poisson-lion spectaculaire, une vague stylis\u00e9e et m\u00eame une \u00e9toile de mer, le tout travaill\u00e9 avec des traits fins \u00e9crus et [&hellip;]<\/p>\n","protected":false},"featured_media":4008165,"comment_status":"open","ping_status":"closed","template":"","meta":[],"product_brand":[],"product_cat":[],"product_tag":[],"acf":[],"_links":{"self":[{"href":"https:\/\/streetmarkets.fr\/app\/wp-json\/wp\/v2\/product\/4008164"}],"collection":[{"href":"https:\/\/streetmarkets.fr\/app\/wp-json\/wp\/v2\/product"}],"about":[{"href":"https:\/\/streetmarkets.fr\/app\/wp-json\/wp\/v2\/types\/product"}],"replies":[{"embeddable":true,"href":"https:\/\/streetmarkets.fr\/app\/wp-json\/wp\/v2\/comments?post=4008164"}],"wp:featuredmedia":[{"embeddable":true,"href":"https:\/\/streetmarkets.fr\/app\/wp-json\/wp\/v2\/media\/4008165"}],"wp:attachment":[{"href":"https:\/\/streetmarkets.fr\/app\/wp-json\/wp\/v2\/media?parent=4008164"}],"wp:term":[{"taxonomy":"product_brand","embeddable":true,"href":"https:\/\/streetmarkets.fr\/app\/wp-json\/wp\/v2\/product_brand?post=4008164"},{"taxonomy":"product_cat","embeddable":true,"href":"https:\/\/streetmarkets.fr\/app\/wp-json\/wp\/v2\/product_cat?post=4008164"},{"taxonomy":"product_tag","embeddable":true,"href":"https:\/\/streetmarkets.fr\/app\/wp-json\/wp\/v2\/product_tag?post=4008164"}],"curies":[{"name":"wp","href":"https:\/\/api.w.org\/{rel}","templated":true}]}}