{"id":4001905,"date":"2026-04-22T05:48:12","date_gmt":"2026-04-22T03:48:12","guid":{"rendered":"https:\/\/streetmarkets.fr\/app\/produit\/gucci-peacock-blue-jacket\/"},"modified":"2026-04-22T05:48:22","modified_gmt":"2026-04-22T03:48:22","slug":"gucci-peacock-blue-jacket","status":"publish","type":"product","link":"https:\/\/streetmarkets.fr\/app\/produit\/gucci-peacock-blue-jacket\/","title":{"rendered":"GUCCI &#8211; Peacock blue jacket"},"content":{"rendered":"<div>\n<div>\n<div><strong>Peacock blue jacket<\/strong><\/p>\n<p><strong>Brand :<\/strong> Gucci<\/p>\n<p>&nbsp;<\/p>\n<p><strong>Shirt &#8211; 44<\/strong><\/p>\n<p>Shoulders : 19 Inch<\/p>\n<p>Bust : 44 Inch<\/p>\n<p>Waist : 40 Inch<\/p>\n<p>Hips : 46 Inch<\/p>\n<p>Length : 30 Inch<\/p>\n<p>&nbsp;<\/p>\n<p>Material \/ Colour : Cotton<\/p>\n<p>Vintage &#8211; Made In Italy<\/p>\n<p>Condition : excellent<\/p>\n<\/div>\n<\/div>\n<\/div>\n<p>Condition Guide: <\/p>\n<div>\n<div>\n<div>\n<div>\n<p><u><strong>CONDITION GUIDE<\/strong><\/u><\/p>\n<p><strong><em>English<\/em><\/strong><\/p>\n<p><strong>Pristine <\/strong><\/p>\n<p>Item is in perfect condition with no signs of wear. Often includes original tags, packaging, and documentation.<\/p>\n<p>\n<strong>Excellent<\/strong><\/p>\n<p>Very minimal signs of wear, often only noticeable upon close inspection. No significant scratches, stains, or damage.<\/p>\n<p>\n<strong>Very Good<\/strong><\/p>\n<p>Light wear that is noticeable but not significant. Minor scratches, small marks, or slight fading may be present.<\/p>\n<p>\n<strong>Good <\/strong><\/p>\n<p>Visible signs of wear such as scratches, stains, or minor damage. Still functional and aesthetically pleasing.<\/p>\n<p><strong>Fair<\/strong><\/p>\n<p>Noticeable and significant signs of wear. Functional, but with obvious defects or damage that may require repair.<\/p>\n<p><strong><em>Fran\u00e7ais<\/em><\/strong><\/p>\n<p><strong>En parfait \u00e9tat<\/strong><\/p>\n<p>L&#8217;article est en parfait \u00e9tat et ne pr\u00e9sente aucun signe d&#8217;usure. Il comprend souvent les \u00e9tiquettes, l&#8217;emballage et la documentation d&#8217;origine.<\/p>\n<p>\n<strong>Excellent<\/strong><\/p>\n<p>Signes d&#8217;usure tr\u00e8s minimes, souvent perceptibles uniquement lors d&#8217;un examen approfondi. Pas de rayures, de taches ou de dommages importants.<\/p>\n<p>\n<strong>Tr\u00e8s bon<\/strong><\/p>\n<p>L\u00e9g\u00e8re usure perceptible mais non significative. Des rayures mineures, de petites marques ou une l\u00e9g\u00e8re d\u00e9coloration peuvent \u00eatre pr\u00e9sentes.<\/p>\n<p>\n<strong>Bon<\/strong><\/p>\n<p>Signes d&#8217;usure visibles tels que des rayures, des taches ou des dommages mineurs. Encore fonctionnel et esth\u00e9tiquement plaisant.<\/p>\n<p><strong>Moyen<\/strong><\/p>\n<p>Signes d&#8217;usure visibles et importants. Fonctionnel, mais avec des d\u00e9fauts ou des dommages \u00e9vidents qui peuvent n\u00e9cessiter des r\u00e9parations.<\/p>\n<\/div>\n<\/div>\n<\/div>\n<\/div>\n<p><\/p>\n","protected":false},"excerpt":{"rendered":"<p>Peacock blue jacket Brand : Gucci &nbsp; Shirt &#8211; 44 Shoulders : 19 Inch Bust : 44 Inch Waist : 40 Inch Hips : 46 Inch Length : 30 Inch &nbsp; Material \/ Colour : Cotton Vintage &#8211; Made In Italy Condition : excellent Condition Guide: CONDITION GUIDE English Pristine Item is in perfect condition [&hellip;]<\/p>\n","protected":false},"featured_media":4001906,"comment_status":"open","ping_status":"closed","template":"","meta":[],"product_brand":[],"product_cat":[],"product_tag":[],"acf":[],"_links":{"self":[{"href":"https:\/\/streetmarkets.fr\/app\/wp-json\/wp\/v2\/product\/4001905"}],"collection":[{"href":"https:\/\/streetmarkets.fr\/app\/wp-json\/wp\/v2\/product"}],"about":[{"href":"https:\/\/streetmarkets.fr\/app\/wp-json\/wp\/v2\/types\/product"}],"replies":[{"embeddable":true,"href":"https:\/\/streetmarkets.fr\/app\/wp-json\/wp\/v2\/comments?post=4001905"}],"wp:featuredmedia":[{"embeddable":true,"href":"https:\/\/streetmarkets.fr\/app\/wp-json\/wp\/v2\/media\/4001906"}],"wp:attachment":[{"href":"https:\/\/streetmarkets.fr\/app\/wp-json\/wp\/v2\/media?parent=4001905"}],"wp:term":[{"taxonomy":"product_brand","embeddable":true,"href":"https:\/\/streetmarkets.fr\/app\/wp-json\/wp\/v2\/product_brand?post=4001905"},{"taxonomy":"product_cat","embeddable":true,"href":"https:\/\/streetmarkets.fr\/app\/wp-json\/wp\/v2\/product_cat?post=4001905"},{"taxonomy":"product_tag","embeddable":true,"href":"https:\/\/streetmarkets.fr\/app\/wp-json\/wp\/v2\/product_tag?post=4001905"}],"curies":[{"name":"wp","href":"https:\/\/api.w.org\/{rel}","templated":true}]}}