{"id":3996482,"date":"2026-04-22T01:51:47","date_gmt":"2026-04-21T23:51:47","guid":{"rendered":"https:\/\/streetmarkets.fr\/app\/produit\/trousse-de-toilette-rose-catur-rose-11x18\/"},"modified":"2026-05-11T01:51:42","modified_gmt":"2026-05-10T23:51:42","slug":"trousse-de-toilette-rose-catur-rose-11x18","status":"publish","type":"product","link":"https:\/\/streetmarkets.fr\/app\/produit\/trousse-de-toilette-rose-catur-rose-11x18\/","title":{"rendered":"Trousse de toilette rose Catur: Rose \/ 11&#215;18"},"content":{"rendered":"<p>Trousse tress\u00e9e multicolore avec finition pompon. R\u00e9sistante \u00e0 l&#8217;eau. Anneau pour prise en main. Doublure int\u00e9rieure r\u00e9sistante \u00e0 l&#8217;eau.<\/p>\n<p>Composition: 100 % polypropyl\u00e8ne<\/p>\n<p>Entretien: Laver \u00e0 l&#8217;eau froide. Ne pas repasser. Ne pas utiliser de s\u00e8che-linge. Ne pas utiliser d&#8217;eau de Javel.<\/p>\n","protected":false},"excerpt":{"rendered":"<p>Trousse tress\u00e9e multicolore avec finition pompon. R\u00e9sistante \u00e0 l&#8217;eau. Anneau pour prise en main. Doublure int\u00e9rieure r\u00e9sistante \u00e0 l&#8217;eau. Composition: 100 % polypropyl\u00e8ne Entretien: Laver \u00e0 l&#8217;eau froide. Ne pas repasser. Ne pas utiliser de s\u00e8che-linge. Ne pas utiliser d&#8217;eau de Javel.<\/p>\n","protected":false},"featured_media":3996483,"comment_status":"open","ping_status":"closed","template":"","meta":[],"product_brand":[],"product_cat":[],"product_tag":[],"acf":[],"_links":{"self":[{"href":"https:\/\/streetmarkets.fr\/app\/wp-json\/wp\/v2\/product\/3996482"}],"collection":[{"href":"https:\/\/streetmarkets.fr\/app\/wp-json\/wp\/v2\/product"}],"about":[{"href":"https:\/\/streetmarkets.fr\/app\/wp-json\/wp\/v2\/types\/product"}],"replies":[{"embeddable":true,"href":"https:\/\/streetmarkets.fr\/app\/wp-json\/wp\/v2\/comments?post=3996482"}],"wp:featuredmedia":[{"embeddable":true,"href":"https:\/\/streetmarkets.fr\/app\/wp-json\/wp\/v2\/media\/3996483"}],"wp:attachment":[{"href":"https:\/\/streetmarkets.fr\/app\/wp-json\/wp\/v2\/media?parent=3996482"}],"wp:term":[{"taxonomy":"product_brand","embeddable":true,"href":"https:\/\/streetmarkets.fr\/app\/wp-json\/wp\/v2\/product_brand?post=3996482"},{"taxonomy":"product_cat","embeddable":true,"href":"https:\/\/streetmarkets.fr\/app\/wp-json\/wp\/v2\/product_cat?post=3996482"},{"taxonomy":"product_tag","embeddable":true,"href":"https:\/\/streetmarkets.fr\/app\/wp-json\/wp\/v2\/product_tag?post=3996482"}],"curies":[{"name":"wp","href":"https:\/\/api.w.org\/{rel}","templated":true}]}}