{"id":3996296,"date":"2026-04-22T01:19:52","date_gmt":"2026-04-21T23:19:52","guid":{"rendered":"https:\/\/streetmarkets.fr\/app\/produit\/boucles-doreilles-noe\/"},"modified":"2026-05-09T01:19:03","modified_gmt":"2026-05-08T23:19:03","slug":"boucles-doreilles-noe","status":"publish","type":"product","link":"https:\/\/streetmarkets.fr\/app\/produit\/boucles-doreilles-noe\/","title":{"rendered":"Boucles d&#8217;Oreilles No\u00e9"},"content":{"rendered":"<h4><a title=\"Collection Waekura\" href=\"https:\/\/frenchtouche.com\/collections\/waekura\">Collection Waekura<\/a><\/h4>\n<p>De jolies petites boucles qui captent la lumi\u00e8re !<\/p>\n<ul>\n<li><span>En plaqu\u00e9 or 18 carats<\/span><\/li>\n<li><span>Diam\u00e8tre : 14 mm<\/span><\/li>\n<li class=\"p1\">Livr\u00e9es dans un pochon en coton<\/li>\n<\/ul>\n<p class=\"p1\"><em>Tous les bijoux Waekura r\u00e9sistent \u00e0 l&#8217;eau, au temps, et ne noircissent pas. Ils sont hypoallerg\u00e9niques et garantis 1 an.<\/em><\/p>\n<p class=\"p1\"><em> <span>Pour garder vos bijoux le plus longtemps possible, \u00e9vitez de les mettre en contact de produits chimiques, cosm\u00e9tiques, ou parfums.<\/span><br \/><span>Ne les portez pas pendant vos bains de mer ou pendant votre s\u00e9ance de sport, et rangez-les dans dans leur petit pochon en coton.<\/span><br \/><span>Pour nettoyer un bijou, un simple chiffon doux et sec permettra de raviver son \u00e9clat.<\/span><\/em><\/p>\n","protected":false},"excerpt":{"rendered":"<p>Collection Waekura De jolies petites boucles qui captent la lumi\u00e8re ! En plaqu\u00e9 or 18 carats Diam\u00e8tre : 14 mm Livr\u00e9es dans un pochon en coton Tous les bijoux Waekura r\u00e9sistent \u00e0 l&#8217;eau, au temps, et ne noircissent pas. Ils sont hypoallerg\u00e9niques et garantis 1 an. Pour garder vos bijoux le plus longtemps possible, \u00e9vitez [&hellip;]<\/p>\n","protected":false},"featured_media":3996297,"comment_status":"open","ping_status":"closed","template":"","meta":[],"product_brand":[],"product_cat":[],"product_tag":[],"acf":[],"_links":{"self":[{"href":"https:\/\/streetmarkets.fr\/app\/wp-json\/wp\/v2\/product\/3996296"}],"collection":[{"href":"https:\/\/streetmarkets.fr\/app\/wp-json\/wp\/v2\/product"}],"about":[{"href":"https:\/\/streetmarkets.fr\/app\/wp-json\/wp\/v2\/types\/product"}],"replies":[{"embeddable":true,"href":"https:\/\/streetmarkets.fr\/app\/wp-json\/wp\/v2\/comments?post=3996296"}],"wp:featuredmedia":[{"embeddable":true,"href":"https:\/\/streetmarkets.fr\/app\/wp-json\/wp\/v2\/media\/3996297"}],"wp:attachment":[{"href":"https:\/\/streetmarkets.fr\/app\/wp-json\/wp\/v2\/media?parent=3996296"}],"wp:term":[{"taxonomy":"product_brand","embeddable":true,"href":"https:\/\/streetmarkets.fr\/app\/wp-json\/wp\/v2\/product_brand?post=3996296"},{"taxonomy":"product_cat","embeddable":true,"href":"https:\/\/streetmarkets.fr\/app\/wp-json\/wp\/v2\/product_cat?post=3996296"},{"taxonomy":"product_tag","embeddable":true,"href":"https:\/\/streetmarkets.fr\/app\/wp-json\/wp\/v2\/product_tag?post=3996296"}],"curies":[{"name":"wp","href":"https:\/\/api.w.org\/{rel}","templated":true}]}}