{"id":3996159,"date":"2026-04-21T08:40:43","date_gmt":"2026-04-21T06:40:43","guid":{"rendered":"https:\/\/streetmarkets.fr\/app\/produit\/sautoir-gold-1b015-marie-laure-chamorel\/"},"modified":"2026-05-08T08:40:40","modified_gmt":"2026-05-08T06:40:40","slug":"sautoir-gold-1b015-marie-laure-chamorel","status":"publish","type":"product","link":"https:\/\/streetmarkets.fr\/app\/produit\/sautoir-gold-1b015-marie-laure-chamorel\/","title":{"rendered":"Sautoir gold 1B015 &#8211; Marie Laure Chamorel"},"content":{"rendered":"<p>Sautoir en laiton dor\u00e9 compos\u00e9 de plusieurs fines cha\u00eenes tress\u00e9es pouvant \u00eatre port\u00e9 de diff\u00e9rentes mani\u00e8res.<\/p>\n<p>A nouer comme une simple \u00e9charpe, ou \u00e0 enrouler sur plusieurs tours autour du cou.<\/p>\n<p>Imagin\u00e9e et dessin\u00e9e en France par Marie Laure Chamorel, fabrication Indon\u00e9sie.\u00a0<\/p>\n<p>Retrouvez sur notre eshop une s\u00e9lection des plus belles cr\u00e9ations bijoux de la nouvelle collection de<span>\u00a0<\/span><a href=\"https:\/\/www.joee.fr\/concept-store-chamorel-paris\" target=\"_blank\" rel=\"noopener\">Marie Laure Charmorel.<\/a><\/p>\n<p>\u00a0<\/p>\n","protected":false},"excerpt":{"rendered":"<p>Sautoir en laiton dor\u00e9 compos\u00e9 de plusieurs fines cha\u00eenes tress\u00e9es pouvant \u00eatre port\u00e9 de diff\u00e9rentes mani\u00e8res. A nouer comme une simple \u00e9charpe, ou \u00e0 enrouler sur plusieurs tours autour du cou. Imagin\u00e9e et dessin\u00e9e en France par Marie Laure Chamorel, fabrication Indon\u00e9sie.\u00a0 Retrouvez sur notre eshop une s\u00e9lection des plus belles cr\u00e9ations bijoux de la [&hellip;]<\/p>\n","protected":false},"featured_media":3996160,"comment_status":"open","ping_status":"closed","template":"","meta":[],"product_brand":[],"product_cat":[],"product_tag":[],"acf":[],"_links":{"self":[{"href":"https:\/\/streetmarkets.fr\/app\/wp-json\/wp\/v2\/product\/3996159"}],"collection":[{"href":"https:\/\/streetmarkets.fr\/app\/wp-json\/wp\/v2\/product"}],"about":[{"href":"https:\/\/streetmarkets.fr\/app\/wp-json\/wp\/v2\/types\/product"}],"replies":[{"embeddable":true,"href":"https:\/\/streetmarkets.fr\/app\/wp-json\/wp\/v2\/comments?post=3996159"}],"wp:featuredmedia":[{"embeddable":true,"href":"https:\/\/streetmarkets.fr\/app\/wp-json\/wp\/v2\/media\/3996160"}],"wp:attachment":[{"href":"https:\/\/streetmarkets.fr\/app\/wp-json\/wp\/v2\/media?parent=3996159"}],"wp:term":[{"taxonomy":"product_brand","embeddable":true,"href":"https:\/\/streetmarkets.fr\/app\/wp-json\/wp\/v2\/product_brand?post=3996159"},{"taxonomy":"product_cat","embeddable":true,"href":"https:\/\/streetmarkets.fr\/app\/wp-json\/wp\/v2\/product_cat?post=3996159"},{"taxonomy":"product_tag","embeddable":true,"href":"https:\/\/streetmarkets.fr\/app\/wp-json\/wp\/v2\/product_tag?post=3996159"}],"curies":[{"name":"wp","href":"https:\/\/api.w.org\/{rel}","templated":true}]}}