{"id":3991063,"date":"2026-04-21T02:03:43","date_gmt":"2026-04-21T00:03:43","guid":{"rendered":"https:\/\/streetmarkets.fr\/app\/produit\/paraboot-boots-avoriaz-ecorce-lily-semelle-gomme-women\/"},"modified":"2026-05-06T02:04:46","modified_gmt":"2026-05-06T00:04:46","slug":"paraboot-boots-avoriaz-ecorce-lily-semelle-gomme-women","status":"publish","type":"product","link":"https:\/\/streetmarkets.fr\/app\/produit\/paraboot-boots-avoriaz-ecorce-lily-semelle-gomme-women\/","title":{"rendered":"PARABOOT Boots AVORIAZ Ecorce Lily, semelle gomme Women"},"content":{"rendered":"<p><b>Cr\u00e9ateur :<\/b> Paraboot \/ France<br \/>\n<b><\/b><\/p>\n<p><b>R\u00e9alisation : <\/b>Ce mod\u00e8le, \u00e0 l&rsquo;origine technique, est inspir\u00e9 des marches d&rsquo;approche en montagne des ann\u00e9es &rsquo;60 et &rsquo;80. Aujourd&rsquo;hui, ce mod\u00e8le mythique de chaussure de montagne a \u00e9t\u00e9 revisit\u00e9 pour un style urbain.<\/p>\n<p>Forme au chaussant traditionnel avec un bout arrondi<br \/>\nFabriqu\u00e9 en France<br \/>\nCousu Norv\u00e9gien, doubl\u00e9 cuir<br \/>\nSemelle en gomme naturelle<\/p>\n<p>Commande uniquement \u00e0 partir de pays de l&rsquo;Union Europ\u00e9enne<\/p>\n<p id=\"tw-target-text\" class=\"tw-data-text tw-text-large tw-ta\" dir=\"ltr\" data-placeholder=\"Traduction\" data-ved=\"2ahUKEwiC-p3u8bOJAxXzaqQEHaMdGdoQ3ewLegQIBxAU\" aria-label=\"Texte traduit\u00a0: This model, originally technical, is inspired by mountain approach walks from the '60s and '80s. Today, this legendary mountain shoe model has been revisited for an urban style. Traditional fit with a rounded toe Made in France Norwegian stitched, leather lined Natural rubber sole Order only from European Union countries\"><em><span class=\"Y2IQFc\" lang=\"en\">This model, originally technical, is inspired by mountain approach walks from the &rsquo;60s and &rsquo;80s. Today, this legendary mountain shoe model has been revisited for an urban style. Traditional fit with a rounded toe Made in France Norwegian stitched, leather lined Natural rubber.<\/span><\/em><\/p>\n<p class=\"tw-data-text tw-text-large tw-ta\" dir=\"ltr\" data-placeholder=\"Traduction\" data-ved=\"2ahUKEwiC-p3u8bOJAxXzaqQEHaMdGdoQ3ewLegQIBxAU\" aria-label=\"Texte traduit\u00a0: This model, originally technical, is inspired by mountain approach walks from the '60s and '80s. Today, this legendary mountain shoe model has been revisited for an urban style. Traditional fit with a rounded toe Made in France Norwegian stitched, leather lined Natural rubber sole Order only from European Union countries\"><em><span class=\"Y2IQFc\" lang=\"en\">Sole Order only from European Union countries<\/span><\/em><\/p>\n","protected":false},"excerpt":{"rendered":"<p>Cr\u00e9ateur : Paraboot \/ France R\u00e9alisation : Ce mod\u00e8le, \u00e0 l&rsquo;origine technique, est inspir\u00e9 des marches d&rsquo;approche en montagne des ann\u00e9es &rsquo;60 et &rsquo;80. Aujourd&rsquo;hui, ce mod\u00e8le mythique de chaussure de montagne a \u00e9t\u00e9 revisit\u00e9 pour un style urbain. Forme au chaussant traditionnel avec un bout arrondi Fabriqu\u00e9 en France Cousu Norv\u00e9gien, doubl\u00e9 cuir Semelle [&hellip;]<\/p>\n","protected":false},"featured_media":3991064,"comment_status":"open","ping_status":"closed","template":"","meta":[],"product_brand":[],"product_cat":[],"product_tag":[],"acf":[],"_links":{"self":[{"href":"https:\/\/streetmarkets.fr\/app\/wp-json\/wp\/v2\/product\/3991063"}],"collection":[{"href":"https:\/\/streetmarkets.fr\/app\/wp-json\/wp\/v2\/product"}],"about":[{"href":"https:\/\/streetmarkets.fr\/app\/wp-json\/wp\/v2\/types\/product"}],"replies":[{"embeddable":true,"href":"https:\/\/streetmarkets.fr\/app\/wp-json\/wp\/v2\/comments?post=3991063"}],"wp:featuredmedia":[{"embeddable":true,"href":"https:\/\/streetmarkets.fr\/app\/wp-json\/wp\/v2\/media\/3991064"}],"wp:attachment":[{"href":"https:\/\/streetmarkets.fr\/app\/wp-json\/wp\/v2\/media?parent=3991063"}],"wp:term":[{"taxonomy":"product_brand","embeddable":true,"href":"https:\/\/streetmarkets.fr\/app\/wp-json\/wp\/v2\/product_brand?post=3991063"},{"taxonomy":"product_cat","embeddable":true,"href":"https:\/\/streetmarkets.fr\/app\/wp-json\/wp\/v2\/product_cat?post=3991063"},{"taxonomy":"product_tag","embeddable":true,"href":"https:\/\/streetmarkets.fr\/app\/wp-json\/wp\/v2\/product_tag?post=3991063"}],"curies":[{"name":"wp","href":"https:\/\/api.w.org\/{rel}","templated":true}]}}