{"id":3991057,"date":"2026-04-21T02:03:43","date_gmt":"2026-04-21T00:03:43","guid":{"rendered":"https:\/\/streetmarkets.fr\/app\/produit\/merrell-agility-peak-5-black-black-women\/"},"modified":"2026-05-03T02:01:26","modified_gmt":"2026-05-03T00:01:26","slug":"merrell-agility-peak-5-black-black-women","status":"publish","type":"product","link":"https:\/\/streetmarkets.fr\/app\/produit\/merrell-agility-peak-5-black-black-women\/","title":{"rendered":"MERRELL AGILITY PEAK 5 Black Black Women"},"content":{"rendered":"<p><strong>Cr\u00e9ateur :<\/strong> Merrell<\/p>\n<p><strong>R\u00e9alisation : <\/strong>Tige travaill\u00e9e et respirante en mesh et TPU, lacets et toile 100 % recycl\u00e9s. Le col et la languette en SBR\/mesh offrent une faible absorption de l\u2019eau et de meilleures propri\u00e9t\u00e9s stretch pour un ajustement am\u00e9lior\u00e9, anneau en D \u00e0 la gu\u00eatre. Courroie ext\u00e9rieure sur l&rsquo;arri\u00e8re de la chaussure qui maintient le talon en place, embout de protection r\u00e9sistant \u00e0 l&rsquo;abrasion<\/p>\n<p>Doublure respirante en mesh, assise plantaire recouverte de mesh 100 % recycl\u00e9. Traitement Cleansport NXT\u2122 pour un contr\u00f4le naturel des odeurs, assise plantaire en mousse EVA 50 % recycl\u00e9e<\/p>\n<p>Plaque de protection, semelle interm\u00e9diaire bi-extensible flexible avec technologie FLEXconnect\u2122 pour un contact optimis\u00e9 avec le sol<\/p>\n<p>Semelle interm\u00e9diaire en mousse FloatPro\u2122 pour un confort l\u00e9ger et durable<\/p>\n<p>La semelle ext\u00e9rieure en caoutchouc hautement performant Vibram Megagrip offre une excellente adh\u00e9rence sur surfaces s\u00e8ches et mouill\u00e9es, crampons Vibram con\u00e7us pour accro\u00eetre l\u2019adh\u00e9rence et \u00e9vacuer les \u00e9l\u00e9ments ext\u00e9rieurs \u00e0 chaque foul\u00e9e<\/p>\n<p>Fabrication respectueuse du bien-\u00eatre animal<\/p>\n<p><em><span class=\"Y2IQFc\" lang=\"en\">Engineered and breathable mesh and TPU upper, 100% recycled laces and canvas SBR\/mesh collar and tongue offer low water absorption and enhanced stretch properties for an improved fit, D-ring gaiter External strap on the rear of the shoe that secures the heel, abrasion-resistant protective toe cap Breathable mesh lining, 100% recycled mesh-covered footbed Cleansport NXT\u2122 treatment for natural odor control, 50% recycled EVA foam footbed Protective plate Flexible two-way stretch midsole with FLEXconnect\u2122 technology for optimized ground contact FloatPro\u2122 foam midsole for lightweight and durable comfort High-performance Vibram Megagrip rubber outsole provides excellent traction on dry and wet surfaces Vibram lugs designed to increase traction and wick away moisture the elements with every step Manufactured with respect for animal welfare.<\/span><\/em><\/p>\n","protected":false},"excerpt":{"rendered":"<p>Cr\u00e9ateur : Merrell R\u00e9alisation : Tige travaill\u00e9e et respirante en mesh et TPU, lacets et toile 100 % recycl\u00e9s. Le col et la languette en SBR\/mesh offrent une faible absorption de l\u2019eau et de meilleures propri\u00e9t\u00e9s stretch pour un ajustement am\u00e9lior\u00e9, anneau en D \u00e0 la gu\u00eatre. Courroie ext\u00e9rieure sur l&rsquo;arri\u00e8re de la chaussure qui [&hellip;]<\/p>\n","protected":false},"featured_media":3991058,"comment_status":"open","ping_status":"closed","template":"","meta":[],"product_brand":[],"product_cat":[],"product_tag":[],"acf":[],"_links":{"self":[{"href":"https:\/\/streetmarkets.fr\/app\/wp-json\/wp\/v2\/product\/3991057"}],"collection":[{"href":"https:\/\/streetmarkets.fr\/app\/wp-json\/wp\/v2\/product"}],"about":[{"href":"https:\/\/streetmarkets.fr\/app\/wp-json\/wp\/v2\/types\/product"}],"replies":[{"embeddable":true,"href":"https:\/\/streetmarkets.fr\/app\/wp-json\/wp\/v2\/comments?post=3991057"}],"wp:featuredmedia":[{"embeddable":true,"href":"https:\/\/streetmarkets.fr\/app\/wp-json\/wp\/v2\/media\/3991058"}],"wp:attachment":[{"href":"https:\/\/streetmarkets.fr\/app\/wp-json\/wp\/v2\/media?parent=3991057"}],"wp:term":[{"taxonomy":"product_brand","embeddable":true,"href":"https:\/\/streetmarkets.fr\/app\/wp-json\/wp\/v2\/product_brand?post=3991057"},{"taxonomy":"product_cat","embeddable":true,"href":"https:\/\/streetmarkets.fr\/app\/wp-json\/wp\/v2\/product_cat?post=3991057"},{"taxonomy":"product_tag","embeddable":true,"href":"https:\/\/streetmarkets.fr\/app\/wp-json\/wp\/v2\/product_tag?post=3991057"}],"curies":[{"name":"wp","href":"https:\/\/api.w.org\/{rel}","templated":true}]}}