{"id":3991047,"date":"2026-04-21T02:03:36","date_gmt":"2026-04-21T00:03:36","guid":{"rendered":"https:\/\/streetmarkets.fr\/app\/produit\/elia-maurizi-ballerines-parry-off-white-16290-baron-roccia\/"},"modified":"2026-05-10T02:01:11","modified_gmt":"2026-05-10T00:01:11","slug":"elia-maurizi-ballerines-parry-off-white-16290-baron-roccia","status":"publish","type":"product","link":"https:\/\/streetmarkets.fr\/app\/produit\/elia-maurizi-ballerines-parry-off-white-16290-baron-roccia\/","title":{"rendered":"ELIA MAURIZI Ballerines PARRY off white 16290 Baron Roccia"},"content":{"rendered":"<p><strong>Cr\u00e9ateur :<\/strong> ELIA MAURIZI, Handmade en Italie<\/p>\n<p><strong>R\u00e9alisation : <\/strong><span class=\"Y2IQFc\" lang=\"fr\">Ballerines minimalistes style Sacchetto, fabriqu\u00e9es \u00e0 la main en cuir tann\u00e9 v\u00e9g\u00e9tal. Semelle plate fine avec talon compens\u00e9 l\u00e9ger. blanc cass\u00e9, cuir de veau, non doubl\u00e9es, semelle int\u00e9rieure en cuir, taille standard<\/span><\/p>\n<p><em>D\u00e9tail : <span class=\"Y2IQFc\" lang=\"en\">Minimalist Sacchetto-style ballet flats, handmade from vegetable-tanned leather. Thin flat sole with a slight wedge heel. Off-white, calfskin, unlined, leather insole, standard size.<\/span><\/em><\/p>\n","protected":false},"excerpt":{"rendered":"<p>Cr\u00e9ateur : ELIA MAURIZI, Handmade en Italie R\u00e9alisation : Ballerines minimalistes style Sacchetto, fabriqu\u00e9es \u00e0 la main en cuir tann\u00e9 v\u00e9g\u00e9tal. Semelle plate fine avec talon compens\u00e9 l\u00e9ger. blanc cass\u00e9, cuir de veau, non doubl\u00e9es, semelle int\u00e9rieure en cuir, taille standard D\u00e9tail : Minimalist Sacchetto-style ballet flats, handmade from vegetable-tanned leather. Thin flat sole with [&hellip;]<\/p>\n","protected":false},"featured_media":3991048,"comment_status":"open","ping_status":"closed","template":"","meta":[],"product_brand":[],"product_cat":[],"product_tag":[],"acf":[],"_links":{"self":[{"href":"https:\/\/streetmarkets.fr\/app\/wp-json\/wp\/v2\/product\/3991047"}],"collection":[{"href":"https:\/\/streetmarkets.fr\/app\/wp-json\/wp\/v2\/product"}],"about":[{"href":"https:\/\/streetmarkets.fr\/app\/wp-json\/wp\/v2\/types\/product"}],"replies":[{"embeddable":true,"href":"https:\/\/streetmarkets.fr\/app\/wp-json\/wp\/v2\/comments?post=3991047"}],"wp:featuredmedia":[{"embeddable":true,"href":"https:\/\/streetmarkets.fr\/app\/wp-json\/wp\/v2\/media\/3991048"}],"wp:attachment":[{"href":"https:\/\/streetmarkets.fr\/app\/wp-json\/wp\/v2\/media?parent=3991047"}],"wp:term":[{"taxonomy":"product_brand","embeddable":true,"href":"https:\/\/streetmarkets.fr\/app\/wp-json\/wp\/v2\/product_brand?post=3991047"},{"taxonomy":"product_cat","embeddable":true,"href":"https:\/\/streetmarkets.fr\/app\/wp-json\/wp\/v2\/product_cat?post=3991047"},{"taxonomy":"product_tag","embeddable":true,"href":"https:\/\/streetmarkets.fr\/app\/wp-json\/wp\/v2\/product_tag?post=3991047"}],"curies":[{"name":"wp","href":"https:\/\/api.w.org\/{rel}","templated":true}]}}