{"id":3990301,"date":"2026-04-21T00:59:45","date_gmt":"2026-04-20T22:59:45","guid":{"rendered":"https:\/\/streetmarkets.fr\/app\/produit\/sac-tresse-en-rafia\/"},"modified":"2026-05-12T00:59:38","modified_gmt":"2026-05-11T22:59:38","slug":"sac-tresse-en-rafia","status":"publish","type":"product","link":"https:\/\/streetmarkets.fr\/app\/produit\/sac-tresse-en-rafia\/","title":{"rendered":"Sac tress\u00e9 en rafia"},"content":{"rendered":"<div class=\"flex flex-col text-sm pb-25\">\n<section class=\"text-token-text-primary w-full focus:outline-none [--shadow-height:45px] has-data-writing-block:pointer-events-none has-data-writing-block:-mt-(--shadow-height) has-data-writing-block:pt-(--shadow-height) [&amp;:has([data-writing-block])&gt;*]:pointer-events-auto scroll-mt-[calc(var(--header-height)+min(200px,max(70px,20svh)))]\" dir=\"auto\" data-turn-id=\"request-6741f2bc-6738-8004-b2bd-199df36784c3-2\" data-testid=\"conversation-turn-296\" data-scroll-anchor=\"true\" data-turn=\"assistant\">\n<div class=\"text-base my-auto mx-auto pb-10 [--thread-content-margin:var(--thread-content-margin-xs,calc(var(--spacing)*4))] @w-sm\/main:[--thread-content-margin:var(--thread-content-margin-sm,calc(var(--spacing)*6))] @w-lg\/main:[--thread-content-margin:var(--thread-content-margin-lg,calc(var(--spacing)*16))] px-(--thread-content-margin)\">\n<div class=\"[--thread-content-max-width:40rem] @w-lg\/main:[--thread-content-max-width:48rem] mx-auto max-w-(--thread-content-max-width) flex-1 group\/turn-messages focus-visible:outline-hidden relative flex w-full min-w-0 flex-col agent-turn\">\n<div class=\"flex max-w-full flex-col gap-4 grow\">\n<div data-message-author-role=\"assistant\" data-message-id=\"4637ac88-ca2e-4ae9-8a53-49b0441774d1\" dir=\"auto\" data-message-model-slug=\"gpt-5-3\" class=\"min-h-8 text-message relative flex w-full flex-col items-end gap-2 text-start break-words whitespace-normal outline-none keyboard-focused:focus-ring [.text-message+&amp;]:mt-1\" data-turn-start-message=\"true\">\n<div class=\"flex w-full flex-col gap-1 empty:hidden\">\n<div class=\"markdown prose dark:prose-invert w-full wrap-break-word light markdown-new-styling\">\n<p data-start=\"58\" data-end=\"260\">Un sac qui attire l\u2019\u0153il par sa jolie mati\u00e8re et son cot\u00e9 artisanal.\u00a0Ce mod\u00e8le en raphia tress\u00e9, enti\u00e8rement fait main \u00e0 Madagascar, r\u00e9v\u00e8le toute la richesse d\u2019un savoir-faire artisanal transmis avec pr\u00e9cision.<\/p>\n<p data-start=\"262\" data-end=\"482\">La mati\u00e8re naturelle se m\u00eale \u00e0 des broderies color\u00e9es subtiles, tandis que le rabat se distingue par un jeu de volant d\u00e9licatement soulign\u00e9 d\u2019un liser\u00e9 contrast\u00e9 \u2014 un d\u00e9tail presque couture, qui signe la pi\u00e8ce.<\/p>\n<p data-start=\"484\" data-end=\"647\">La bandouli\u00e8re en cuir tress\u00e9, volontairement contrast\u00e9e, structure l\u2019ensemble et apporte cette note urbaine qui \u00e9quilibre parfaitement son esprit solaire.<\/p>\n<p data-start=\"649\" data-end=\"791\" data-is-last-node=\"\" data-is-only-node=\"\">Un accessoire \u00e0 la fois textur\u00e9, singulier et profond\u00e9ment vivant, qui glisse sans effort du vestiaire estival \u00e0 une silhouette plus citadine.<\/p>\n<\/div>\n<\/div>\n<\/div>\n<\/div>\n<\/div>\n<\/div>\n<\/section>\n<\/div>\n","protected":false},"excerpt":{"rendered":"<p>Un sac qui attire l\u2019\u0153il par sa jolie mati\u00e8re et son cot\u00e9 artisanal.\u00a0Ce mod\u00e8le en raphia tress\u00e9, enti\u00e8rement fait main \u00e0 Madagascar, r\u00e9v\u00e8le toute la richesse d\u2019un savoir-faire artisanal transmis avec pr\u00e9cision. La mati\u00e8re naturelle se m\u00eale \u00e0 des broderies color\u00e9es subtiles, tandis que le rabat se distingue par un jeu de volant d\u00e9licatement soulign\u00e9 [&hellip;]<\/p>\n","protected":false},"featured_media":3990302,"comment_status":"open","ping_status":"closed","template":"","meta":[],"product_brand":[],"product_cat":[],"product_tag":[],"acf":[],"_links":{"self":[{"href":"https:\/\/streetmarkets.fr\/app\/wp-json\/wp\/v2\/product\/3990301"}],"collection":[{"href":"https:\/\/streetmarkets.fr\/app\/wp-json\/wp\/v2\/product"}],"about":[{"href":"https:\/\/streetmarkets.fr\/app\/wp-json\/wp\/v2\/types\/product"}],"replies":[{"embeddable":true,"href":"https:\/\/streetmarkets.fr\/app\/wp-json\/wp\/v2\/comments?post=3990301"}],"wp:featuredmedia":[{"embeddable":true,"href":"https:\/\/streetmarkets.fr\/app\/wp-json\/wp\/v2\/media\/3990302"}],"wp:attachment":[{"href":"https:\/\/streetmarkets.fr\/app\/wp-json\/wp\/v2\/media?parent=3990301"}],"wp:term":[{"taxonomy":"product_brand","embeddable":true,"href":"https:\/\/streetmarkets.fr\/app\/wp-json\/wp\/v2\/product_brand?post=3990301"},{"taxonomy":"product_cat","embeddable":true,"href":"https:\/\/streetmarkets.fr\/app\/wp-json\/wp\/v2\/product_cat?post=3990301"},{"taxonomy":"product_tag","embeddable":true,"href":"https:\/\/streetmarkets.fr\/app\/wp-json\/wp\/v2\/product_tag?post=3990301"}],"curies":[{"name":"wp","href":"https:\/\/api.w.org\/{rel}","templated":true}]}}