{"id":3990281,"date":"2026-04-21T00:59:43","date_gmt":"2026-04-20T22:59:43","guid":{"rendered":"https:\/\/streetmarkets.fr\/app\/produit\/pochette-piranesi-nuit\/"},"modified":"2026-05-05T00:59:39","modified_gmt":"2026-05-04T22:59:39","slug":"pochette-piranesi-nuit","status":"publish","type":"product","link":"https:\/\/streetmarkets.fr\/app\/produit\/pochette-piranesi-nuit\/","title":{"rendered":"Pochette Piranesi Nuit"},"content":{"rendered":"<p>Pochette Piranesi Nuit : La pochette qui glisse un d\u00e9cor d\u2019estampe dans le quotidien !\u00a0<\/p>\n<p>Palais aux allures antiques, panth\u00e8re sur la sc\u00e8ne et v\u00e9g\u00e9tation qui s\u2019\u00e9tend composent un d\u00e9cor riche et minutieux. Une pi\u00e8ce facile \u00e0 adopter qui m\u00eale illustration et fonctionnalit\u00e9.<br \/>On la glisse dans un cabas pour organiser les essentiels ou on la porte seule pour sortir l\u00e9ger. Cette pochette plate en coton d\u00e9voile le motif Piranesi dans une version noir sur fond blanc, inspir\u00e9e des gravures anciennes.\u00a0<\/p>\n<p>Pourquoi on l\u2019adopte :<\/p>\n<ul data-start=\"538\" data-end=\"850\">\n<li data-section-id=\"1pf5y2y\" data-start=\"538\" data-end=\"616\">Son format 27 x 19 cm, plat et spacieux .<\/li>\n<li data-section-id=\"1z0d3qr\" data-start=\"617\" data-end=\"701\">Son motif Piranesi inspir\u00e9 des gravures anciennes, rempli de d\u00e9tails \u00e0 observer.<\/li>\n<li data-section-id=\"h34uj6\" data-start=\"702\" data-end=\"763\">Sa fermeture zipp\u00e9e qui garde tout en place au quotidien.<\/li>\n<li data-section-id=\"ppbfq6\" data-start=\"764\" data-end=\"850\">Ses finitions en cuir de bovin italien qui structurent la silhouette de la pochette.<\/li>\n<\/ul>\n<p>C\u00f4t\u00e9 mati\u00e8re \/ fabrication :<br data-start=\"884\" data-end=\"887\">Corps : 100 % coton. Finitions : 100 % cuir de bovin italien. Cette pochette est fabriqu\u00e9e en Inde dans un atelier reconnu pour son savoir-faire textile.<\/p>\n<p>Le d\u00e9tail qui fait la diff\u00e9rence :\u00a0Ce dessin noir sur fond blanc, comme une gravure textile, accompagn\u00e9 d\u2019un d\u00e9tail en cuir marine qui souligne la fermeture.<\/p>\n","protected":false},"excerpt":{"rendered":"<p>Pochette Piranesi Nuit : La pochette qui glisse un d\u00e9cor d\u2019estampe dans le quotidien !\u00a0 Palais aux allures antiques, panth\u00e8re sur la sc\u00e8ne et v\u00e9g\u00e9tation qui s\u2019\u00e9tend composent un d\u00e9cor riche et minutieux. Une pi\u00e8ce facile \u00e0 adopter qui m\u00eale illustration et fonctionnalit\u00e9.On la glisse dans un cabas pour organiser les essentiels ou on la [&hellip;]<\/p>\n","protected":false},"featured_media":3990282,"comment_status":"open","ping_status":"closed","template":"","meta":[],"product_brand":[],"product_cat":[],"product_tag":[],"acf":[],"_links":{"self":[{"href":"https:\/\/streetmarkets.fr\/app\/wp-json\/wp\/v2\/product\/3990281"}],"collection":[{"href":"https:\/\/streetmarkets.fr\/app\/wp-json\/wp\/v2\/product"}],"about":[{"href":"https:\/\/streetmarkets.fr\/app\/wp-json\/wp\/v2\/types\/product"}],"replies":[{"embeddable":true,"href":"https:\/\/streetmarkets.fr\/app\/wp-json\/wp\/v2\/comments?post=3990281"}],"wp:featuredmedia":[{"embeddable":true,"href":"https:\/\/streetmarkets.fr\/app\/wp-json\/wp\/v2\/media\/3990282"}],"wp:attachment":[{"href":"https:\/\/streetmarkets.fr\/app\/wp-json\/wp\/v2\/media?parent=3990281"}],"wp:term":[{"taxonomy":"product_brand","embeddable":true,"href":"https:\/\/streetmarkets.fr\/app\/wp-json\/wp\/v2\/product_brand?post=3990281"},{"taxonomy":"product_cat","embeddable":true,"href":"https:\/\/streetmarkets.fr\/app\/wp-json\/wp\/v2\/product_cat?post=3990281"},{"taxonomy":"product_tag","embeddable":true,"href":"https:\/\/streetmarkets.fr\/app\/wp-json\/wp\/v2\/product_tag?post=3990281"}],"curies":[{"name":"wp","href":"https:\/\/api.w.org\/{rel}","templated":true}]}}