{"id":3990272,"date":"2026-04-21T00:59:43","date_gmt":"2026-04-20T22:59:43","guid":{"rendered":"https:\/\/streetmarkets.fr\/app\/produit\/panier-pomelo-terra\/"},"modified":"2026-05-10T00:59:23","modified_gmt":"2026-05-09T22:59:23","slug":"panier-pomelo-terra","status":"publish","type":"product","link":"https:\/\/streetmarkets.fr\/app\/produit\/panier-pomelo-terra\/","title":{"rendered":"Panier Pomelo Terra"},"content":{"rendered":"<p>Panier Pomelo Terra : Le panier qui sent d\u00e9j\u00e0 l\u2019\u00e9t\u00e9 !\u00a0<br \/>Chaque pi\u00e8ce poss\u00e8de ce charme des objets faits main, avec des d\u00e9tails qu\u2019on remarque au premier regard.<\/p>\n<p>Sur le devant, les motifs pomelos brod\u00e9s en laine et sequins donnent au panier un relief joyeux et solaire. Un clin d\u2019\u0153il estival qui transforme ce panier en accessoire \u00e0 part enti\u00e8re, aussi pratique que d\u00e9coratif.<\/p>\n<p>\u00c0 l\u2019int\u00e9rieur, une doublure en coton fa\u00e7on pochon permet de refermer le panier gr\u00e2ce \u00e0 un lien. Id\u00e9al pour prot\u00e9ger ses affaires lors d\u2019une journ\u00e9e \u00e0 la plage, d\u2019un march\u00e9 ou d\u2019une escapade en ville.<\/p>\n<p>Les lani\u00e8res en cuir pour le port\u00e9 \u00e9paule offrent une bonne tenue, tandis que les anses courtes en paille permettent aussi de le porter \u00e0 la main. Le patch en cuir emboss\u00e9 au dos et les rivets en laiton finition \u201cantic gold\u201d viennent compl\u00e9ter l\u2019ensemble avec des d\u00e9tails solides et durables.<\/p>\n<p>Ce qui nous plait particuli\u00e8rement :<\/p>\n<ul data-end=\"1576\" data-start=\"1249\">\n<li data-end=\"1299\" data-start=\"1249\">sa fibre de palmier doum tress\u00e9e \u00e0 la main<\/li>\n<li data-end=\"1349\" data-start=\"1300\">le motif pomelo brod\u00e9 en laine et sequins<\/li>\n<li data-end=\"1412\" data-start=\"1350\">la doublure pochon en coton \u00e9cru pour fermer le panier<\/li>\n<li data-end=\"1474\" data-start=\"1413\">les lani\u00e8res en cuir pour un port\u00e9 \u00e9paule confortable<\/li>\n<li data-end=\"1535\" data-start=\"1475\">les anses courtes en paille pour le porter \u00e0 la main<\/li>\n<li data-end=\"1576\" data-start=\"1536\">son grand format : 40 \u00d7 30 \u00d7 25 cm<\/li>\n<\/ul>\n<p>\u00c0 savoir :\u00a0La paille \u00e9tant une mati\u00e8re naturelle, de l\u00e9g\u00e8res variations de couleur peuvent appara\u00eetre. Pour l\u2019entretien, il suffit de nettoyer le panier avec un chiffon, un peu d\u2019eau chaude et une noisette de savon de Marseille, sans trop mouiller les fibres.<\/p>\n","protected":false},"excerpt":{"rendered":"<p>Panier Pomelo Terra : Le panier qui sent d\u00e9j\u00e0 l\u2019\u00e9t\u00e9 !\u00a0Chaque pi\u00e8ce poss\u00e8de ce charme des objets faits main, avec des d\u00e9tails qu\u2019on remarque au premier regard. Sur le devant, les motifs pomelos brod\u00e9s en laine et sequins donnent au panier un relief joyeux et solaire. Un clin d\u2019\u0153il estival qui transforme ce panier en [&hellip;]<\/p>\n","protected":false},"featured_media":3990273,"comment_status":"open","ping_status":"closed","template":"","meta":[],"product_brand":[],"product_cat":[],"product_tag":[],"acf":[],"_links":{"self":[{"href":"https:\/\/streetmarkets.fr\/app\/wp-json\/wp\/v2\/product\/3990272"}],"collection":[{"href":"https:\/\/streetmarkets.fr\/app\/wp-json\/wp\/v2\/product"}],"about":[{"href":"https:\/\/streetmarkets.fr\/app\/wp-json\/wp\/v2\/types\/product"}],"replies":[{"embeddable":true,"href":"https:\/\/streetmarkets.fr\/app\/wp-json\/wp\/v2\/comments?post=3990272"}],"wp:featuredmedia":[{"embeddable":true,"href":"https:\/\/streetmarkets.fr\/app\/wp-json\/wp\/v2\/media\/3990273"}],"wp:attachment":[{"href":"https:\/\/streetmarkets.fr\/app\/wp-json\/wp\/v2\/media?parent=3990272"}],"wp:term":[{"taxonomy":"product_brand","embeddable":true,"href":"https:\/\/streetmarkets.fr\/app\/wp-json\/wp\/v2\/product_brand?post=3990272"},{"taxonomy":"product_cat","embeddable":true,"href":"https:\/\/streetmarkets.fr\/app\/wp-json\/wp\/v2\/product_cat?post=3990272"},{"taxonomy":"product_tag","embeddable":true,"href":"https:\/\/streetmarkets.fr\/app\/wp-json\/wp\/v2\/product_tag?post=3990272"}],"curies":[{"name":"wp","href":"https:\/\/api.w.org\/{rel}","templated":true}]}}