{"id":3990237,"date":"2026-04-21T00:59:40","date_gmt":"2026-04-20T22:59:40","guid":{"rendered":"https:\/\/streetmarkets.fr\/app\/produit\/sac-lego-piano-noir\/"},"modified":"2026-05-08T00:59:52","modified_gmt":"2026-05-07T22:59:52","slug":"sac-lego-piano-noir","status":"publish","type":"product","link":"https:\/\/streetmarkets.fr\/app\/produit\/sac-lego-piano-noir\/","title":{"rendered":"Sac Lego Piano Noir"},"content":{"rendered":"<div class=\"flex flex-col text-sm pb-25\">\n<article class=\"text-token-text-primary w-full focus:outline-none [--shadow-height:45px] has-data-writing-block:pointer-events-none has-data-writing-block:-mt-(--shadow-height) has-data-writing-block:pt-(--shadow-height) [&amp;:has([data-writing-block])&gt;*]:pointer-events-auto scroll-mt-[calc(var(--header-height)+min(200px,max(70px,20svh)))]\" dir=\"auto\" data-turn-id=\"request-69944f3b-2ddc-8325-b962-550439f224a5-9\" data-testid=\"conversation-turn-180\" data-scroll-anchor=\"true\" data-turn=\"assistant\">\n<div class=\"text-base my-auto mx-auto pb-10 [--thread-content-margin:--spacing(4)] @w-sm\/main:[--thread-content-margin:--spacing(6)] @w-lg\/main:[--thread-content-margin:--spacing(16)] px-(--thread-content-margin)\">\n<div class=\"[--thread-content-max-width:40rem] @w-lg\/main:[--thread-content-max-width:48rem] mx-auto max-w-(--thread-content-max-width) flex-1 group\/turn-messages focus-visible:outline-hidden relative flex w-full min-w-0 flex-col agent-turn\">\n<div class=\"flex max-w-full flex-col grow\">\n<div data-message-author-role=\"assistant\" data-message-id=\"4895a5d2-a523-4b5f-833a-8ca3781dedb7\" dir=\"auto\" data-message-model-slug=\"gpt-5-3\" class=\"min-h-8 text-message relative flex w-full flex-col items-end gap-2 text-start break-words whitespace-normal [.text-message+&amp;]:mt-1\">\n<div class=\"flex w-full flex-col gap-1 empty:hidden first:pt-[1px]\">\n<div class=\"markdown prose dark:prose-invert w-full wrap-break-word light markdown-new-styling\">\n<p data-start=\"0\" data-end=\"65\"><strong data-start=\"0\" data-end=\"65\">Sac motif clavier de piano en briques Lego noir et blanc<br \/><\/strong>Le rythme au bout de la cha\u00eene.<br \/>Noir et blanc, parfaitement cadenc\u00e9, ce sac \u00e9voque les touches d\u2019un piano en pleine m\u00e9lodie. Port\u00e9 \u00e0 l\u2019\u00e9paule ou en bandouli\u00e8re, il donne le tempo \u00e0 la silhouette avec \u00e9l\u00e9gance. Son motif en relief joue avec la lumi\u00e8re et les contrastes, cr\u00e9ant un effet visuel \u00e0 la fois graphique et sophistiqu\u00e9. Une pi\u00e8ce qui transforme chaque d\u00e9placement en partition styl\u00e9e.<\/p>\n<p data-start=\"505\" data-end=\"735\"><strong data-start=\"505\" data-end=\"529\">Pourquoi on l\u2019aime :<\/strong><br data-start=\"529\" data-end=\"532\">\u2013 Son motif clavier de piano, graphique et intemporel<br data-start=\"585\" data-end=\"588\">\u2013 Son contraste noir et blanc, toujours \u00e9l\u00e9gant<br data-start=\"635\" data-end=\"638\">\u2013 Son relief en briques Lego, original et textur\u00e9<br data-start=\"687\" data-end=\"690\">\u2013 Sa cha\u00eene amovible pour varier les port\u00e9s<\/p>\n<p data-start=\"737\" data-end=\"969\"><strong data-start=\"737\" data-end=\"767\">C\u00f4t\u00e9 mati\u00e8re \/ fabrication<\/strong><br data-start=\"767\" data-end=\"770\">Fabriqu\u00e9 \u00e0 la main en Espagne, ce sac combine une structure en plastique ABS, des perles de verre, une doublure en polyester et des finitions m\u00e9talliques. Un assemblage pr\u00e9cis qui donne vie au motif.<\/p>\n<p data-start=\"971\" data-end=\"1099\"><strong data-start=\"971\" data-end=\"1007\">Le d\u00e9tail qui fait la diff\u00e9rence<\/strong><br data-start=\"1007\" data-end=\"1010\">Un jeu de briques qui recr\u00e9e l\u2019illusion d\u2019un clavier en relief, presque pr\u00eat \u00e0 \u00eatre jou\u00e9.<\/p>\n<p data-start=\"1101\" data-end=\"1242\"><br data-start=\"1125\" data-end=\"1128\"><\/p>\n<p>\n<\/div>\n<\/div>\n<\/div>\n<\/div>\n<\/div>\n<\/div>\n<\/article>\n<\/div>\n","protected":false},"excerpt":{"rendered":"<p>Sac motif clavier de piano en briques Lego noir et blancLe rythme au bout de la cha\u00eene.Noir et blanc, parfaitement cadenc\u00e9, ce sac \u00e9voque les touches d\u2019un piano en pleine m\u00e9lodie. Port\u00e9 \u00e0 l\u2019\u00e9paule ou en bandouli\u00e8re, il donne le tempo \u00e0 la silhouette avec \u00e9l\u00e9gance. Son motif en relief joue avec la lumi\u00e8re et [&hellip;]<\/p>\n","protected":false},"featured_media":3990238,"comment_status":"open","ping_status":"closed","template":"","meta":[],"product_brand":[],"product_cat":[],"product_tag":[],"acf":[],"_links":{"self":[{"href":"https:\/\/streetmarkets.fr\/app\/wp-json\/wp\/v2\/product\/3990237"}],"collection":[{"href":"https:\/\/streetmarkets.fr\/app\/wp-json\/wp\/v2\/product"}],"about":[{"href":"https:\/\/streetmarkets.fr\/app\/wp-json\/wp\/v2\/types\/product"}],"replies":[{"embeddable":true,"href":"https:\/\/streetmarkets.fr\/app\/wp-json\/wp\/v2\/comments?post=3990237"}],"wp:featuredmedia":[{"embeddable":true,"href":"https:\/\/streetmarkets.fr\/app\/wp-json\/wp\/v2\/media\/3990238"}],"wp:attachment":[{"href":"https:\/\/streetmarkets.fr\/app\/wp-json\/wp\/v2\/media?parent=3990237"}],"wp:term":[{"taxonomy":"product_brand","embeddable":true,"href":"https:\/\/streetmarkets.fr\/app\/wp-json\/wp\/v2\/product_brand?post=3990237"},{"taxonomy":"product_cat","embeddable":true,"href":"https:\/\/streetmarkets.fr\/app\/wp-json\/wp\/v2\/product_cat?post=3990237"},{"taxonomy":"product_tag","embeddable":true,"href":"https:\/\/streetmarkets.fr\/app\/wp-json\/wp\/v2\/product_tag?post=3990237"}],"curies":[{"name":"wp","href":"https:\/\/api.w.org\/{rel}","templated":true}]}}