{"id":3990232,"date":"2026-04-21T00:59:40","date_gmt":"2026-04-20T22:59:40","guid":{"rendered":"https:\/\/streetmarkets.fr\/app\/produit\/sac-lego-girl-power-jaune\/"},"modified":"2026-05-10T00:59:23","modified_gmt":"2026-05-09T22:59:23","slug":"sac-lego-girl-power-jaune","status":"publish","type":"product","link":"https:\/\/streetmarkets.fr\/app\/produit\/sac-lego-girl-power-jaune\/","title":{"rendered":"Sac Lego Girl Power Jaune"},"content":{"rendered":"<p data-start=\"0\" data-end=\"63\"><strong data-start=\"0\" data-end=\"63\">Sac Girl Power en briques Lego sur fond jaune \u00e9clatant<br \/><\/strong>Une d\u00e9claration qui se porte haut et fort.<br \/>Sur un fond jaune solaire, le message s\u2019affiche comme un manifeste. Port\u00e9 en bandouli\u00e8re au c\u0153ur de la ville ou \u00e0 la main pour twister une silhouette, ce sac attire l\u2019\u0153il et affirme l\u2019attitude. Les lettres en relief, construites en briques Lego, donnent du rythme et du caract\u00e8re. Un accessoire qui transforme chaque sortie en prise de position styl\u00e9e.<\/p>\n<p data-start=\"505\" data-end=\"735\"><strong data-start=\"505\" data-end=\"529\">Pourquoi on l\u2019aime :<\/strong><br data-start=\"529\" data-end=\"532\">\u2013 Son message Girl Power en briques Lego, graphique et affirm\u00e9<br data-start=\"594\" data-end=\"597\">\u2013 Son jaune vibrant, lumineux et audacieux<br data-start=\"639\" data-end=\"642\">\u2013 Sa cha\u00eene amovible pour adapter le port\u00e9<br data-start=\"684\" data-end=\"687\">\u2013 Son m\u00e9lange entre mode engag\u00e9e et esprit pop<\/p>\n<p data-start=\"737\" data-end=\"962\"><strong data-start=\"737\" data-end=\"767\">C\u00f4t\u00e9 mati\u00e8re \/ fabrication<\/strong><br data-start=\"767\" data-end=\"770\">Fabriqu\u00e9 \u00e0 la main en Espagne, ce sac combine une structure en plastique ABS, des perles de verre, une doublure en polyester et des finitions m\u00e9talliques. Chaque pi\u00e8ce est assembl\u00e9e avec soin.<\/p>\n<p data-start=\"964\" data-end=\"1100\"><strong data-start=\"964\" data-end=\"1000\">Le d\u00e9tail qui fait la diff\u00e9rence<\/strong><br data-start=\"1000\" data-end=\"1003\">Un message en relief compos\u00e9 brique par brique, qui donne au sac une dimension presque manifeste.<\/p>\n<p data-start=\"1102\" data-end=\"1248\"><br data-start=\"1126\" data-end=\"1129\"><\/p>\n","protected":false},"excerpt":{"rendered":"<p>Sac Girl Power en briques Lego sur fond jaune \u00e9clatantUne d\u00e9claration qui se porte haut et fort.Sur un fond jaune solaire, le message s\u2019affiche comme un manifeste. Port\u00e9 en bandouli\u00e8re au c\u0153ur de la ville ou \u00e0 la main pour twister une silhouette, ce sac attire l\u2019\u0153il et affirme l\u2019attitude. Les lettres en relief, construites [&hellip;]<\/p>\n","protected":false},"featured_media":3990233,"comment_status":"open","ping_status":"closed","template":"","meta":[],"product_brand":[],"product_cat":[],"product_tag":[],"acf":[],"_links":{"self":[{"href":"https:\/\/streetmarkets.fr\/app\/wp-json\/wp\/v2\/product\/3990232"}],"collection":[{"href":"https:\/\/streetmarkets.fr\/app\/wp-json\/wp\/v2\/product"}],"about":[{"href":"https:\/\/streetmarkets.fr\/app\/wp-json\/wp\/v2\/types\/product"}],"replies":[{"embeddable":true,"href":"https:\/\/streetmarkets.fr\/app\/wp-json\/wp\/v2\/comments?post=3990232"}],"wp:featuredmedia":[{"embeddable":true,"href":"https:\/\/streetmarkets.fr\/app\/wp-json\/wp\/v2\/media\/3990233"}],"wp:attachment":[{"href":"https:\/\/streetmarkets.fr\/app\/wp-json\/wp\/v2\/media?parent=3990232"}],"wp:term":[{"taxonomy":"product_brand","embeddable":true,"href":"https:\/\/streetmarkets.fr\/app\/wp-json\/wp\/v2\/product_brand?post=3990232"},{"taxonomy":"product_cat","embeddable":true,"href":"https:\/\/streetmarkets.fr\/app\/wp-json\/wp\/v2\/product_cat?post=3990232"},{"taxonomy":"product_tag","embeddable":true,"href":"https:\/\/streetmarkets.fr\/app\/wp-json\/wp\/v2\/product_tag?post=3990232"}],"curies":[{"name":"wp","href":"https:\/\/api.w.org\/{rel}","templated":true}]}}