{"id":3990183,"date":"2026-04-21T00:59:28","date_gmt":"2026-04-20T22:59:28","guid":{"rendered":"https:\/\/streetmarkets.fr\/app\/produit\/sac-sun-rose-et-rouge\/"},"modified":"2026-05-15T00:59:57","modified_gmt":"2026-05-14T22:59:57","slug":"sac-sun-rose-et-rouge","status":"publish","type":"product","link":"https:\/\/streetmarkets.fr\/app\/produit\/sac-sun-rose-et-rouge\/","title":{"rendered":"Sac Sun Rose et Rouge"},"content":{"rendered":"<p data-start=\"92\" data-end=\"161\">Sac Sun Rose et Rouge : Le compagnon qui illumine nos journ\u00e9es !\u00a0<br \/>On emporte tout ce qu\u2019il faut avec ce sac en \u00e9ponge rose \u00e0 rayures rouge, pens\u00e9 pour \u00eatre pratique tout en affichant un style solaire. Sa grande anse permet un port\u00e9 \u00e9paule confortable, parfait pour le march\u00e9, la plage ou nos balades improvis\u00e9es.<\/p>\n<p data-start=\"414\" data-end=\"613\">Des dimensions g\u00e9n\u00e9reuses de 55 x 40 cm, pour ce sac qui accueille tout ce dont on a besoin.\u00a0<\/p>\n<p data-start=\"615\" data-end=\"849\">\u2022 Sac en \u00e9ponge rose aux rayures verticales rouge.<br data-start=\"665\" data-end=\"668\">\u2022 Grande anse pour un port\u00e9 \u00e9paule pratique.<br data-start=\"781\" data-end=\"784\">\u2022 Design fun et lumineux, parfait pour nos journ\u00e9es en mode pop.<\/p>\n","protected":false},"excerpt":{"rendered":"<p>Sac Sun Rose et Rouge : Le compagnon qui illumine nos journ\u00e9es !\u00a0On emporte tout ce qu\u2019il faut avec ce sac en \u00e9ponge rose \u00e0 rayures rouge, pens\u00e9 pour \u00eatre pratique tout en affichant un style solaire. Sa grande anse permet un port\u00e9 \u00e9paule confortable, parfait pour le march\u00e9, la plage ou nos balades improvis\u00e9es. [&hellip;]<\/p>\n","protected":false},"featured_media":3990184,"comment_status":"open","ping_status":"closed","template":"","meta":[],"product_brand":[],"product_cat":[],"product_tag":[],"acf":[],"_links":{"self":[{"href":"https:\/\/streetmarkets.fr\/app\/wp-json\/wp\/v2\/product\/3990183"}],"collection":[{"href":"https:\/\/streetmarkets.fr\/app\/wp-json\/wp\/v2\/product"}],"about":[{"href":"https:\/\/streetmarkets.fr\/app\/wp-json\/wp\/v2\/types\/product"}],"replies":[{"embeddable":true,"href":"https:\/\/streetmarkets.fr\/app\/wp-json\/wp\/v2\/comments?post=3990183"}],"wp:featuredmedia":[{"embeddable":true,"href":"https:\/\/streetmarkets.fr\/app\/wp-json\/wp\/v2\/media\/3990184"}],"wp:attachment":[{"href":"https:\/\/streetmarkets.fr\/app\/wp-json\/wp\/v2\/media?parent=3990183"}],"wp:term":[{"taxonomy":"product_brand","embeddable":true,"href":"https:\/\/streetmarkets.fr\/app\/wp-json\/wp\/v2\/product_brand?post=3990183"},{"taxonomy":"product_cat","embeddable":true,"href":"https:\/\/streetmarkets.fr\/app\/wp-json\/wp\/v2\/product_cat?post=3990183"},{"taxonomy":"product_tag","embeddable":true,"href":"https:\/\/streetmarkets.fr\/app\/wp-json\/wp\/v2\/product_tag?post=3990183"}],"curies":[{"name":"wp","href":"https:\/\/api.w.org\/{rel}","templated":true}]}}