{"id":3990124,"date":"2026-04-21T00:59:24","date_gmt":"2026-04-20T22:59:24","guid":{"rendered":"https:\/\/streetmarkets.fr\/app\/produit\/sac-maxi-mia-dots\/"},"modified":"2026-05-05T00:59:30","modified_gmt":"2026-05-04T22:59:30","slug":"sac-maxi-mia-dots","status":"publish","type":"product","link":"https:\/\/streetmarkets.fr\/app\/produit\/sac-maxi-mia-dots\/","title":{"rendered":"Sac Maxi Mia Dots"},"content":{"rendered":"<p>Parce qu\u2019on a toujours besoin d\u2019un cabas qui fait sourire !\u00a0<br \/>Le sac maxi Mia Dots, c\u2019est un peu comme la pote qui dit jamais non : pr\u00eat pour le march\u00e9 du samedi, le bureau du lundi ou la plage du dimanche. Son format g\u00e9ant avale tout sans r\u00e2ler et son look \u00e0 pois met direct de bonne humeur.\u00a0 Et franchement, avec son jeu de poign\u00e9es courtes et longues, il s&#8217;adapte \u00e0 tout nos besoins. Alors qui a dit qu\u2019un cabas devait \u00eatre boring ?<\/p>\n<p>Pourquoi on craque :<\/p>\n<ul data-start=\"346\" data-end=\"641\">\n<li data-start=\"346\" data-end=\"448\">Parce qu\u2019avec ses pois noirs &amp; blancs, il a ce petit air r\u00e9tro-pop qui change des cabas plan-plan.<\/li>\n<li data-start=\"449\" data-end=\"539\">Parce que ses anses parme + kaki, c\u2019est l\u2019association improbable qui marche trop bien.<\/li>\n<li data-start=\"540\" data-end=\"641\">Parce qu\u2019il est assez grand pour tout trimballer, mais assez cool pour qu\u2019on le montre fi\u00e8rement.<\/li>\n<\/ul>\n<p>Le d\u00e9tail qu\u2019on adore :\u00a0Il est bio, fabriqu\u00e9 au Portugal, et il arrive \u00e0 transformer une vir\u00e9e au march\u00e9 en sortie styl\u00e9e.<\/p>\n","protected":false},"excerpt":{"rendered":"<p>Parce qu\u2019on a toujours besoin d\u2019un cabas qui fait sourire !\u00a0Le sac maxi Mia Dots, c\u2019est un peu comme la pote qui dit jamais non : pr\u00eat pour le march\u00e9 du samedi, le bureau du lundi ou la plage du dimanche. Son format g\u00e9ant avale tout sans r\u00e2ler et son look \u00e0 pois met direct [&hellip;]<\/p>\n","protected":false},"featured_media":3990125,"comment_status":"open","ping_status":"closed","template":"","meta":[],"product_brand":[],"product_cat":[],"product_tag":[],"acf":[],"_links":{"self":[{"href":"https:\/\/streetmarkets.fr\/app\/wp-json\/wp\/v2\/product\/3990124"}],"collection":[{"href":"https:\/\/streetmarkets.fr\/app\/wp-json\/wp\/v2\/product"}],"about":[{"href":"https:\/\/streetmarkets.fr\/app\/wp-json\/wp\/v2\/types\/product"}],"replies":[{"embeddable":true,"href":"https:\/\/streetmarkets.fr\/app\/wp-json\/wp\/v2\/comments?post=3990124"}],"wp:featuredmedia":[{"embeddable":true,"href":"https:\/\/streetmarkets.fr\/app\/wp-json\/wp\/v2\/media\/3990125"}],"wp:attachment":[{"href":"https:\/\/streetmarkets.fr\/app\/wp-json\/wp\/v2\/media?parent=3990124"}],"wp:term":[{"taxonomy":"product_brand","embeddable":true,"href":"https:\/\/streetmarkets.fr\/app\/wp-json\/wp\/v2\/product_brand?post=3990124"},{"taxonomy":"product_cat","embeddable":true,"href":"https:\/\/streetmarkets.fr\/app\/wp-json\/wp\/v2\/product_cat?post=3990124"},{"taxonomy":"product_tag","embeddable":true,"href":"https:\/\/streetmarkets.fr\/app\/wp-json\/wp\/v2\/product_tag?post=3990124"}],"curies":[{"name":"wp","href":"https:\/\/api.w.org\/{rel}","templated":true}]}}