{"id":3990109,"date":"2026-04-21T00:59:23","date_gmt":"2026-04-20T22:59:23","guid":{"rendered":"https:\/\/streetmarkets.fr\/app\/produit\/sac-emily-cognac\/"},"modified":"2026-05-15T00:59:38","modified_gmt":"2026-05-14T22:59:38","slug":"sac-emily-cognac","status":"publish","type":"product","link":"https:\/\/streetmarkets.fr\/app\/produit\/sac-emily-cognac\/","title":{"rendered":"Sac Emily Cognac"},"content":{"rendered":"<p>Sac Emilie Cognac : L\u2019hybride chic du quotidien !\u00a0<br \/>Banane ou mini sac ? Pas besoin de choisir : Emilie r\u00e9unit le meilleur des deux mondes. Pratique comme une banane, avec le chic en plus gr\u00e2ce \u00e0 sa forme structur\u00e9e et son cuir recycl\u00e9 cognac au charme intemporel. Il \u00e9pouse parfaitement la silhouette, tout en gardant nos essentiels \u00e0 port\u00e9e de main. Bref, un accessoire qu\u2019on enfile le matin et qu\u2019on ne quitte plus.<\/p>\n<p>Pens\u00e9 pour suivre nos rythmes et nos envies, il coche toutes les cases : design sobre et contemporain, taille id\u00e9ale, robustesse au quotidien\u2026 On comprend vite pourquoi c\u2019est devenu notre coup de c\u0153ur.<\/p>\n<p>On aime :<br data-start=\"637\" data-end=\"640\">\u2013 Son format discret et ultra pratique.<br data-start=\"678\" data-end=\"681\">\u2013 Son allure minimaliste mais affirm\u00e9e.<br data-start=\"719\" data-end=\"722\">\u2013 Son cuir recycl\u00e9 solide et facile \u00e0 vivre.<br data-start=\"765\" data-end=\"768\">\u2013 Sa lani\u00e8re ajustable pour s\u2019adapter \u00e0 tous les styles.<br data-start=\"823\" data-end=\"826\">\u2013 Son int\u00e9rieur bien organis\u00e9.<\/p>\n","protected":false},"excerpt":{"rendered":"<p>Sac Emilie Cognac : L\u2019hybride chic du quotidien !\u00a0Banane ou mini sac ? Pas besoin de choisir : Emilie r\u00e9unit le meilleur des deux mondes. Pratique comme une banane, avec le chic en plus gr\u00e2ce \u00e0 sa forme structur\u00e9e et son cuir recycl\u00e9 cognac au charme intemporel. Il \u00e9pouse parfaitement la silhouette, tout en gardant [&hellip;]<\/p>\n","protected":false},"featured_media":3990110,"comment_status":"open","ping_status":"closed","template":"","meta":[],"product_brand":[],"product_cat":[],"product_tag":[],"acf":[],"_links":{"self":[{"href":"https:\/\/streetmarkets.fr\/app\/wp-json\/wp\/v2\/product\/3990109"}],"collection":[{"href":"https:\/\/streetmarkets.fr\/app\/wp-json\/wp\/v2\/product"}],"about":[{"href":"https:\/\/streetmarkets.fr\/app\/wp-json\/wp\/v2\/types\/product"}],"replies":[{"embeddable":true,"href":"https:\/\/streetmarkets.fr\/app\/wp-json\/wp\/v2\/comments?post=3990109"}],"wp:featuredmedia":[{"embeddable":true,"href":"https:\/\/streetmarkets.fr\/app\/wp-json\/wp\/v2\/media\/3990110"}],"wp:attachment":[{"href":"https:\/\/streetmarkets.fr\/app\/wp-json\/wp\/v2\/media?parent=3990109"}],"wp:term":[{"taxonomy":"product_brand","embeddable":true,"href":"https:\/\/streetmarkets.fr\/app\/wp-json\/wp\/v2\/product_brand?post=3990109"},{"taxonomy":"product_cat","embeddable":true,"href":"https:\/\/streetmarkets.fr\/app\/wp-json\/wp\/v2\/product_cat?post=3990109"},{"taxonomy":"product_tag","embeddable":true,"href":"https:\/\/streetmarkets.fr\/app\/wp-json\/wp\/v2\/product_tag?post=3990109"}],"curies":[{"name":"wp","href":"https:\/\/api.w.org\/{rel}","templated":true}]}}