{"id":3990085,"date":"2026-04-21T00:59:21","date_gmt":"2026-04-20T22:59:21","guid":{"rendered":"https:\/\/streetmarkets.fr\/app\/produit\/porte-cartes-leopard\/"},"modified":"2026-05-10T00:59:13","modified_gmt":"2026-05-09T22:59:13","slug":"porte-cartes-leopard","status":"publish","type":"product","link":"https:\/\/streetmarkets.fr\/app\/produit\/porte-cartes-leopard\/","title":{"rendered":"Porte-cartes L\u00e9opard"},"content":{"rendered":"<p>Porte-cartes L\u00e9opard : Petit format, maxi style !\u00a0<br \/>Un format compact, une touche sauvage et des finitions l\u00e9ch\u00e9es : ce porte-cartes en cuir v\u00e9ritable ne passe pas inaper\u00e7u. Fabriqu\u00e9 en Italie avec du cuir de vachette, il allie \u00e9l\u00e9gance, praticit\u00e9 et grain de folie gr\u00e2ce \u00e0 son imprim\u00e9 l\u00e9opard.<\/p>\n<p>Avec son bouton-pression aimant\u00e9 en laiton, il garde vos essentiels bien \u00e0 l\u2019abri. Son unique compartiment accueille cartes, monnaie ou mini tr\u00e9sors du quotidien.<\/p>\n<p>On aime :<br data-start=\"571\" data-end=\"574\">\u2013 Son cuir de qualit\u00e9, souple et durable.<br data-start=\"614\" data-end=\"617\">\u2013 Sa fermeture s\u00e9curis\u00e9e et pratique.<br data-start=\"653\" data-end=\"656\">\u2013 Son motif l\u00e9opard, pour une touche audacieuse.<br data-start=\"703\" data-end=\"706\">\u2013 Son format mini \u00e0 glisser partout.<\/p>\n","protected":false},"excerpt":{"rendered":"<p>Porte-cartes L\u00e9opard : Petit format, maxi style !\u00a0Un format compact, une touche sauvage et des finitions l\u00e9ch\u00e9es : ce porte-cartes en cuir v\u00e9ritable ne passe pas inaper\u00e7u. Fabriqu\u00e9 en Italie avec du cuir de vachette, il allie \u00e9l\u00e9gance, praticit\u00e9 et grain de folie gr\u00e2ce \u00e0 son imprim\u00e9 l\u00e9opard. Avec son bouton-pression aimant\u00e9 en laiton, il [&hellip;]<\/p>\n","protected":false},"featured_media":3990086,"comment_status":"open","ping_status":"closed","template":"","meta":[],"product_brand":[],"product_cat":[],"product_tag":[],"acf":[],"_links":{"self":[{"href":"https:\/\/streetmarkets.fr\/app\/wp-json\/wp\/v2\/product\/3990085"}],"collection":[{"href":"https:\/\/streetmarkets.fr\/app\/wp-json\/wp\/v2\/product"}],"about":[{"href":"https:\/\/streetmarkets.fr\/app\/wp-json\/wp\/v2\/types\/product"}],"replies":[{"embeddable":true,"href":"https:\/\/streetmarkets.fr\/app\/wp-json\/wp\/v2\/comments?post=3990085"}],"wp:featuredmedia":[{"embeddable":true,"href":"https:\/\/streetmarkets.fr\/app\/wp-json\/wp\/v2\/media\/3990086"}],"wp:attachment":[{"href":"https:\/\/streetmarkets.fr\/app\/wp-json\/wp\/v2\/media?parent=3990085"}],"wp:term":[{"taxonomy":"product_brand","embeddable":true,"href":"https:\/\/streetmarkets.fr\/app\/wp-json\/wp\/v2\/product_brand?post=3990085"},{"taxonomy":"product_cat","embeddable":true,"href":"https:\/\/streetmarkets.fr\/app\/wp-json\/wp\/v2\/product_cat?post=3990085"},{"taxonomy":"product_tag","embeddable":true,"href":"https:\/\/streetmarkets.fr\/app\/wp-json\/wp\/v2\/product_tag?post=3990085"}],"curies":[{"name":"wp","href":"https:\/\/api.w.org\/{rel}","templated":true}]}}