{"id":3990072,"date":"2026-04-21T00:59:20","date_gmt":"2026-04-20T22:59:20","guid":{"rendered":"https:\/\/streetmarkets.fr\/app\/produit\/lampe-de-sac\/"},"modified":"2026-04-21T00:59:31","modified_gmt":"2026-04-20T22:59:31","slug":"lampe-de-sac","status":"publish","type":"product","link":"https:\/\/streetmarkets.fr\/app\/produit\/lampe-de-sac\/","title":{"rendered":"Lampe de sac"},"content":{"rendered":"<p data-start=\"98\" data-end=\"169\" class=\"\">Lampe de sac \u2013 La lumi\u00e8re qui sauve nos fouilles de derni\u00e8re minute.<br \/>Fini les gal\u00e8res pour retrouver nos cl\u00e9s, un rouge \u00e0 l\u00e8vres \u00e9gar\u00e9 ou ce fichu ticket de m\u00e9tro ! <br \/>On adopte cette lampe de sac ultra-pratique, aussi petite que fut\u00e9e. Mont\u00e9e sur une attache souple en silicone, elle s&#8217;accroche partout : \u00e0 l\u2019int\u00e9rieur d\u2019un sac, \u00e0 une anse, ou m\u00eame \u00e0 un trousseau de cl\u00e9s.<\/p>\n<p data-start=\"482\" data-end=\"745\" class=\"\">Et ce n\u2019est pas tout ! Elle nous \u00e9claire aussi sur le pas de la porte pour viser la serrure sans stress, m\u00eame quand il fait nuit noire. Compacte, l\u00e9g\u00e8re et toujours pr\u00eate \u00e0 rendre service, c\u2019est le petit gadget malin qu\u2019on glisse dans nos essentiels du quotidien.<\/p>\n<p data-start=\"747\" data-end=\"972\" class=\"\">On aime :<br data-start=\"760\" data-end=\"763\">\u2013 Son format mini mais costaud<br data-start=\"793\" data-end=\"796\">\u2013 L\u2019attache silicone qui se clippe en deux secondes<br data-start=\"847\" data-end=\"850\">\u2013 Son faisceau LED efficace pour tout rep\u00e9rer<br data-start=\"895\" data-end=\"898\">\u2013 L\u2019id\u00e9e d\u2019en avoir toujours une sous la main, ou plut\u00f4t sous la lumi\u00e8re !<\/p>\n<p data-start=\"1142\" data-end=\"1232\" class=\"\">\u00a0<\/p>\n","protected":false},"excerpt":{"rendered":"<p>Lampe de sac \u2013 La lumi\u00e8re qui sauve nos fouilles de derni\u00e8re minute.Fini les gal\u00e8res pour retrouver nos cl\u00e9s, un rouge \u00e0 l\u00e8vres \u00e9gar\u00e9 ou ce fichu ticket de m\u00e9tro ! On adopte cette lampe de sac ultra-pratique, aussi petite que fut\u00e9e. Mont\u00e9e sur une attache souple en silicone, elle s&#8217;accroche partout : \u00e0 l\u2019int\u00e9rieur [&hellip;]<\/p>\n","protected":false},"featured_media":3990073,"comment_status":"open","ping_status":"closed","template":"","meta":[],"product_brand":[],"product_cat":[],"product_tag":[],"acf":[],"_links":{"self":[{"href":"https:\/\/streetmarkets.fr\/app\/wp-json\/wp\/v2\/product\/3990072"}],"collection":[{"href":"https:\/\/streetmarkets.fr\/app\/wp-json\/wp\/v2\/product"}],"about":[{"href":"https:\/\/streetmarkets.fr\/app\/wp-json\/wp\/v2\/types\/product"}],"replies":[{"embeddable":true,"href":"https:\/\/streetmarkets.fr\/app\/wp-json\/wp\/v2\/comments?post=3990072"}],"wp:featuredmedia":[{"embeddable":true,"href":"https:\/\/streetmarkets.fr\/app\/wp-json\/wp\/v2\/media\/3990073"}],"wp:attachment":[{"href":"https:\/\/streetmarkets.fr\/app\/wp-json\/wp\/v2\/media?parent=3990072"}],"wp:term":[{"taxonomy":"product_brand","embeddable":true,"href":"https:\/\/streetmarkets.fr\/app\/wp-json\/wp\/v2\/product_brand?post=3990072"},{"taxonomy":"product_cat","embeddable":true,"href":"https:\/\/streetmarkets.fr\/app\/wp-json\/wp\/v2\/product_cat?post=3990072"},{"taxonomy":"product_tag","embeddable":true,"href":"https:\/\/streetmarkets.fr\/app\/wp-json\/wp\/v2\/product_tag?post=3990072"}],"curies":[{"name":"wp","href":"https:\/\/api.w.org\/{rel}","templated":true}]}}