{"id":3984001,"date":"2026-04-20T01:42:35","date_gmt":"2026-04-19T23:42:35","guid":{"rendered":"https:\/\/streetmarkets.fr\/app\/produit\/boucles-doreilles-rondes-en-corne-et-laiton\/"},"modified":"2026-05-06T01:42:53","modified_gmt":"2026-05-05T23:42:53","slug":"boucles-doreilles-rondes-en-corne-et-laiton","status":"publish","type":"product","link":"https:\/\/streetmarkets.fr\/app\/produit\/boucles-doreilles-rondes-en-corne-et-laiton\/","title":{"rendered":"Boucles d&#8217;oreilles rondes en corne et laiton"},"content":{"rendered":"<ul>\n<li>boucles d&#8217;oreilles en <strong>corne<\/strong> de vache et <strong>laiton recycl\u00e9<\/strong>\n<\/li>\n<li>r\u00e9alis\u00e9es au<strong> Swaziland<\/strong> par l&#8217;artisan<strong> Mduduzi <\/strong>, fils d&#8217;\u00e9leveurs de b\u00e9tail\n<\/li>\n<li>deux demi lunes\u00a0<\/li>\n<li>marque<b>\u00a0<\/b>fran\u00e7aise<b> MondUni<\/b>\n<\/li>\n<\/ul>\n","protected":false},"excerpt":{"rendered":"<p>boucles d&#8217;oreilles en corne de vache et laiton recycl\u00e9 r\u00e9alis\u00e9es au Swaziland par l&#8217;artisan Mduduzi , fils d&#8217;\u00e9leveurs de b\u00e9tail deux demi lunes\u00a0 marque\u00a0fran\u00e7aise MondUni<\/p>\n","protected":false},"featured_media":3984002,"comment_status":"open","ping_status":"closed","template":"","meta":[],"product_brand":[],"product_cat":[],"product_tag":[],"acf":[],"_links":{"self":[{"href":"https:\/\/streetmarkets.fr\/app\/wp-json\/wp\/v2\/product\/3984001"}],"collection":[{"href":"https:\/\/streetmarkets.fr\/app\/wp-json\/wp\/v2\/product"}],"about":[{"href":"https:\/\/streetmarkets.fr\/app\/wp-json\/wp\/v2\/types\/product"}],"replies":[{"embeddable":true,"href":"https:\/\/streetmarkets.fr\/app\/wp-json\/wp\/v2\/comments?post=3984001"}],"wp:featuredmedia":[{"embeddable":true,"href":"https:\/\/streetmarkets.fr\/app\/wp-json\/wp\/v2\/media\/3984002"}],"wp:attachment":[{"href":"https:\/\/streetmarkets.fr\/app\/wp-json\/wp\/v2\/media?parent=3984001"}],"wp:term":[{"taxonomy":"product_brand","embeddable":true,"href":"https:\/\/streetmarkets.fr\/app\/wp-json\/wp\/v2\/product_brand?post=3984001"},{"taxonomy":"product_cat","embeddable":true,"href":"https:\/\/streetmarkets.fr\/app\/wp-json\/wp\/v2\/product_cat?post=3984001"},{"taxonomy":"product_tag","embeddable":true,"href":"https:\/\/streetmarkets.fr\/app\/wp-json\/wp\/v2\/product_tag?post=3984001"}],"curies":[{"name":"wp","href":"https:\/\/api.w.org\/{rel}","templated":true}]}}