{"id":3983074,"date":"2026-04-20T01:19:47","date_gmt":"2026-04-19T23:19:47","guid":{"rendered":"https:\/\/streetmarkets.fr\/app\/produit\/mini-pochette-fast-food\/"},"modified":"2026-05-16T01:18:46","modified_gmt":"2026-05-15T23:18:46","slug":"mini-pochette-fast-food","status":"publish","type":"product","link":"https:\/\/streetmarkets.fr\/app\/produit\/mini-pochette-fast-food\/","title":{"rendered":"Mini Pochette Fast Food"},"content":{"rendered":"<h4><a href=\"https:\/\/frenchtouche.com\/collections\/studio-inktvis\" title=\"Collection Studio Inktvis\"><strong>Collection Studio Inktvis<\/strong><\/a><\/h4>\n<p>Fabriqu\u00e9e en polypropyl\u00e8ne tiss\u00e9 r\u00e9sistant (80 % recycl\u00e9) avec un rev\u00eatement protecteur BOPP, cette pochette est robuste, l\u00e9g\u00e8re et r\u00e9sistante \u00e0 l&#8217;eau. Son format de 10,5 x 8 cm est id\u00e9al pour ranger pi\u00e8ces, cartes ou juste de quoi vous offrir votre prochaine portion de frites !<\/p>\n<ul>\n<li>Dimensions : environ 10,5 x 8 cm<\/li>\n<li>Imprim\u00e9 des deux c\u00f4t\u00e9s avec le m\u00eame motif<\/li>\n<li>80 % de mat\u00e9riau recycl\u00e9 avec finition BOPP<\/li>\n<li>Robuste, l\u00e9ger et facile \u00e0 transporter<\/li>\n<li>Cr\u00e9ation originale du Studio Inktvis pour les gourmands<\/li>\n<\/ul>\n","protected":false},"excerpt":{"rendered":"<p>Collection Studio Inktvis Fabriqu\u00e9e en polypropyl\u00e8ne tiss\u00e9 r\u00e9sistant (80 % recycl\u00e9) avec un rev\u00eatement protecteur BOPP, cette pochette est robuste, l\u00e9g\u00e8re et r\u00e9sistante \u00e0 l&#8217;eau. Son format de 10,5 x 8 cm est id\u00e9al pour ranger pi\u00e8ces, cartes ou juste de quoi vous offrir votre prochaine portion de frites ! Dimensions : environ 10,5 x [&hellip;]<\/p>\n","protected":false},"featured_media":3983075,"comment_status":"open","ping_status":"closed","template":"","meta":[],"product_brand":[],"product_cat":[],"product_tag":[],"acf":[],"_links":{"self":[{"href":"https:\/\/streetmarkets.fr\/app\/wp-json\/wp\/v2\/product\/3983074"}],"collection":[{"href":"https:\/\/streetmarkets.fr\/app\/wp-json\/wp\/v2\/product"}],"about":[{"href":"https:\/\/streetmarkets.fr\/app\/wp-json\/wp\/v2\/types\/product"}],"replies":[{"embeddable":true,"href":"https:\/\/streetmarkets.fr\/app\/wp-json\/wp\/v2\/comments?post=3983074"}],"wp:featuredmedia":[{"embeddable":true,"href":"https:\/\/streetmarkets.fr\/app\/wp-json\/wp\/v2\/media\/3983075"}],"wp:attachment":[{"href":"https:\/\/streetmarkets.fr\/app\/wp-json\/wp\/v2\/media?parent=3983074"}],"wp:term":[{"taxonomy":"product_brand","embeddable":true,"href":"https:\/\/streetmarkets.fr\/app\/wp-json\/wp\/v2\/product_brand?post=3983074"},{"taxonomy":"product_cat","embeddable":true,"href":"https:\/\/streetmarkets.fr\/app\/wp-json\/wp\/v2\/product_cat?post=3983074"},{"taxonomy":"product_tag","embeddable":true,"href":"https:\/\/streetmarkets.fr\/app\/wp-json\/wp\/v2\/product_tag?post=3983074"}],"curies":[{"name":"wp","href":"https:\/\/api.w.org\/{rel}","templated":true}]}}