{"id":3983043,"date":"2026-04-19T08:40:49","date_gmt":"2026-04-19T06:40:49","guid":{"rendered":"https:\/\/streetmarkets.fr\/app\/produit\/boucles-doreilles-vivienne-sigal\/"},"modified":"2026-05-15T08:40:49","modified_gmt":"2026-05-15T06:40:49","slug":"boucles-doreilles-vivienne-sigal","status":"publish","type":"product","link":"https:\/\/streetmarkets.fr\/app\/produit\/boucles-doreilles-vivienne-sigal\/","title":{"rendered":"Boucles d&#8217;oreilles Vivienne &#8211; Sigal"},"content":{"rendered":"<p><span>Boucles d&#8217;oreilles dor\u00e9es orn\u00e9es d&#8217;une perle dor\u00e9e centrale, d&#8217;une vari\u00e9t\u00e9 d&#8217;anneaux ovales dor\u00e9s et argent\u00e9s textur\u00e9s, \u00a0et d&#8217;oxydes de zirconium.<\/span><\/p>\n<p>Composition : Laiton plaqu\u00e9 or 24 carats et plaqu\u00e9 argent , oxydes de zirconium<\/p>\n<p>Fabriqu\u00e9es en France<\/p>\n","protected":false},"excerpt":{"rendered":"<p>Boucles d&#8217;oreilles dor\u00e9es orn\u00e9es d&#8217;une perle dor\u00e9e centrale, d&#8217;une vari\u00e9t\u00e9 d&#8217;anneaux ovales dor\u00e9s et argent\u00e9s textur\u00e9s, \u00a0et d&#8217;oxydes de zirconium. Composition : Laiton plaqu\u00e9 or 24 carats et plaqu\u00e9 argent , oxydes de zirconium Fabriqu\u00e9es en France<\/p>\n","protected":false},"featured_media":3983044,"comment_status":"open","ping_status":"closed","template":"","meta":[],"product_brand":[],"product_cat":[],"product_tag":[],"acf":[],"_links":{"self":[{"href":"https:\/\/streetmarkets.fr\/app\/wp-json\/wp\/v2\/product\/3983043"}],"collection":[{"href":"https:\/\/streetmarkets.fr\/app\/wp-json\/wp\/v2\/product"}],"about":[{"href":"https:\/\/streetmarkets.fr\/app\/wp-json\/wp\/v2\/types\/product"}],"replies":[{"embeddable":true,"href":"https:\/\/streetmarkets.fr\/app\/wp-json\/wp\/v2\/comments?post=3983043"}],"wp:featuredmedia":[{"embeddable":true,"href":"https:\/\/streetmarkets.fr\/app\/wp-json\/wp\/v2\/media\/3983044"}],"wp:attachment":[{"href":"https:\/\/streetmarkets.fr\/app\/wp-json\/wp\/v2\/media?parent=3983043"}],"wp:term":[{"taxonomy":"product_brand","embeddable":true,"href":"https:\/\/streetmarkets.fr\/app\/wp-json\/wp\/v2\/product_brand?post=3983043"},{"taxonomy":"product_cat","embeddable":true,"href":"https:\/\/streetmarkets.fr\/app\/wp-json\/wp\/v2\/product_cat?post=3983043"},{"taxonomy":"product_tag","embeddable":true,"href":"https:\/\/streetmarkets.fr\/app\/wp-json\/wp\/v2\/product_tag?post=3983043"}],"curies":[{"name":"wp","href":"https:\/\/api.w.org\/{rel}","templated":true}]}}