{"id":3973091,"date":"2026-04-18T02:06:18","date_gmt":"2026-04-18T00:06:18","guid":{"rendered":"https:\/\/streetmarkets.fr\/app\/produit\/ymc-deadbeat-trouser-navy\/"},"modified":"2026-05-06T02:06:15","modified_gmt":"2026-05-06T00:06:15","slug":"ymc-deadbeat-trouser-navy","status":"publish","type":"product","link":"https:\/\/streetmarkets.fr\/app\/produit\/ymc-deadbeat-trouser-navy\/","title":{"rendered":"YMC DEADBEAT Trouser Navy"},"content":{"rendered":"<div class=\"woocommerce-product-details__short-description\">\n<p><b>Cr\u00e9ateur :<\/b> YMC, You Must Create<\/p>\n<p><b>R\u00e9alisation : <\/b><span class=\"Y2IQFc\" lang=\"fr\">Pantalon taille haute \u00e0 jambes larges. M\u00e9lange technique de coton recycl\u00e9. Finition d\u00e9perlante. Plis sur le devant. Deux poches lat\u00e9rales et une poche plaqu\u00e9e \u00e0 l&rsquo;arri\u00e8re. Fermeture \u00e0 bouton en corozo \u00e0 la taille. \u00a0Braguette zipp\u00e9e YKK Empi\u00e8cement fendu sur les jambes et ourlet profond. Coupe ample et cintr\u00e9e.<\/span><\/p>\n<p><b><\/b><span class=\"Y2IQFc\" lang=\"fr\">75% Recycled Polyamide 25% Cotton. Entretien : Lavage en machine \u00e0 froid.<\/span><\/p>\n<p>Code produit : Q4AAF40<b><br \/>\n<\/b><\/p>\n<p>&nbsp;<\/p>\n<p>&nbsp;<\/p>\n<\/div>\n","protected":false},"excerpt":{"rendered":"<p>Cr\u00e9ateur : YMC, You Must Create R\u00e9alisation : Pantalon taille haute \u00e0 jambes larges. M\u00e9lange technique de coton recycl\u00e9. Finition d\u00e9perlante. Plis sur le devant. Deux poches lat\u00e9rales et une poche plaqu\u00e9e \u00e0 l&rsquo;arri\u00e8re. Fermeture \u00e0 bouton en corozo \u00e0 la taille. \u00a0Braguette zipp\u00e9e YKK Empi\u00e8cement fendu sur les jambes et ourlet profond. Coupe ample [&hellip;]<\/p>\n","protected":false},"featured_media":3973092,"comment_status":"open","ping_status":"closed","template":"","meta":[],"product_brand":[],"product_cat":[],"product_tag":[],"acf":[],"_links":{"self":[{"href":"https:\/\/streetmarkets.fr\/app\/wp-json\/wp\/v2\/product\/3973091"}],"collection":[{"href":"https:\/\/streetmarkets.fr\/app\/wp-json\/wp\/v2\/product"}],"about":[{"href":"https:\/\/streetmarkets.fr\/app\/wp-json\/wp\/v2\/types\/product"}],"replies":[{"embeddable":true,"href":"https:\/\/streetmarkets.fr\/app\/wp-json\/wp\/v2\/comments?post=3973091"}],"wp:featuredmedia":[{"embeddable":true,"href":"https:\/\/streetmarkets.fr\/app\/wp-json\/wp\/v2\/media\/3973092"}],"wp:attachment":[{"href":"https:\/\/streetmarkets.fr\/app\/wp-json\/wp\/v2\/media?parent=3973091"}],"wp:term":[{"taxonomy":"product_brand","embeddable":true,"href":"https:\/\/streetmarkets.fr\/app\/wp-json\/wp\/v2\/product_brand?post=3973091"},{"taxonomy":"product_cat","embeddable":true,"href":"https:\/\/streetmarkets.fr\/app\/wp-json\/wp\/v2\/product_cat?post=3973091"},{"taxonomy":"product_tag","embeddable":true,"href":"https:\/\/streetmarkets.fr\/app\/wp-json\/wp\/v2\/product_tag?post=3973091"}],"curies":[{"name":"wp","href":"https:\/\/api.w.org\/{rel}","templated":true}]}}