{"id":3973052,"date":"2026-04-18T01:44:59","date_gmt":"2026-04-17T23:44:59","guid":{"rendered":"https:\/\/streetmarkets.fr\/app\/produit\/top-cemari-imprime-vert-en-ecovero\/"},"modified":"2026-05-11T01:45:19","modified_gmt":"2026-05-10T23:45:19","slug":"top-cemari-imprime-vert-en-ecovero","status":"publish","type":"product","link":"https:\/\/streetmarkets.fr\/app\/produit\/top-cemari-imprime-vert-en-ecovero\/","title":{"rendered":"Top Cemari imprim\u00e9 vert en Ecovero"},"content":{"rendered":"<ul>\n<li>top l\u00e9ger col v<\/li>\n<li>plis crois\u00e9 <strong>devant<\/strong> et plis <strong>dos<\/strong>\n<\/li>\n<li>sans manches\u00a0<\/li>\n<li>imprim\u00e9 <strong>aksana<\/strong> c\u00e9ladon d&#8217;inspiration africaine\u00a0<\/li>\n<li>petites fentes sur les c\u00f4t\u00e9s\u00a0<\/li>\n<li>100%\u00a0<strong>Ecovero<\/strong>\u00a0la viscose \u00e9cologique de<strong> Lenzing<\/strong>\n<\/li>\n<li>confection en <strong>Inde <img decoding=\"async\" src=\"https:\/\/cdn.shopify.com\/s\/files\/1\/0365\/8730\/7148\/files\/badge-ecovero_50x50.jpg?v=1589974738\" alt=\"\"><\/strong>\n<\/li>\n<li>marque fran\u00e7aise <strong>La Fianc\u00e9e<\/strong>\n<\/li>\n<\/ul>\n<p><\/p>\n<p><strong><br \/><\/strong><\/p>\n","protected":false},"excerpt":{"rendered":"<p>top l\u00e9ger col v plis crois\u00e9 devant et plis dos sans manches\u00a0 imprim\u00e9 aksana c\u00e9ladon d&#8217;inspiration africaine\u00a0 petites fentes sur les c\u00f4t\u00e9s\u00a0 100%\u00a0Ecovero\u00a0la viscose \u00e9cologique de Lenzing confection en Inde marque fran\u00e7aise La Fianc\u00e9e<\/p>\n","protected":false},"featured_media":3973053,"comment_status":"open","ping_status":"closed","template":"","meta":[],"product_brand":[],"product_cat":[],"product_tag":[],"acf":[],"_links":{"self":[{"href":"https:\/\/streetmarkets.fr\/app\/wp-json\/wp\/v2\/product\/3973052"}],"collection":[{"href":"https:\/\/streetmarkets.fr\/app\/wp-json\/wp\/v2\/product"}],"about":[{"href":"https:\/\/streetmarkets.fr\/app\/wp-json\/wp\/v2\/types\/product"}],"replies":[{"embeddable":true,"href":"https:\/\/streetmarkets.fr\/app\/wp-json\/wp\/v2\/comments?post=3973052"}],"wp:featuredmedia":[{"embeddable":true,"href":"https:\/\/streetmarkets.fr\/app\/wp-json\/wp\/v2\/media\/3973053"}],"wp:attachment":[{"href":"https:\/\/streetmarkets.fr\/app\/wp-json\/wp\/v2\/media?parent=3973052"}],"wp:term":[{"taxonomy":"product_brand","embeddable":true,"href":"https:\/\/streetmarkets.fr\/app\/wp-json\/wp\/v2\/product_brand?post=3973052"},{"taxonomy":"product_cat","embeddable":true,"href":"https:\/\/streetmarkets.fr\/app\/wp-json\/wp\/v2\/product_cat?post=3973052"},{"taxonomy":"product_tag","embeddable":true,"href":"https:\/\/streetmarkets.fr\/app\/wp-json\/wp\/v2\/product_tag?post=3973052"}],"curies":[{"name":"wp","href":"https:\/\/api.w.org\/{rel}","templated":true}]}}