{"id":3972797,"date":"2026-04-18T01:19:51","date_gmt":"2026-04-17T23:19:51","guid":{"rendered":"https:\/\/streetmarkets.fr\/app\/produit\/carre-bandana-heartist-flashy\/"},"modified":"2026-05-13T01:20:06","modified_gmt":"2026-05-12T23:20:06","slug":"carre-bandana-heartist-flashy","status":"publish","type":"product","link":"https:\/\/streetmarkets.fr\/app\/produit\/carre-bandana-heartist-flashy\/","title":{"rendered":"Carr\u00e9 Bandana Heartist &#8211; Flashy"},"content":{"rendered":"<p><span><a title=\"Collection AN-NEE\" href=\"\/collections\/AN-NEE\"><strong>Collection AN-NEE<\/strong><\/a><\/span><\/p>\n<ul>\n<li>100% Twill de Soie<\/li>\n<li>Environ 55 x 55 cm\n<\/li>\n<li>Finitions : ourlet plat<\/li>\n<li>Livr\u00e9 dans sa bo\u00eete<\/li>\n<li>\n <span>Conseil d&#8217;entretien :\u00a0<\/span><span style=\"font-size: 0.875rem\">optez pour un lavage \u00e0 sec confi\u00e9 \u00e0 un professionnel<\/span>\n<\/li>\n<\/ul>\n<p>Dessin\u00e9 par Alexia <span>Nokovitch<\/span>, la cr\u00e9atrice de la marque<\/p>\n<p>:: Fabriqu\u00e9 et imprim\u00e9 en France ::<\/p>\n","protected":false},"excerpt":{"rendered":"<p>Collection AN-NEE 100% Twill de Soie Environ 55 x 55 cm Finitions : ourlet plat Livr\u00e9 dans sa bo\u00eete Conseil d&#8217;entretien :\u00a0optez pour un lavage \u00e0 sec confi\u00e9 \u00e0 un professionnel Dessin\u00e9 par Alexia Nokovitch, la cr\u00e9atrice de la marque :: Fabriqu\u00e9 et imprim\u00e9 en France ::<\/p>\n","protected":false},"featured_media":3972798,"comment_status":"open","ping_status":"closed","template":"","meta":[],"product_brand":[],"product_cat":[],"product_tag":[],"acf":[],"_links":{"self":[{"href":"https:\/\/streetmarkets.fr\/app\/wp-json\/wp\/v2\/product\/3972797"}],"collection":[{"href":"https:\/\/streetmarkets.fr\/app\/wp-json\/wp\/v2\/product"}],"about":[{"href":"https:\/\/streetmarkets.fr\/app\/wp-json\/wp\/v2\/types\/product"}],"replies":[{"embeddable":true,"href":"https:\/\/streetmarkets.fr\/app\/wp-json\/wp\/v2\/comments?post=3972797"}],"wp:featuredmedia":[{"embeddable":true,"href":"https:\/\/streetmarkets.fr\/app\/wp-json\/wp\/v2\/media\/3972798"}],"wp:attachment":[{"href":"https:\/\/streetmarkets.fr\/app\/wp-json\/wp\/v2\/media?parent=3972797"}],"wp:term":[{"taxonomy":"product_brand","embeddable":true,"href":"https:\/\/streetmarkets.fr\/app\/wp-json\/wp\/v2\/product_brand?post=3972797"},{"taxonomy":"product_cat","embeddable":true,"href":"https:\/\/streetmarkets.fr\/app\/wp-json\/wp\/v2\/product_cat?post=3972797"},{"taxonomy":"product_tag","embeddable":true,"href":"https:\/\/streetmarkets.fr\/app\/wp-json\/wp\/v2\/product_tag?post=3972797"}],"curies":[{"name":"wp","href":"https:\/\/api.w.org\/{rel}","templated":true}]}}