{"id":3972726,"date":"2026-04-18T00:56:59","date_gmt":"2026-04-17T22:56:59","guid":{"rendered":"https:\/\/streetmarkets.fr\/app\/produit\/chemise-rayee-rose\/"},"modified":"2026-05-06T00:56:44","modified_gmt":"2026-05-05T22:56:44","slug":"chemise-rayee-rose","status":"publish","type":"product","link":"https:\/\/streetmarkets.fr\/app\/produit\/chemise-rayee-rose\/","title":{"rendered":"Chemise ray\u00e9e &#8211; rose"},"content":{"rendered":"<p>Cette chemise ray\u00e9e est la pi\u00e8ce ma\u00eetresse du look &#8220;effortless chic&#8221;. Avec sa coupe ample oversized et ses \u00e9paules tombantes, elle emprunte les codes du vestiaire masculin tout en sublimant la f\u00e9minit\u00e9. Un coton ultra doux pour un confort absolu, c&#8217;est la chemise id\u00e9ale \u00e0 mettre \u00e0 toutes les saisons et que vous garderez \u00e0 vie.<\/p>\n<p>Composition : 100% COTON<\/p>\n","protected":false},"excerpt":{"rendered":"<p>Cette chemise ray\u00e9e est la pi\u00e8ce ma\u00eetresse du look &#8220;effortless chic&#8221;. Avec sa coupe ample oversized et ses \u00e9paules tombantes, elle emprunte les codes du vestiaire masculin tout en sublimant la f\u00e9minit\u00e9. Un coton ultra doux pour un confort absolu, c&#8217;est la chemise id\u00e9ale \u00e0 mettre \u00e0 toutes les saisons et que vous garderez \u00e0 [&hellip;]<\/p>\n","protected":false},"featured_media":3972727,"comment_status":"open","ping_status":"closed","template":"","meta":[],"product_brand":[],"product_cat":[],"product_tag":[],"acf":[],"_links":{"self":[{"href":"https:\/\/streetmarkets.fr\/app\/wp-json\/wp\/v2\/product\/3972726"}],"collection":[{"href":"https:\/\/streetmarkets.fr\/app\/wp-json\/wp\/v2\/product"}],"about":[{"href":"https:\/\/streetmarkets.fr\/app\/wp-json\/wp\/v2\/types\/product"}],"replies":[{"embeddable":true,"href":"https:\/\/streetmarkets.fr\/app\/wp-json\/wp\/v2\/comments?post=3972726"}],"wp:featuredmedia":[{"embeddable":true,"href":"https:\/\/streetmarkets.fr\/app\/wp-json\/wp\/v2\/media\/3972727"}],"wp:attachment":[{"href":"https:\/\/streetmarkets.fr\/app\/wp-json\/wp\/v2\/media?parent=3972726"}],"wp:term":[{"taxonomy":"product_brand","embeddable":true,"href":"https:\/\/streetmarkets.fr\/app\/wp-json\/wp\/v2\/product_brand?post=3972726"},{"taxonomy":"product_cat","embeddable":true,"href":"https:\/\/streetmarkets.fr\/app\/wp-json\/wp\/v2\/product_cat?post=3972726"},{"taxonomy":"product_tag","embeddable":true,"href":"https:\/\/streetmarkets.fr\/app\/wp-json\/wp\/v2\/product_tag?post=3972726"}],"curies":[{"name":"wp","href":"https:\/\/api.w.org\/{rel}","templated":true}]}}