{"id":3972688,"date":"2026-04-18T00:56:56","date_gmt":"2026-04-17T22:56:56","guid":{"rendered":"https:\/\/streetmarkets.fr\/app\/produit\/veste-courte-beige\/"},"modified":"2026-05-11T00:56:20","modified_gmt":"2026-05-10T22:56:20","slug":"veste-courte-beige","status":"publish","type":"product","link":"https:\/\/streetmarkets.fr\/app\/produit\/veste-courte-beige\/","title":{"rendered":"Veste courte &#8211; beige"},"content":{"rendered":"<p>Veste courte \u00e0 la coupe droite, dot\u00e9e d\u2019un col chemise et d\u2019une fermeture boutonn\u00e9e. Confectionn\u00e9e dans un tissu robuste et souple, elle offre une allure casual chic. Poignets ajustables et doublure imprim\u00e9e int\u00e9rieure visible au revers.<\/p>\n<p>Composition : 100%COTON ( DOUBLURE 97%POLYESTER, 3%ELASTHANNE)<\/p>\n<p>Lavage en machine \u00e0 30\u00b0 d\u00e9licat<\/p>\n","protected":false},"excerpt":{"rendered":"<p>Veste courte \u00e0 la coupe droite, dot\u00e9e d\u2019un col chemise et d\u2019une fermeture boutonn\u00e9e. Confectionn\u00e9e dans un tissu robuste et souple, elle offre une allure casual chic. Poignets ajustables et doublure imprim\u00e9e int\u00e9rieure visible au revers. Composition : 100%COTON ( DOUBLURE 97%POLYESTER, 3%ELASTHANNE) Lavage en machine \u00e0 30\u00b0 d\u00e9licat<\/p>\n","protected":false},"featured_media":3972689,"comment_status":"open","ping_status":"closed","template":"","meta":[],"product_brand":[],"product_cat":[],"product_tag":[],"acf":[],"_links":{"self":[{"href":"https:\/\/streetmarkets.fr\/app\/wp-json\/wp\/v2\/product\/3972688"}],"collection":[{"href":"https:\/\/streetmarkets.fr\/app\/wp-json\/wp\/v2\/product"}],"about":[{"href":"https:\/\/streetmarkets.fr\/app\/wp-json\/wp\/v2\/types\/product"}],"replies":[{"embeddable":true,"href":"https:\/\/streetmarkets.fr\/app\/wp-json\/wp\/v2\/comments?post=3972688"}],"wp:featuredmedia":[{"embeddable":true,"href":"https:\/\/streetmarkets.fr\/app\/wp-json\/wp\/v2\/media\/3972689"}],"wp:attachment":[{"href":"https:\/\/streetmarkets.fr\/app\/wp-json\/wp\/v2\/media?parent=3972688"}],"wp:term":[{"taxonomy":"product_brand","embeddable":true,"href":"https:\/\/streetmarkets.fr\/app\/wp-json\/wp\/v2\/product_brand?post=3972688"},{"taxonomy":"product_cat","embeddable":true,"href":"https:\/\/streetmarkets.fr\/app\/wp-json\/wp\/v2\/product_cat?post=3972688"},{"taxonomy":"product_tag","embeddable":true,"href":"https:\/\/streetmarkets.fr\/app\/wp-json\/wp\/v2\/product_tag?post=3972688"}],"curies":[{"name":"wp","href":"https:\/\/api.w.org\/{rel}","templated":true}]}}