{"id":3972678,"date":"2026-04-18T00:56:55","date_gmt":"2026-04-17T22:56:55","guid":{"rendered":"https:\/\/streetmarkets.fr\/app\/produit\/pantalon-fijanga-fuchsia\/"},"modified":"2026-05-11T00:56:20","modified_gmt":"2026-05-10T22:56:20","slug":"pantalon-fijanga-fuchsia","status":"publish","type":"product","link":"https:\/\/streetmarkets.fr\/app\/produit\/pantalon-fijanga-fuchsia\/","title":{"rendered":"Pantalon Fijanga Fuchsia"},"content":{"rendered":"<p>\u00c9l\u00e9gant et audacieux, le pantalon Fijanga Fuchsia est la pi\u00e8ce id\u00e9ale pour un look \u00e9clatant. Avec sa coupe fluide et sa teinte vibrante, il apporte une touche de dynamisme \u00e0 votre garde-robe.\u00a0<\/p>\n<p>Confectionn\u00e9 au Portugal.<\/p>\n<p>LE CONSEIL D&#8217;ASTRID<\/p>\n<p>Associez le pantalon Fijanga Fuchsia avec une blouse fluide blanche et une paire de sandales en cuir pour un look estival lumineux.<\/p>\n<p>D\u00c9TAILS<\/p>\n<ul>\n<li>100% Lyocell<\/li>\n<li>Pantalon ample ceintur\u00e9 en toile serg\u00e9 de lyocell<\/li>\n<\/ul>\n<p>CONSEIL D&#8217;ENTRETIEN<\/p>\n<p>&#8211; Lavage en machine \u00e0 30\u00b0C avec des coloris similaires<br \/>&#8211; \u00c9viter l\u2019essorage et le s\u00e8che-linge pour pr\u00e9server la qualit\u00e9 du tissu<br \/>&#8211; Privil\u00e9gier un s\u00e9chage \u00e0 l&#8217;air libre\u00a0<\/p>\n<p>LA MARQUE<\/p>\n<p>&#8211; Des v\u00eatements aux imprim\u00e9s de caract\u00e8re &#8211;<\/p>\n<p>Derri\u00e8re Apaches collections, se cachent deux femmes, Cl\u00e9mentine et Cl\u00e9mence, qui ont souhait\u00e9 cr\u00e9er un vestiaire pens\u00e9 pour la famille, s&#8217;inspirant de couleurs issues de la nature. Une fabrication en Inde, gr\u00e2ce \u00e0 la technique du block-print, permet \u00e0 la marque d&#8217;affirmer des imprim\u00e9s singuliers et de caract\u00e8re.<\/p>\n","protected":false},"excerpt":{"rendered":"<p>\u00c9l\u00e9gant et audacieux, le pantalon Fijanga Fuchsia est la pi\u00e8ce id\u00e9ale pour un look \u00e9clatant. Avec sa coupe fluide et sa teinte vibrante, il apporte une touche de dynamisme \u00e0 votre garde-robe.\u00a0 Confectionn\u00e9 au Portugal. LE CONSEIL D&#8217;ASTRID Associez le pantalon Fijanga Fuchsia avec une blouse fluide blanche et une paire de sandales en cuir [&hellip;]<\/p>\n","protected":false},"featured_media":3972679,"comment_status":"open","ping_status":"closed","template":"","meta":[],"product_brand":[],"product_cat":[],"product_tag":[],"acf":[],"_links":{"self":[{"href":"https:\/\/streetmarkets.fr\/app\/wp-json\/wp\/v2\/product\/3972678"}],"collection":[{"href":"https:\/\/streetmarkets.fr\/app\/wp-json\/wp\/v2\/product"}],"about":[{"href":"https:\/\/streetmarkets.fr\/app\/wp-json\/wp\/v2\/types\/product"}],"replies":[{"embeddable":true,"href":"https:\/\/streetmarkets.fr\/app\/wp-json\/wp\/v2\/comments?post=3972678"}],"wp:featuredmedia":[{"embeddable":true,"href":"https:\/\/streetmarkets.fr\/app\/wp-json\/wp\/v2\/media\/3972679"}],"wp:attachment":[{"href":"https:\/\/streetmarkets.fr\/app\/wp-json\/wp\/v2\/media?parent=3972678"}],"wp:term":[{"taxonomy":"product_brand","embeddable":true,"href":"https:\/\/streetmarkets.fr\/app\/wp-json\/wp\/v2\/product_brand?post=3972678"},{"taxonomy":"product_cat","embeddable":true,"href":"https:\/\/streetmarkets.fr\/app\/wp-json\/wp\/v2\/product_cat?post=3972678"},{"taxonomy":"product_tag","embeddable":true,"href":"https:\/\/streetmarkets.fr\/app\/wp-json\/wp\/v2\/product_tag?post=3972678"}],"curies":[{"name":"wp","href":"https:\/\/api.w.org\/{rel}","templated":true}]}}