{"id":3972618,"date":"2026-04-18T00:56:44","date_gmt":"2026-04-17T22:56:44","guid":{"rendered":"https:\/\/streetmarkets.fr\/app\/produit\/sweat-sunday-corazon-forest\/"},"modified":"2026-05-16T00:56:35","modified_gmt":"2026-05-15T22:56:35","slug":"sweat-sunday-corazon-forest","status":"publish","type":"product","link":"https:\/\/streetmarkets.fr\/app\/produit\/sweat-sunday-corazon-forest\/","title":{"rendered":"Sweat Sunday Corazon Forest"},"content":{"rendered":"<p>D\u00e9couvrez le sweatshirt SUNDAY, en coton molletonn\u00e9 ultra-doux. Son col rond et ses finitions en bord-c\u00f4te aux poignets et \u00e0 l\u2019ourlet garantissent une coupe parfaite. Modernis\u00e9 par un print distinctif sur la poitrine, il dynamise toutes vos tenues casual avec \u00e9l\u00e9gance.<\/p>\n<p>\u2022 Mati\u00e8re : 100% coton<br \/>\u2022 Conseils d\u2019entretien : Lavage \u00e0 30\u00b0 en cycle d\u00e9licat. Pas de blanchissant. Pas de s\u00e8che-linge. Repassage \u00e0 chaleur moyenne sur l&#8217;envers.<br \/>\u2022 Nous vous recommandons de laver le produit avant utilisation<br \/>\u2022 Confectionn\u00e9 au Portugal<br \/>\u2022 Les photos de l\u2019article \u00e0 plat offrent le meilleur aper\u00e7u de la couleur r\u00e9elle \u2014 fiez-vous \u00e0 celles-ci pour un rendu fid\u00e8le \u00e0 la r\u00e9alit\u00e9.<\/p>\n","protected":false},"excerpt":{"rendered":"<p>D\u00e9couvrez le sweatshirt SUNDAY, en coton molletonn\u00e9 ultra-doux. Son col rond et ses finitions en bord-c\u00f4te aux poignets et \u00e0 l\u2019ourlet garantissent une coupe parfaite. Modernis\u00e9 par un print distinctif sur la poitrine, il dynamise toutes vos tenues casual avec \u00e9l\u00e9gance. \u2022 Mati\u00e8re : 100% coton\u2022 Conseils d\u2019entretien : Lavage \u00e0 30\u00b0 en cycle d\u00e9licat. [&hellip;]<\/p>\n","protected":false},"featured_media":3972619,"comment_status":"open","ping_status":"closed","template":"","meta":[],"product_brand":[],"product_cat":[],"product_tag":[],"acf":[],"_links":{"self":[{"href":"https:\/\/streetmarkets.fr\/app\/wp-json\/wp\/v2\/product\/3972618"}],"collection":[{"href":"https:\/\/streetmarkets.fr\/app\/wp-json\/wp\/v2\/product"}],"about":[{"href":"https:\/\/streetmarkets.fr\/app\/wp-json\/wp\/v2\/types\/product"}],"replies":[{"embeddable":true,"href":"https:\/\/streetmarkets.fr\/app\/wp-json\/wp\/v2\/comments?post=3972618"}],"wp:featuredmedia":[{"embeddable":true,"href":"https:\/\/streetmarkets.fr\/app\/wp-json\/wp\/v2\/media\/3972619"}],"wp:attachment":[{"href":"https:\/\/streetmarkets.fr\/app\/wp-json\/wp\/v2\/media?parent=3972618"}],"wp:term":[{"taxonomy":"product_brand","embeddable":true,"href":"https:\/\/streetmarkets.fr\/app\/wp-json\/wp\/v2\/product_brand?post=3972618"},{"taxonomy":"product_cat","embeddable":true,"href":"https:\/\/streetmarkets.fr\/app\/wp-json\/wp\/v2\/product_cat?post=3972618"},{"taxonomy":"product_tag","embeddable":true,"href":"https:\/\/streetmarkets.fr\/app\/wp-json\/wp\/v2\/product_tag?post=3972618"}],"curies":[{"name":"wp","href":"https:\/\/api.w.org\/{rel}","templated":true}]}}