{"id":3972602,"date":"2026-04-18T00:56:43","date_gmt":"2026-04-17T22:56:43","guid":{"rendered":"https:\/\/streetmarkets.fr\/app\/produit\/veste-harai-chocolat\/"},"modified":"2026-05-13T00:56:41","modified_gmt":"2026-05-12T22:56:41","slug":"veste-harai-chocolat","status":"publish","type":"product","link":"https:\/\/streetmarkets.fr\/app\/produit\/veste-harai-chocolat\/","title":{"rendered":"Veste Harai Chocolat"},"content":{"rendered":"<p>Craquez pour la veste HARAI \u00e0 surpiq\u00fbres en forme de c\u0153ur, une pi\u00e8ce matelass\u00e9e au charme tendre et raffin\u00e9. Sa coupe teddy et ses manches raglan offrent une allure d\u00e9contract\u00e9e, tandis que ses poches passepoil\u00e9es et sa fermeture \u00e0 pressions allient praticit\u00e9 et style. Sa doublure imprim\u00e9e apporte la touche finale pleine de douceur.<\/p>\n<p>\u2022 Mati\u00e8re : 100% coton<br \/>\u2022 Conseils d\u2019entretien : Lavage \u00e0 sec. Pas de blanchiment ni de s\u00e8che-linge.<br \/>\u2022 Nous vous recommandons de laver le produit avant utilisation<br \/>\u2022 Les photos de l\u2019article \u00e0 plat offrent le meilleur aper\u00e7u de la couleur r\u00e9elle \u2014 fiez-vous \u00e0 celles-ci pour un rendu fid\u00e8le \u00e0 la r\u00e9alit\u00e9.<\/p>\n<p>TRA\u00c7ABILIT\u00c9<br \/>\u2022Tissage : Inde<br \/>\u2022Teinture et impression : Inde<br \/>\u2022Confection : Inde<\/p>\n","protected":false},"excerpt":{"rendered":"<p>Craquez pour la veste HARAI \u00e0 surpiq\u00fbres en forme de c\u0153ur, une pi\u00e8ce matelass\u00e9e au charme tendre et raffin\u00e9. Sa coupe teddy et ses manches raglan offrent une allure d\u00e9contract\u00e9e, tandis que ses poches passepoil\u00e9es et sa fermeture \u00e0 pressions allient praticit\u00e9 et style. Sa doublure imprim\u00e9e apporte la touche finale pleine de douceur. \u2022 [&hellip;]<\/p>\n","protected":false},"featured_media":3972603,"comment_status":"open","ping_status":"closed","template":"","meta":[],"product_brand":[],"product_cat":[],"product_tag":[],"acf":[],"_links":{"self":[{"href":"https:\/\/streetmarkets.fr\/app\/wp-json\/wp\/v2\/product\/3972602"}],"collection":[{"href":"https:\/\/streetmarkets.fr\/app\/wp-json\/wp\/v2\/product"}],"about":[{"href":"https:\/\/streetmarkets.fr\/app\/wp-json\/wp\/v2\/types\/product"}],"replies":[{"embeddable":true,"href":"https:\/\/streetmarkets.fr\/app\/wp-json\/wp\/v2\/comments?post=3972602"}],"wp:featuredmedia":[{"embeddable":true,"href":"https:\/\/streetmarkets.fr\/app\/wp-json\/wp\/v2\/media\/3972603"}],"wp:attachment":[{"href":"https:\/\/streetmarkets.fr\/app\/wp-json\/wp\/v2\/media?parent=3972602"}],"wp:term":[{"taxonomy":"product_brand","embeddable":true,"href":"https:\/\/streetmarkets.fr\/app\/wp-json\/wp\/v2\/product_brand?post=3972602"},{"taxonomy":"product_cat","embeddable":true,"href":"https:\/\/streetmarkets.fr\/app\/wp-json\/wp\/v2\/product_cat?post=3972602"},{"taxonomy":"product_tag","embeddable":true,"href":"https:\/\/streetmarkets.fr\/app\/wp-json\/wp\/v2\/product_tag?post=3972602"}],"curies":[{"name":"wp","href":"https:\/\/api.w.org\/{rel}","templated":true}]}}