{"id":3972535,"date":"2026-04-18T00:48:53","date_gmt":"2026-04-17T22:48:53","guid":{"rendered":"https:\/\/streetmarkets.fr\/app\/produit\/oakley-lunettes-rslv-141-matte-black-prizm-road-black\/"},"modified":"2026-05-11T00:48:55","modified_gmt":"2026-05-10T22:48:55","slug":"oakley-lunettes-rslv-141-matte-black-prizm-road-black","status":"publish","type":"product","link":"https:\/\/streetmarkets.fr\/app\/produit\/oakley-lunettes-rslv-141-matte-black-prizm-road-black\/","title":{"rendered":"Oakley Lunettes RSLV 141 Matte Black Prizm Road Black"},"content":{"rendered":"<p data-start=\"82\" data-end=\"572\">Lunettes de sport <span class=\"hover:entity-accent entity-underline inline cursor-pointer align-baseline\"><span class=\"whitespace-normal\">Oakley<\/span><\/span> RSLV 141 Matte Black Prizm Road Black, con\u00e7ues pour un ajustement id\u00e9al sur visages moyens. \u00c9cran large pour une vision panoramique et une protection maximale. Monture l\u00e9g\u00e8re et stable assurant un maintien parfait, m\u00eame lors d\u2019efforts intenses. Confort longue dur\u00e9e sans compromis. Verres Prizm\u2122 Road Black offrant un contraste renforc\u00e9 et une vision ultra pr\u00e9cise des d\u00e9tails. Id\u00e9ales pour cyclisme sur route, entra\u00eenement intensif et performance.<\/p>\n","protected":false},"excerpt":{"rendered":"<p>Lunettes de sport Oakley RSLV 141 Matte Black Prizm Road Black, con\u00e7ues pour un ajustement id\u00e9al sur visages moyens. \u00c9cran large pour une vision panoramique et une protection maximale. Monture l\u00e9g\u00e8re et stable assurant un maintien parfait, m\u00eame lors d\u2019efforts intenses. Confort longue dur\u00e9e sans compromis. Verres Prizm\u2122 Road Black offrant un contraste renforc\u00e9 et [&hellip;]<\/p>\n","protected":false},"featured_media":3972536,"comment_status":"open","ping_status":"closed","template":"","meta":[],"product_brand":[],"product_cat":[],"product_tag":[],"acf":[],"_links":{"self":[{"href":"https:\/\/streetmarkets.fr\/app\/wp-json\/wp\/v2\/product\/3972535"}],"collection":[{"href":"https:\/\/streetmarkets.fr\/app\/wp-json\/wp\/v2\/product"}],"about":[{"href":"https:\/\/streetmarkets.fr\/app\/wp-json\/wp\/v2\/types\/product"}],"replies":[{"embeddable":true,"href":"https:\/\/streetmarkets.fr\/app\/wp-json\/wp\/v2\/comments?post=3972535"}],"wp:featuredmedia":[{"embeddable":true,"href":"https:\/\/streetmarkets.fr\/app\/wp-json\/wp\/v2\/media\/3972536"}],"wp:attachment":[{"href":"https:\/\/streetmarkets.fr\/app\/wp-json\/wp\/v2\/media?parent=3972535"}],"wp:term":[{"taxonomy":"product_brand","embeddable":true,"href":"https:\/\/streetmarkets.fr\/app\/wp-json\/wp\/v2\/product_brand?post=3972535"},{"taxonomy":"product_cat","embeddable":true,"href":"https:\/\/streetmarkets.fr\/app\/wp-json\/wp\/v2\/product_cat?post=3972535"},{"taxonomy":"product_tag","embeddable":true,"href":"https:\/\/streetmarkets.fr\/app\/wp-json\/wp\/v2\/product_tag?post=3972535"}],"curies":[{"name":"wp","href":"https:\/\/api.w.org\/{rel}","templated":true}]}}