{"id":3972518,"date":"2026-04-18T00:48:41","date_gmt":"2026-04-17T22:48:41","guid":{"rendered":"https:\/\/streetmarkets.fr\/app\/produit\/oakley-lunettes-sutro-lite-sweep-matte-white-prizm-road\/"},"modified":"2026-05-13T00:48:40","modified_gmt":"2026-05-12T22:48:40","slug":"oakley-lunettes-sutro-lite-sweep-matte-white-prizm-road","status":"publish","type":"product","link":"https:\/\/streetmarkets.fr\/app\/produit\/oakley-lunettes-sutro-lite-sweep-matte-white-prizm-road\/","title":{"rendered":"Oakley Lunettes Sutro Lite Sweep Matte White Prizm Road"},"content":{"rendered":"<p>Les Oakley lunettes Sutro Lite Sweep Matte White Prizm Road allient la forme Sweep marquante des verres des Eyeshade \u00e0 la monture tr\u00e8s appr\u00e9ci\u00e9e des Sutro Lite.<\/p>\n<p>Il en r\u00e9sulte un design audacieux qui satisfait par de nombreuses caract\u00e9ristiques pour une longue dur\u00e9e de vie et un confort tout au long de la journ\u00e9e. Une couverture optimis\u00e9e, un champ de vision \u00e9largi, un port ferme et de la r\u00e9sistance aux chocs rendent ces lunettes de sport parfaites pour un style de vie actif.<\/p>\n","protected":false},"excerpt":{"rendered":"<p>Les Oakley lunettes Sutro Lite Sweep Matte White Prizm Road allient la forme Sweep marquante des verres des Eyeshade \u00e0 la monture tr\u00e8s appr\u00e9ci\u00e9e des Sutro Lite. Il en r\u00e9sulte un design audacieux qui satisfait par de nombreuses caract\u00e9ristiques pour une longue dur\u00e9e de vie et un confort tout au long de la journ\u00e9e. Une [&hellip;]<\/p>\n","protected":false},"featured_media":3972519,"comment_status":"open","ping_status":"closed","template":"","meta":[],"product_brand":[],"product_cat":[],"product_tag":[],"acf":[],"_links":{"self":[{"href":"https:\/\/streetmarkets.fr\/app\/wp-json\/wp\/v2\/product\/3972518"}],"collection":[{"href":"https:\/\/streetmarkets.fr\/app\/wp-json\/wp\/v2\/product"}],"about":[{"href":"https:\/\/streetmarkets.fr\/app\/wp-json\/wp\/v2\/types\/product"}],"replies":[{"embeddable":true,"href":"https:\/\/streetmarkets.fr\/app\/wp-json\/wp\/v2\/comments?post=3972518"}],"wp:featuredmedia":[{"embeddable":true,"href":"https:\/\/streetmarkets.fr\/app\/wp-json\/wp\/v2\/media\/3972519"}],"wp:attachment":[{"href":"https:\/\/streetmarkets.fr\/app\/wp-json\/wp\/v2\/media?parent=3972518"}],"wp:term":[{"taxonomy":"product_brand","embeddable":true,"href":"https:\/\/streetmarkets.fr\/app\/wp-json\/wp\/v2\/product_brand?post=3972518"},{"taxonomy":"product_cat","embeddable":true,"href":"https:\/\/streetmarkets.fr\/app\/wp-json\/wp\/v2\/product_cat?post=3972518"},{"taxonomy":"product_tag","embeddable":true,"href":"https:\/\/streetmarkets.fr\/app\/wp-json\/wp\/v2\/product_tag?post=3972518"}],"curies":[{"name":"wp","href":"https:\/\/api.w.org\/{rel}","templated":true}]}}