{"id":3972506,"date":"2026-04-17T08:40:42","date_gmt":"2026-04-17T06:40:42","guid":{"rendered":"https:\/\/streetmarkets.fr\/app\/produit\/bracelet-claudietta-bohemian-rhapsodie\/"},"modified":"2026-05-15T08:40:49","modified_gmt":"2026-05-15T06:40:49","slug":"bracelet-claudietta-bohemian-rhapsodie","status":"publish","type":"product","link":"https:\/\/streetmarkets.fr\/app\/produit\/bracelet-claudietta-bohemian-rhapsodie\/","title":{"rendered":"Bracelet Claudietta &#8211; Bohemian Rhapsodie"},"content":{"rendered":"<div class=\"ProductItem-details-excerpt ProductItem-details-excerpt-below-price\" data-content-field=\"excerpt\" id=\"yui_3_17_2_1_1748198785224_132\">\n<p data-rte-preserve-empty=\"true\">CLAUDIETTA bracelet est en Quartz multicolore et plaqu\u00e9 or 5 microns.<\/p>\n<p data-rte-preserve-empty=\"true\">Les quartz peuvent aider \u00e0 r\u00e9duire le stress et l\u2019anxi\u00e9t\u00e9, \u00e0 am\u00e9liorer la concentration et \u00e0 favoriser la relaxation.<\/p>\n<p data-rte-preserve-empty=\"true\">Elles peuvent \u00e9galement aider \u00e0 \u00e9quilibrer les \u00e9nergies et \u00e0 r\u00e9tablir l\u2019harmonie.<\/p>\n<p data-rte-preserve-empty=\"true\">Mesure : 18 cm<\/p>\n<\/div>\n<div class=\"ProductItem-quantity-add-to-cart\">\n<div class=\"product-quantity-input\" data-item-id=\"67d84d97b8f32226f0bec627\" data-animation-role=\"content\" id=\"yui_3_17_2_1_1748198785224_131\"><\/div>\n<\/div>\n","protected":false},"excerpt":{"rendered":"<p>CLAUDIETTA bracelet est en Quartz multicolore et plaqu\u00e9 or 5 microns. Les quartz peuvent aider \u00e0 r\u00e9duire le stress et l\u2019anxi\u00e9t\u00e9, \u00e0 am\u00e9liorer la concentration et \u00e0 favoriser la relaxation. Elles peuvent \u00e9galement aider \u00e0 \u00e9quilibrer les \u00e9nergies et \u00e0 r\u00e9tablir l\u2019harmonie. Mesure : 18 cm<\/p>\n","protected":false},"featured_media":3972507,"comment_status":"open","ping_status":"closed","template":"","meta":[],"product_brand":[],"product_cat":[],"product_tag":[],"acf":[],"_links":{"self":[{"href":"https:\/\/streetmarkets.fr\/app\/wp-json\/wp\/v2\/product\/3972506"}],"collection":[{"href":"https:\/\/streetmarkets.fr\/app\/wp-json\/wp\/v2\/product"}],"about":[{"href":"https:\/\/streetmarkets.fr\/app\/wp-json\/wp\/v2\/types\/product"}],"replies":[{"embeddable":true,"href":"https:\/\/streetmarkets.fr\/app\/wp-json\/wp\/v2\/comments?post=3972506"}],"wp:featuredmedia":[{"embeddable":true,"href":"https:\/\/streetmarkets.fr\/app\/wp-json\/wp\/v2\/media\/3972507"}],"wp:attachment":[{"href":"https:\/\/streetmarkets.fr\/app\/wp-json\/wp\/v2\/media?parent=3972506"}],"wp:term":[{"taxonomy":"product_brand","embeddable":true,"href":"https:\/\/streetmarkets.fr\/app\/wp-json\/wp\/v2\/product_brand?post=3972506"},{"taxonomy":"product_cat","embeddable":true,"href":"https:\/\/streetmarkets.fr\/app\/wp-json\/wp\/v2\/product_cat?post=3972506"},{"taxonomy":"product_tag","embeddable":true,"href":"https:\/\/streetmarkets.fr\/app\/wp-json\/wp\/v2\/product_tag?post=3972506"}],"curies":[{"name":"wp","href":"https:\/\/api.w.org\/{rel}","templated":true}]}}