{"id":3965830,"date":"2026-04-17T00:59:12","date_gmt":"2026-04-16T22:59:12","guid":{"rendered":"https:\/\/streetmarkets.fr\/app\/produit\/bague-nymphea-emeraude\/"},"modified":"2026-05-08T00:59:24","modified_gmt":"2026-05-07T22:59:24","slug":"bague-nymphea-emeraude","status":"publish","type":"product","link":"https:\/\/streetmarkets.fr\/app\/produit\/bague-nymphea-emeraude\/","title":{"rendered":"Bague Nymphea Emeraude"},"content":{"rendered":"<div class=\"flex flex-col text-sm pb-25\">\n<article class=\"text-token-text-primary w-full focus:outline-none [--shadow-height:45px] has-data-writing-block:pointer-events-none has-data-writing-block:-mt-(--shadow-height) has-data-writing-block:pt-(--shadow-height) [&amp;:has([data-writing-block])&gt;*]:pointer-events-auto scroll-mt-[calc(var(--header-height)+min(200px,max(70px,20svh)))]\" dir=\"auto\" data-turn-id=\"request-69944f3b-2ddc-8325-b962-550439f224a5-15\" data-testid=\"conversation-turn-236\" data-scroll-anchor=\"true\" data-turn=\"assistant\">\n<div class=\"text-base my-auto mx-auto pb-10 [--thread-content-margin:var(--thread-content-margin-xs,calc(var(--spacing)*4))] @w-sm\/main:[--thread-content-margin:var(--thread-content-margin-sm,calc(var(--spacing)*6))] @w-lg\/main:[--thread-content-margin:var(--thread-content-margin-lg,calc(var(--spacing)*16))] px-(--thread-content-margin)\">\n<div class=\"[--thread-content-max-width:40rem] @w-lg\/main:[--thread-content-max-width:48rem] mx-auto max-w-(--thread-content-max-width) flex-1 group\/turn-messages focus-visible:outline-hidden relative flex w-full min-w-0 flex-col agent-turn\">\n<div class=\"flex max-w-full flex-col gap-4 grow\">\n<div data-message-author-role=\"assistant\" data-message-id=\"8325ae8d-1e3f-45c3-b77b-729bec8acbef\" dir=\"auto\" data-message-model-slug=\"gpt-5-3\" class=\"min-h-8 text-message relative flex w-full flex-col items-end gap-2 text-start break-words whitespace-normal [.text-message+&amp;]:mt-1\">\n<div class=\"flex w-full flex-col gap-1 empty:hidden\">\n<div class=\"markdown prose dark:prose-invert w-full wrap-break-word light markdown-new-styling\">\n<p data-start=\"0\" data-end=\"57\">Bague Nymph\u00e9a \u00c9meraude : Une fleur qui ne fane jamais !\u00a0<br \/>Cette bague semble tout droit sortie d\u2019un jardin imaginaire. Avec son motif floral d\u00e9licatement grav\u00e9, elle \u00e9voque les fleurs qui flottent sur l\u2019eau dans les jardins de Giverny\u2026 mais en version bijou.<\/p>\n<p data-start=\"265\" data-end=\"503\">Au centre, la fleur d\u00e9voile plusieurs p\u00e9tales finement travaill\u00e9s, dont certains sont \u00e9maill\u00e9s dans des nuances entre bleu lagon et \u00e9meraude. Ce m\u00e9lange de dor\u00e9 et de couleurs cr\u00e9e un joli relief et donne beaucoup de vie au motif.<\/p>\n<p data-start=\"505\" data-end=\"735\">R\u00e9alis\u00e9e en laiton dor\u00e9 \u00e0 l\u2019or fin, cette bague est aussi ajustable, ce qui permet de l\u2019adapter facilement au doigt. Une pi\u00e8ce facile \u00e0 porter au quotidien, mais avec suffisamment de caract\u00e8re pour ne pas passer inaper\u00e7ue.<br \/>Pour qu\u2019elle garde longtemps son \u00e9clat, on \u00e9vite de vaporiser du parfum directement dessus et on la tient \u00e0 l\u2019\u00e9cart des produits comme le savon ou les d\u00e9tergents.<\/p>\n<p>\n<\/div>\n<\/div>\n<\/div>\n<\/div>\n<\/div>\n<\/div>\n<\/article>\n<\/div>\n","protected":false},"excerpt":{"rendered":"<p>Bague Nymph\u00e9a \u00c9meraude : Une fleur qui ne fane jamais !\u00a0Cette bague semble tout droit sortie d\u2019un jardin imaginaire. Avec son motif floral d\u00e9licatement grav\u00e9, elle \u00e9voque les fleurs qui flottent sur l\u2019eau dans les jardins de Giverny\u2026 mais en version bijou. Au centre, la fleur d\u00e9voile plusieurs p\u00e9tales finement travaill\u00e9s, dont certains sont \u00e9maill\u00e9s [&hellip;]<\/p>\n","protected":false},"featured_media":3965831,"comment_status":"open","ping_status":"closed","template":"","meta":[],"product_brand":[],"product_cat":[],"product_tag":[],"acf":[],"_links":{"self":[{"href":"https:\/\/streetmarkets.fr\/app\/wp-json\/wp\/v2\/product\/3965830"}],"collection":[{"href":"https:\/\/streetmarkets.fr\/app\/wp-json\/wp\/v2\/product"}],"about":[{"href":"https:\/\/streetmarkets.fr\/app\/wp-json\/wp\/v2\/types\/product"}],"replies":[{"embeddable":true,"href":"https:\/\/streetmarkets.fr\/app\/wp-json\/wp\/v2\/comments?post=3965830"}],"wp:featuredmedia":[{"embeddable":true,"href":"https:\/\/streetmarkets.fr\/app\/wp-json\/wp\/v2\/media\/3965831"}],"wp:attachment":[{"href":"https:\/\/streetmarkets.fr\/app\/wp-json\/wp\/v2\/media?parent=3965830"}],"wp:term":[{"taxonomy":"product_brand","embeddable":true,"href":"https:\/\/streetmarkets.fr\/app\/wp-json\/wp\/v2\/product_brand?post=3965830"},{"taxonomy":"product_cat","embeddable":true,"href":"https:\/\/streetmarkets.fr\/app\/wp-json\/wp\/v2\/product_cat?post=3965830"},{"taxonomy":"product_tag","embeddable":true,"href":"https:\/\/streetmarkets.fr\/app\/wp-json\/wp\/v2\/product_tag?post=3965830"}],"curies":[{"name":"wp","href":"https:\/\/api.w.org\/{rel}","templated":true}]}}