{"id":3965795,"date":"2026-04-16T20:05:54","date_gmt":"2026-04-16T18:05:54","guid":{"rendered":"https:\/\/streetmarkets.fr\/app\/produit\/t-shirt-en-coton-armor-lux-vintage-taille-s\/"},"modified":"2026-05-02T20:06:12","modified_gmt":"2026-05-02T18:06:12","slug":"t-shirt-en-coton-armor-lux-vintage-taille-s","status":"publish","type":"product","link":"https:\/\/streetmarkets.fr\/app\/produit\/t-shirt-en-coton-armor-lux-vintage-taille-s\/","title":{"rendered":"T-shirt en coton Armor-Lux vintage \u2022 Taille S"},"content":{"rendered":"<p>T-shirt jaune p\u00e2le en coton Armor Lux vintage,<br \/>fabriqu\u00e9 en France.<\/p>\n<p>Marque : Armor Lux<br \/>Composition : 100% coton<\/p>\n<p>Taille indiqu\u00e9e : 1<br \/>Taille estim\u00e9e : convient du XS au M pour un port\u00e9 plus ou moins ajust\u00e9<br \/>Longueur dos (cm): 61<br \/>Poitrine (cm): 36<br \/>Epaules (cm): 34<\/p>\n<p>Etat : deadstock<br \/>Merci de noter que les v\u00eatements ne sont pas neufs et qu\u2019ils peuvent porter l&#8217;usure d&#8217;une pi\u00e8ce de seconde main.<\/p>\n<p>Pour plus d&#8217;informations : <a title=\"Contactez-nous\" href=\"https:\/\/uniselection.fr\/pages\/contactez-nous\">contactez-nous<\/a>.<\/p>\n","protected":false},"excerpt":{"rendered":"<p>T-shirt jaune p\u00e2le en coton Armor Lux vintage,fabriqu\u00e9 en France. Marque : Armor LuxComposition : 100% coton Taille indiqu\u00e9e : 1Taille estim\u00e9e : convient du XS au M pour un port\u00e9 plus ou moins ajust\u00e9Longueur dos (cm): 61Poitrine (cm): 36Epaules (cm): 34 Etat : deadstockMerci de noter que les v\u00eatements ne sont pas neufs et [&hellip;]<\/p>\n","protected":false},"featured_media":3965796,"comment_status":"open","ping_status":"closed","template":"","meta":[],"product_brand":[],"product_cat":[],"product_tag":[],"acf":[],"_links":{"self":[{"href":"https:\/\/streetmarkets.fr\/app\/wp-json\/wp\/v2\/product\/3965795"}],"collection":[{"href":"https:\/\/streetmarkets.fr\/app\/wp-json\/wp\/v2\/product"}],"about":[{"href":"https:\/\/streetmarkets.fr\/app\/wp-json\/wp\/v2\/types\/product"}],"replies":[{"embeddable":true,"href":"https:\/\/streetmarkets.fr\/app\/wp-json\/wp\/v2\/comments?post=3965795"}],"wp:featuredmedia":[{"embeddable":true,"href":"https:\/\/streetmarkets.fr\/app\/wp-json\/wp\/v2\/media\/3965796"}],"wp:attachment":[{"href":"https:\/\/streetmarkets.fr\/app\/wp-json\/wp\/v2\/media?parent=3965795"}],"wp:term":[{"taxonomy":"product_brand","embeddable":true,"href":"https:\/\/streetmarkets.fr\/app\/wp-json\/wp\/v2\/product_brand?post=3965795"},{"taxonomy":"product_cat","embeddable":true,"href":"https:\/\/streetmarkets.fr\/app\/wp-json\/wp\/v2\/product_cat?post=3965795"},{"taxonomy":"product_tag","embeddable":true,"href":"https:\/\/streetmarkets.fr\/app\/wp-json\/wp\/v2\/product_tag?post=3965795"}],"curies":[{"name":"wp","href":"https:\/\/api.w.org\/{rel}","templated":true}]}}