{"id":3965760,"date":"2026-04-16T20:05:52","date_gmt":"2026-04-16T18:05:52","guid":{"rendered":"https:\/\/streetmarkets.fr\/app\/produit\/veste-en-cuir-vintage-taille-s-m\/"},"modified":"2026-05-11T20:05:45","modified_gmt":"2026-05-11T18:05:45","slug":"veste-en-cuir-vintage-taille-s-m","status":"publish","type":"product","link":"https:\/\/streetmarkets.fr\/app\/produit\/veste-en-cuir-vintage-taille-s-m\/","title":{"rendered":"Veste en cuir vintage \u2022 Taille S\/M"},"content":{"rendered":"<p>Veste bleu marine en cuir vintage, fermeture \u00e9clair.<\/p>\n<p>Marque : Mode Dame<br \/>Composition : 100% cuir, doublure polyester.<\/p>\n<p>Taille indiqu\u00e9e : M<br \/>Taille estim\u00e9e : correspond \u00e0 du S\/M<br \/>Longueur (cm) : 51<br \/>Poitrine (cm) : 46<br \/>Epaules (cm) : 41<br \/>Manche, aisselle \u00e0 poignet (cm) : 41<\/p>\n<p><span>\u00c9tat : tr\u00e8s bon.<\/span><br \/><span>Merci de noter que les v\u00eatements ne sont pas neufs et qu\u2019ils peuvent porter l&#8217;usure d&#8217;une pi\u00e8ce de seconde main.<\/span><\/p>\n<p>Pour plus d&#8217;informations : <a href=\"https:\/\/uniselection.fr\/pages\/contactez-nous\">contactez-nous<\/a>\u00a0ou via Instagram @uni.selection<\/p>\n","protected":false},"excerpt":{"rendered":"<p>Veste bleu marine en cuir vintage, fermeture \u00e9clair. Marque : Mode DameComposition : 100% cuir, doublure polyester. Taille indiqu\u00e9e : MTaille estim\u00e9e : correspond \u00e0 du S\/MLongueur (cm) : 51Poitrine (cm) : 46Epaules (cm) : 41Manche, aisselle \u00e0 poignet (cm) : 41 \u00c9tat : tr\u00e8s bon.Merci de noter que les v\u00eatements ne sont pas neufs [&hellip;]<\/p>\n","protected":false},"featured_media":3965761,"comment_status":"open","ping_status":"closed","template":"","meta":[],"product_brand":[],"product_cat":[],"product_tag":[],"acf":[],"_links":{"self":[{"href":"https:\/\/streetmarkets.fr\/app\/wp-json\/wp\/v2\/product\/3965760"}],"collection":[{"href":"https:\/\/streetmarkets.fr\/app\/wp-json\/wp\/v2\/product"}],"about":[{"href":"https:\/\/streetmarkets.fr\/app\/wp-json\/wp\/v2\/types\/product"}],"replies":[{"embeddable":true,"href":"https:\/\/streetmarkets.fr\/app\/wp-json\/wp\/v2\/comments?post=3965760"}],"wp:featuredmedia":[{"embeddable":true,"href":"https:\/\/streetmarkets.fr\/app\/wp-json\/wp\/v2\/media\/3965761"}],"wp:attachment":[{"href":"https:\/\/streetmarkets.fr\/app\/wp-json\/wp\/v2\/media?parent=3965760"}],"wp:term":[{"taxonomy":"product_brand","embeddable":true,"href":"https:\/\/streetmarkets.fr\/app\/wp-json\/wp\/v2\/product_brand?post=3965760"},{"taxonomy":"product_cat","embeddable":true,"href":"https:\/\/streetmarkets.fr\/app\/wp-json\/wp\/v2\/product_cat?post=3965760"},{"taxonomy":"product_tag","embeddable":true,"href":"https:\/\/streetmarkets.fr\/app\/wp-json\/wp\/v2\/product_tag?post=3965760"}],"curies":[{"name":"wp","href":"https:\/\/api.w.org\/{rel}","templated":true}]}}