{"id":3965746,"date":"2026-04-16T20:05:51","date_gmt":"2026-04-16T18:05:51","guid":{"rendered":"https:\/\/streetmarkets.fr\/app\/produit\/veste-en-jean-levis-engineered-taille-m-2\/"},"modified":"2026-05-11T20:05:45","modified_gmt":"2026-05-11T18:05:45","slug":"veste-en-jean-levis-engineered-taille-m-2","status":"publish","type":"product","link":"https:\/\/streetmarkets.fr\/app\/produit\/veste-en-jean-levis-engineered-taille-m-2\/","title":{"rendered":"Veste en jean Levi&#8217;s Engineered \u2022 Taille M"},"content":{"rendered":"<p>Veste en jean Levi&#8217;s Engineered vintage, deux poches poitrine, fermeture pressions.<\/p>\n<p>Marque : Levi&#8217;s<br \/>Composition : 70% coton, 30% lyocell<\/p>\n<p>Taille indiqu\u00e9e : M<br \/>Taille estim\u00e9e : correspond \u00e0 du M (peut convenir \u00e0 du S pour un porter plus ample)<br \/>Longueur (cm) : 58<br \/>Poitrine (cm) : 51<br \/>Epaules (cm) : 50<br \/>Manche, aisselle \u00e0 poignet (cm) : 49<\/p>\n<p>\u00c9tat : tr\u00e8s bon.<br \/>Merci de noter que les v\u00eatements ne sont pas neufs et qu\u2019ils peuvent porter l&#8217;usure d&#8217;une pi\u00e8ce de seconde main.<\/p>\n<p>Pour plus d&#8217;informations : contactez-nous.<\/p>\n","protected":false},"excerpt":{"rendered":"<p>Veste en jean Levi&#8217;s Engineered vintage, deux poches poitrine, fermeture pressions. Marque : Levi&#8217;sComposition : 70% coton, 30% lyocell Taille indiqu\u00e9e : MTaille estim\u00e9e : correspond \u00e0 du M (peut convenir \u00e0 du S pour un porter plus ample)Longueur (cm) : 58Poitrine (cm) : 51Epaules (cm) : 50Manche, aisselle \u00e0 poignet (cm) : 49 \u00c9tat [&hellip;]<\/p>\n","protected":false},"featured_media":3965747,"comment_status":"open","ping_status":"closed","template":"","meta":[],"product_brand":[1230],"product_cat":[],"product_tag":[],"acf":[],"_links":{"self":[{"href":"https:\/\/streetmarkets.fr\/app\/wp-json\/wp\/v2\/product\/3965746"}],"collection":[{"href":"https:\/\/streetmarkets.fr\/app\/wp-json\/wp\/v2\/product"}],"about":[{"href":"https:\/\/streetmarkets.fr\/app\/wp-json\/wp\/v2\/types\/product"}],"replies":[{"embeddable":true,"href":"https:\/\/streetmarkets.fr\/app\/wp-json\/wp\/v2\/comments?post=3965746"}],"wp:featuredmedia":[{"embeddable":true,"href":"https:\/\/streetmarkets.fr\/app\/wp-json\/wp\/v2\/media\/3965747"}],"wp:attachment":[{"href":"https:\/\/streetmarkets.fr\/app\/wp-json\/wp\/v2\/media?parent=3965746"}],"wp:term":[{"taxonomy":"product_brand","embeddable":true,"href":"https:\/\/streetmarkets.fr\/app\/wp-json\/wp\/v2\/product_brand?post=3965746"},{"taxonomy":"product_cat","embeddable":true,"href":"https:\/\/streetmarkets.fr\/app\/wp-json\/wp\/v2\/product_cat?post=3965746"},{"taxonomy":"product_tag","embeddable":true,"href":"https:\/\/streetmarkets.fr\/app\/wp-json\/wp\/v2\/product_tag?post=3965746"}],"curies":[{"name":"wp","href":"https:\/\/api.w.org\/{rel}","templated":true}]}}