{"id":3965660,"date":"2026-04-16T20:05:45","date_gmt":"2026-04-16T18:05:45","guid":{"rendered":"https:\/\/streetmarkets.fr\/app\/produit\/chemise-en-jean-vintage-taille-s\/"},"modified":"2026-05-09T20:05:54","modified_gmt":"2026-05-09T18:05:54","slug":"chemise-en-jean-vintage-taille-s","status":"publish","type":"product","link":"https:\/\/streetmarkets.fr\/app\/produit\/chemise-en-jean-vintage-taille-s\/","title":{"rendered":"Chemise en jean vintage \u2022 Taille S"},"content":{"rendered":"<p>Chemise en jean clair vintage, fermeture pressions.<\/p>\n<p>Marque : Scott &amp; Dixon<br \/>Composition : 100% coton<\/p>\n<p>Taille indiqu\u00e9e : 14<br \/>Taille estim\u00e9e : correspond \u00e0 du XS\/S<br \/>Longueur (cm) : 71,5<br \/>Poitrine (cm) : 52<br \/>Epaules (cm) : 49<br \/>Manche, aisselle \u00e0 poignet (cm) : 43<\/p>\n<p>Etat : bon. L\u00e9g\u00e8re patine.<br \/>Merci de noter que les v\u00eatements ne sont pas neufs et qu\u2019ils peuvent porter l&#8217;usure d&#8217;une pi\u00e8ce de seconde main.<\/p>\n<p>Pour plus d&#8217;informations : <a href=\"https:\/\/uniselection.fr\/pages\/contactez-nous\" title=\"Contactez-nous\">contactez-nous<\/a>.<\/p>\n","protected":false},"excerpt":{"rendered":"<p>Chemise en jean clair vintage, fermeture pressions. Marque : Scott &amp; DixonComposition : 100% coton Taille indiqu\u00e9e : 14Taille estim\u00e9e : correspond \u00e0 du XS\/SLongueur (cm) : 71,5Poitrine (cm) : 52Epaules (cm) : 49Manche, aisselle \u00e0 poignet (cm) : 43 Etat : bon. L\u00e9g\u00e8re patine.Merci de noter que les v\u00eatements ne sont pas neufs et [&hellip;]<\/p>\n","protected":false},"featured_media":3965661,"comment_status":"open","ping_status":"closed","template":"","meta":[],"product_brand":[],"product_cat":[],"product_tag":[],"acf":[],"_links":{"self":[{"href":"https:\/\/streetmarkets.fr\/app\/wp-json\/wp\/v2\/product\/3965660"}],"collection":[{"href":"https:\/\/streetmarkets.fr\/app\/wp-json\/wp\/v2\/product"}],"about":[{"href":"https:\/\/streetmarkets.fr\/app\/wp-json\/wp\/v2\/types\/product"}],"replies":[{"embeddable":true,"href":"https:\/\/streetmarkets.fr\/app\/wp-json\/wp\/v2\/comments?post=3965660"}],"wp:featuredmedia":[{"embeddable":true,"href":"https:\/\/streetmarkets.fr\/app\/wp-json\/wp\/v2\/media\/3965661"}],"wp:attachment":[{"href":"https:\/\/streetmarkets.fr\/app\/wp-json\/wp\/v2\/media?parent=3965660"}],"wp:term":[{"taxonomy":"product_brand","embeddable":true,"href":"https:\/\/streetmarkets.fr\/app\/wp-json\/wp\/v2\/product_brand?post=3965660"},{"taxonomy":"product_cat","embeddable":true,"href":"https:\/\/streetmarkets.fr\/app\/wp-json\/wp\/v2\/product_cat?post=3965660"},{"taxonomy":"product_tag","embeddable":true,"href":"https:\/\/streetmarkets.fr\/app\/wp-json\/wp\/v2\/product_tag?post=3965660"}],"curies":[{"name":"wp","href":"https:\/\/api.w.org\/{rel}","templated":true}]}}