{"id":3965629,"date":"2026-04-16T03:34:10","date_gmt":"2026-04-16T01:34:10","guid":{"rendered":"https:\/\/streetmarkets.fr\/app\/produit\/t-shirt-blanc-seconde-vue\/"},"modified":"2026-05-07T03:33:51","modified_gmt":"2026-05-07T01:33:51","slug":"t-shirt-blanc-seconde-vue","status":"publish","type":"product","link":"https:\/\/streetmarkets.fr\/app\/produit\/t-shirt-blanc-seconde-vue\/","title":{"rendered":"T-shirt Blanc &#8211; Seconde Vue"},"content":{"rendered":"<p><span>D\u00e9couvrez le premier t-shirt Seconde Vue, imagin\u00e9 par Louise Mauffroy. Chaque pi\u00e8ce a \u00e9t\u00e9 chin\u00e9e avec soin, rendant chaque t-shirt unique. Disponible du S au 2XL, ils ont \u00e9t\u00e9 s\u00e9rigraphi\u00e9s \u00e0 Paris. Le design met en sc\u00e8ne un visuel hypnotique inspir\u00e9 d\u2019une monture Mugler issue de nos archives de 1997. Entre esth\u00e9tique futuriste et r\u00e9f\u00e9rences organiques, ce design \u00e9voque un regard insecto\u00efde, signature forte de l\u2019univers Mugler de la fin des ann\u00e9es 90. Une pi\u00e8ce \u00e0 la crois\u00e9e de l\u2019archive et de la cr\u00e9ation contemporaine.\u00a0<\/span><\/p>\n","protected":false},"excerpt":{"rendered":"<p>D\u00e9couvrez le premier t-shirt Seconde Vue, imagin\u00e9 par Louise Mauffroy. Chaque pi\u00e8ce a \u00e9t\u00e9 chin\u00e9e avec soin, rendant chaque t-shirt unique. Disponible du S au 2XL, ils ont \u00e9t\u00e9 s\u00e9rigraphi\u00e9s \u00e0 Paris. Le design met en sc\u00e8ne un visuel hypnotique inspir\u00e9 d\u2019une monture Mugler issue de nos archives de 1997. Entre esth\u00e9tique futuriste et r\u00e9f\u00e9rences [&hellip;]<\/p>\n","protected":false},"featured_media":3965630,"comment_status":"open","ping_status":"closed","template":"","meta":[],"product_brand":[],"product_cat":[],"product_tag":[],"acf":[],"_links":{"self":[{"href":"https:\/\/streetmarkets.fr\/app\/wp-json\/wp\/v2\/product\/3965629"}],"collection":[{"href":"https:\/\/streetmarkets.fr\/app\/wp-json\/wp\/v2\/product"}],"about":[{"href":"https:\/\/streetmarkets.fr\/app\/wp-json\/wp\/v2\/types\/product"}],"replies":[{"embeddable":true,"href":"https:\/\/streetmarkets.fr\/app\/wp-json\/wp\/v2\/comments?post=3965629"}],"wp:featuredmedia":[{"embeddable":true,"href":"https:\/\/streetmarkets.fr\/app\/wp-json\/wp\/v2\/media\/3965630"}],"wp:attachment":[{"href":"https:\/\/streetmarkets.fr\/app\/wp-json\/wp\/v2\/media?parent=3965629"}],"wp:term":[{"taxonomy":"product_brand","embeddable":true,"href":"https:\/\/streetmarkets.fr\/app\/wp-json\/wp\/v2\/product_brand?post=3965629"},{"taxonomy":"product_cat","embeddable":true,"href":"https:\/\/streetmarkets.fr\/app\/wp-json\/wp\/v2\/product_cat?post=3965629"},{"taxonomy":"product_tag","embeddable":true,"href":"https:\/\/streetmarkets.fr\/app\/wp-json\/wp\/v2\/product_tag?post=3965629"}],"curies":[{"name":"wp","href":"https:\/\/api.w.org\/{rel}","templated":true}]}}