{"id":3960800,"date":"2026-04-16T02:01:59","date_gmt":"2026-04-16T00:01:59","guid":{"rendered":"https:\/\/streetmarkets.fr\/app\/produit\/snowpeak-w-r-stretch-trekking-pants-greige\/"},"modified":"2026-05-09T02:04:04","modified_gmt":"2026-05-09T00:04:04","slug":"snowpeak-w-r-stretch-trekking-pants-greige","status":"publish","type":"product","link":"https:\/\/streetmarkets.fr\/app\/produit\/snowpeak-w-r-stretch-trekking-pants-greige\/","title":{"rendered":"SNOWPEAK W R Stretch Trekking Pants Greige"},"content":{"rendered":"<p><strong>Cr\u00e9ateur :<\/strong> Snowpeak, Japan<\/p>\n<p><strong>R\u00e9alisation : <\/strong>Pantalon t<span class=\"Y2IQFc\" lang=\"fr\">issu d\u00e9perlant, coupe fusel\u00e9e avec ceinture ajustable pour un confort optimal<\/span><\/p>\n<p>100% Coton<\/p>\n<p><em><strong>Details : <\/strong><span class=\"Y2IQFc\" lang=\"en\">Water-repellent fabric trousers, tapered cut with adjustable waistband for optimal comfort<\/span><\/em><\/p>\n<p>&nbsp;<\/p>\n","protected":false},"excerpt":{"rendered":"<p>Cr\u00e9ateur : Snowpeak, Japan R\u00e9alisation : Pantalon tissu d\u00e9perlant, coupe fusel\u00e9e avec ceinture ajustable pour un confort optimal 100% Coton Details : Water-repellent fabric trousers, tapered cut with adjustable waistband for optimal comfort &nbsp;<\/p>\n","protected":false},"featured_media":3960801,"comment_status":"open","ping_status":"closed","template":"","meta":[],"product_brand":[],"product_cat":[],"product_tag":[],"acf":[],"_links":{"self":[{"href":"https:\/\/streetmarkets.fr\/app\/wp-json\/wp\/v2\/product\/3960800"}],"collection":[{"href":"https:\/\/streetmarkets.fr\/app\/wp-json\/wp\/v2\/product"}],"about":[{"href":"https:\/\/streetmarkets.fr\/app\/wp-json\/wp\/v2\/types\/product"}],"replies":[{"embeddable":true,"href":"https:\/\/streetmarkets.fr\/app\/wp-json\/wp\/v2\/comments?post=3960800"}],"wp:featuredmedia":[{"embeddable":true,"href":"https:\/\/streetmarkets.fr\/app\/wp-json\/wp\/v2\/media\/3960801"}],"wp:attachment":[{"href":"https:\/\/streetmarkets.fr\/app\/wp-json\/wp\/v2\/media?parent=3960800"}],"wp:term":[{"taxonomy":"product_brand","embeddable":true,"href":"https:\/\/streetmarkets.fr\/app\/wp-json\/wp\/v2\/product_brand?post=3960800"},{"taxonomy":"product_cat","embeddable":true,"href":"https:\/\/streetmarkets.fr\/app\/wp-json\/wp\/v2\/product_cat?post=3960800"},{"taxonomy":"product_tag","embeddable":true,"href":"https:\/\/streetmarkets.fr\/app\/wp-json\/wp\/v2\/product_tag?post=3960800"}],"curies":[{"name":"wp","href":"https:\/\/api.w.org\/{rel}","templated":true}]}}