{"id":3960793,"date":"2026-04-16T02:00:24","date_gmt":"2026-04-16T00:00:24","guid":{"rendered":"https:\/\/streetmarkets.fr\/app\/produit\/norse-projects-ole-fine-oversize-shirt-black\/"},"modified":"2026-05-11T02:01:50","modified_gmt":"2026-05-11T00:01:50","slug":"norse-projects-ole-fine-oversize-shirt-black","status":"publish","type":"product","link":"https:\/\/streetmarkets.fr\/app\/produit\/norse-projects-ole-fine-oversize-shirt-black\/","title":{"rendered":"NORSE PROJECTS OLE Fine oversize shirt Black"},"content":{"rendered":"<p><strong>Cr\u00e9ateur :<\/strong> Norse Projects, Danemark<\/p>\n<p><strong>R\u00e9alisation : <\/strong>Chemise ample, coupe ample, confectionn\u00e9e en popeline de coton ray\u00e9e \u00e0 haute teneur en fils. Elle pr\u00e9sente un pli creux au dos, un ourlet arrondi et des boutons en nacre.<\/p>\n<p>100 % coton, coupe oversize, boutons en nacre, tissu italien<\/p>\n<p dir=\"ltr\" data-placeholder=\"Traduction\"><em>Design : Loose-fitting, loose-fitting shirt crafted from high-thread-count striped cotton poplin. It features a box pleat at the back, a rounded hem, and mother-of-pearl buttons.<\/em><\/p>\n<p>&nbsp;<\/p>\n","protected":false},"excerpt":{"rendered":"<p>Cr\u00e9ateur : Norse Projects, Danemark R\u00e9alisation : Chemise ample, coupe ample, confectionn\u00e9e en popeline de coton ray\u00e9e \u00e0 haute teneur en fils. Elle pr\u00e9sente un pli creux au dos, un ourlet arrondi et des boutons en nacre. 100 % coton, coupe oversize, boutons en nacre, tissu italien Design : Loose-fitting, loose-fitting shirt crafted from high-thread-count [&hellip;]<\/p>\n","protected":false},"featured_media":3960794,"comment_status":"open","ping_status":"closed","template":"","meta":[],"product_brand":[],"product_cat":[],"product_tag":[],"acf":[],"_links":{"self":[{"href":"https:\/\/streetmarkets.fr\/app\/wp-json\/wp\/v2\/product\/3960793"}],"collection":[{"href":"https:\/\/streetmarkets.fr\/app\/wp-json\/wp\/v2\/product"}],"about":[{"href":"https:\/\/streetmarkets.fr\/app\/wp-json\/wp\/v2\/types\/product"}],"replies":[{"embeddable":true,"href":"https:\/\/streetmarkets.fr\/app\/wp-json\/wp\/v2\/comments?post=3960793"}],"wp:featuredmedia":[{"embeddable":true,"href":"https:\/\/streetmarkets.fr\/app\/wp-json\/wp\/v2\/media\/3960794"}],"wp:attachment":[{"href":"https:\/\/streetmarkets.fr\/app\/wp-json\/wp\/v2\/media?parent=3960793"}],"wp:term":[{"taxonomy":"product_brand","embeddable":true,"href":"https:\/\/streetmarkets.fr\/app\/wp-json\/wp\/v2\/product_brand?post=3960793"},{"taxonomy":"product_cat","embeddable":true,"href":"https:\/\/streetmarkets.fr\/app\/wp-json\/wp\/v2\/product_cat?post=3960793"},{"taxonomy":"product_tag","embeddable":true,"href":"https:\/\/streetmarkets.fr\/app\/wp-json\/wp\/v2\/product_tag?post=3960793"}],"curies":[{"name":"wp","href":"https:\/\/api.w.org\/{rel}","templated":true}]}}